{"id":11107,"date":"2019-11-21T10:22:17","date_gmt":"2019-11-21T10:22:17","guid":{"rendered":"http:\/\/www.articulosdeseguridad.com.co\/?post_type=product&#038;p=11107"},"modified":"2025-04-12T04:45:04","modified_gmt":"2025-04-12T09:45:04","slug":"guante-microflex-93-260-ansell","status":"publish","type":"product","link":"https:\/\/www.articulosdeseguridad.com.co\/index.php\/product\/guante-microflex-93-260-ansell\/","title":{"rendered":"Guante Microflex 93-260 Ansell"},"content":{"rendered":"<p>&nbsp;<\/p>\n<p><img fetchpriority=\"high\" decoding=\"async\" class=\"size-medium wp-image-11109 alignleft\" src=\"http:\/\/www.articulosdeseguridad.com.co\/wp-content\/uploads\/2019\/11\/93-260-ansellW1-300x275.jpg\" alt=\"\" width=\"300\" height=\"275\" srcset=\"https:\/\/www.articulosdeseguridad.com.co\/wp-content\/uploads\/2019\/11\/93-260-ansellW1-300x275.jpg 300w, https:\/\/www.articulosdeseguridad.com.co\/wp-content\/uploads\/2019\/11\/93-260-ansellW1-600x550.jpg 600w, https:\/\/www.articulosdeseguridad.com.co\/wp-content\/uploads\/2019\/11\/93-260-ansellW1.jpg 720w\" sizes=\"(max-width: 300px) 100vw, 300px\" \/><\/p>\n<h1>Guante Microflex 93-260 Ansell<\/h1>\n<p>El Guante Microflex 93-260 Ansell son libres de silicona para prevenir defectos en las superficies, cuando los usuarios manejen objetos y equipo con acabados de pintura y otros revestimientos.\u00a0 Los mismos poseen un bajo nivel aceptable de 0.65 AQL para reducir el riesgo a las exposiciones debido a defectos de orificios peque\u00f1os.<\/p>\n<p>Los guantes MICROFLEX 93-260 tambi\u00e9n poseen un pu\u00f1o extendido para mayor protecci\u00f3n sobre la mu\u00f1eca y el antebrazo.<\/p>\n<div class=\"field__item\">\n<div class=\"views-element-container\">\n<div class=\"view view-product-field view-id-product_field view-display-id-block_2 js-view-dom-id-fc4d18b686ae7f43d43b321ca9e70f5ecac244e430b788edc3bc447bd73d0f6f\">\n<div class=\"view-content\">\n<div class=\"views-row\">\n<div class=\"views-field views-field-field-ideal-applications\">\n<div class=\"field-content\">\n<div class=\"item-list\"><\/div>\n<\/div>\n<\/div>\n<\/div>\n<\/div>\n<\/div>\n<\/div>\n<\/div>\n","protected":false},"excerpt":{"rendered":"<div class=\"field__item\">\n<ul>\n<li>Dise\u00f1o de tres capas para lograr una protecci\u00f3n superior contra sustancias qu\u00edmicas peligrosas y \u00e1cidos, disolventes y bases<\/li>\n<li>Fina estructura que ofrece una sensibilidad t\u00e1ctil y una destreza mejoradas<\/li>\n<li>Material extra suave y dise\u00f1o ergon\u00f3mico, para lograr grandes propiedades de ajuste, sensibilidad t\u00e1ctil y flexibilidad durante m\u00e1s tiempo<\/li>\n<li>Tasa aceptable de microagujeros m\u00e1s baja (AQL 0,65) y pu\u00f1o m\u00e1s largo para una protecci\u00f3n fiable contra sustancias peligrosas<\/li>\n<li>Formulaci\u00f3n y tratamiento sin silicona para una mejor protecci\u00f3n de los productos<\/li>\n<\/ul>\n<p>Ficha t\u00e9cnica<\/p>\n<p><a href=\"https:\/\/www.articulosdeseguridad.com.co\/wp-content\/uploads\/2019\/11\/Microflex-93-260_es_tds-1.pdf\" target=\"_blank\" rel=\"noopener\">Microflex-93-260_es_tds<\/a><\/p>\n<\/div>\n","protected":false},"featured_media":11111,"comment_status":"open","ping_status":"closed","template":"","meta":{"_acf_changed":false},"product_brand":[],"product_cat":[100,89],"product_tag":[482,484,444,483],"class_list":{"0":"post-11107","1":"product","2":"type-product","3":"status-publish","4":"has-post-thumbnail","6":"product_cat-uso-unico","7":"product_cat-proteccion-manual","8":"product_tag-ansell-93-260","9":"product_tag-guante-ansell-93-260","10":"product_tag-guante-quimico","11":"product_tag-microflex-93-260","13":"first","14":"instock","15":"taxable","16":"shipping-taxable","17":"purchasable","18":"product-type-variable"},"acf":[],"aioseo_notices":[],"_links":{"self":[{"href":"https:\/\/www.articulosdeseguridad.com.co\/index.php\/wp-json\/wp\/v2\/product\/11107","targetHints":{"allow":["GET"]}}],"collection":[{"href":"https:\/\/www.articulosdeseguridad.com.co\/index.php\/wp-json\/wp\/v2\/product"}],"about":[{"href":"https:\/\/www.articulosdeseguridad.com.co\/index.php\/wp-json\/wp\/v2\/types\/product"}],"replies":[{"embeddable":true,"href":"https:\/\/www.articulosdeseguridad.com.co\/index.php\/wp-json\/wp\/v2\/comments?post=11107"}],"wp:featuredmedia":[{"embeddable":true,"href":"https:\/\/www.articulosdeseguridad.com.co\/index.php\/wp-json\/wp\/v2\/media\/11111"}],"wp:attachment":[{"href":"https:\/\/www.articulosdeseguridad.com.co\/index.php\/wp-json\/wp\/v2\/media?parent=11107"}],"wp:term":[{"taxonomy":"product_brand","embeddable":true,"href":"https:\/\/www.articulosdeseguridad.com.co\/index.php\/wp-json\/wp\/v2\/product_brand?post=11107"},{"taxonomy":"product_cat","embeddable":true,"href":"https:\/\/www.articulosdeseguridad.com.co\/index.php\/wp-json\/wp\/v2\/product_cat?post=11107"},{"taxonomy":"product_tag","embeddable":true,"href":"https:\/\/www.articulosdeseguridad.com.co\/index.php\/wp-json\/wp\/v2\/product_tag?post=11107"}],"curies":[{"name":"wp","href":"https:\/\/api.w.org\/{rel}","templated":true}]}}