{"id":11980,"date":"2019-12-11T22:50:01","date_gmt":"2019-12-11T22:50:01","guid":{"rendered":"http:\/\/www.articulosdeseguridad.com.co\/?post_type=product&#038;p=11980"},"modified":"2023-04-03T10:35:51","modified_gmt":"2023-04-03T15:35:51","slug":"traje-de-bombero-estructural-fb30","status":"publish","type":"product","link":"https:\/\/www.articulosdeseguridad.com.co\/index.php\/product\/traje-de-bombero-estructural-fb30\/","title":{"rendered":"Traje de Bombero Estructural FB30"},"content":{"rendered":"<p>&nbsp;<\/p>\n<p><img fetchpriority=\"high\" decoding=\"async\" class=\"size-medium wp-image-12402 alignleft\" src=\"http:\/\/www.articulosdeseguridad.com.co\/wp-content\/uploads\/2019\/12\/Portwest-FB30-traje-Bombero3-300x275.jpg\" alt=\"\" width=\"300\" height=\"275\" srcset=\"https:\/\/www.articulosdeseguridad.com.co\/wp-content\/uploads\/2019\/12\/Portwest-FB30-traje-Bombero3-300x275.jpg 300w, https:\/\/www.articulosdeseguridad.com.co\/wp-content\/uploads\/2019\/12\/Portwest-FB30-traje-Bombero3-600x550.jpg 600w, https:\/\/www.articulosdeseguridad.com.co\/wp-content\/uploads\/2019\/12\/Portwest-FB30-traje-Bombero3.jpg 720w\" sizes=\"(max-width: 300px) 100vw, 300px\" \/><\/p>\n<h1>Traje de Bombero Estructural FB30<\/h1>\n<p>El chaquet\u00f3n FB30 est\u00e1 construido usando un tejido exterior Nomex\u00ae\/Lenzing\u00ae Viscosa ign\u00edfuga de altas prestaciones. Sus caracter\u00edsticas incluyen cremallera frontal de lat\u00f3n de zafado r\u00e1pido, bolsillos frontales inferiores con corchetes de presi\u00f3n para los guantes y pu\u00f1os tricotados con aros para los pulgares para mantener las mangas en su sitio. Barrera t\u00e9rmica de estanqueidad: Tejido punto ign\u00edfugo con membrana de PU 85g Capa t\u00e9rmica: Tejido no tejido ign\u00edfugo Capa t\u00e9rmica interior: Tejido ign\u00edfugo aramida viscosa 260g<\/p>\n<p>Recomendaciones de lavado:<\/p>\n<p>Abrochar todos los cierres antes de lavar. Lavar a m\u00e1quina utilizando detergente l\u00edquido. Secar tendiendo fuera de la luz solar directa. No planchar la cinta reflectante. El secado en tambor es necesario para activar el tratamiento fluorocarbonado.<\/p>\n<p>El pantal\u00f3n FB31 Dise\u00f1ado para proteger la parte inferior del cuerpo, el cubre-pantal\u00f3n Solar FB31 est\u00e1 confeccionado usando el tejido de altas prestaciones Nomex\u00ae\/Lenzing\u00ae Viscosa ign\u00edfuga. El dise\u00f1o ofrece una alta libertad de movimientos. Sus caracter\u00edsticas incluyen tiro de corte bajo, tirantes no desmontables, laterales de cintura el\u00e1sticos y bragueta frontal.<\/p>\n<p>&nbsp;<\/p>\n","protected":false},"excerpt":{"rendered":"<p>&nbsp;<\/p>\n<ul class=\"features-text\">\n<li>CE-CAT III<\/li>\n<li>Banda anti-absorci\u00f3n de agua en el borde<\/li>\n<li>Cinta resistente a la llama para coser, apta para lavado industrial<\/li>\n<li>Certificado CE<\/li>\n<\/ul>\n<p>Ficha T\u00e9cnica<\/p>\n<p><a href=\"https:\/\/www.articulosdeseguridad.com.co\/wp-content\/uploads\/2019\/12\/Traje-Bomberil-FB30-Chaqueton.pdf\" target=\"_blank\" rel=\"noopener noreferrer\">Traje Bomberil FB30 &#8211; Chaqueton<\/a><\/p>\n<p><a href=\"https:\/\/www.articulosdeseguridad.com.co\/wp-content\/uploads\/2019\/12\/Traje-Bomberil-FB31-Chaqueton.pdf\" target=\"_blank\" rel=\"noopener noreferrer\">Traje Bomberil FB31 &#8211; Chaqueton<\/a><\/p>\n","protected":false},"featured_media":12402,"comment_status":"open","ping_status":"closed","template":"","meta":{"_acf_changed":false},"product_brand":[],"product_cat":[107,165,164],"product_tag":[506,507,503,505,504],"class_list":{"0":"post-11980","1":"product","2":"type-product","3":"status-publish","4":"has-post-thumbnail","6":"product_cat-proteccion-corporal","7":"product_cat-trajes-estructurales-bomberiles","8":"product_cat-trajes-ignifugos","9":"product_tag-chaqueta-bomberil","10":"product_tag-pantalon-bomeril","11":"product_tag-traje-bomberil","12":"product_tag-traje-estructural","13":"product_tag-traje-para-bomberos","15":"first","16":"onbackorder","17":"taxable","18":"shipping-taxable","19":"product-type-simple"},"acf":[],"aioseo_notices":[],"_links":{"self":[{"href":"https:\/\/www.articulosdeseguridad.com.co\/index.php\/wp-json\/wp\/v2\/product\/11980","targetHints":{"allow":["GET"]}}],"collection":[{"href":"https:\/\/www.articulosdeseguridad.com.co\/index.php\/wp-json\/wp\/v2\/product"}],"about":[{"href":"https:\/\/www.articulosdeseguridad.com.co\/index.php\/wp-json\/wp\/v2\/types\/product"}],"replies":[{"embeddable":true,"href":"https:\/\/www.articulosdeseguridad.com.co\/index.php\/wp-json\/wp\/v2\/comments?post=11980"}],"wp:featuredmedia":[{"embeddable":true,"href":"https:\/\/www.articulosdeseguridad.com.co\/index.php\/wp-json\/wp\/v2\/media\/12402"}],"wp:attachment":[{"href":"https:\/\/www.articulosdeseguridad.com.co\/index.php\/wp-json\/wp\/v2\/media?parent=11980"}],"wp:term":[{"taxonomy":"product_brand","embeddable":true,"href":"https:\/\/www.articulosdeseguridad.com.co\/index.php\/wp-json\/wp\/v2\/product_brand?post=11980"},{"taxonomy":"product_cat","embeddable":true,"href":"https:\/\/www.articulosdeseguridad.com.co\/index.php\/wp-json\/wp\/v2\/product_cat?post=11980"},{"taxonomy":"product_tag","embeddable":true,"href":"https:\/\/www.articulosdeseguridad.com.co\/index.php\/wp-json\/wp\/v2\/product_tag?post=11980"}],"curies":[{"name":"wp","href":"https:\/\/api.w.org\/{rel}","templated":true}]}}