{"id":12838,"date":"2019-12-29T15:05:59","date_gmt":"2019-12-29T15:05:59","guid":{"rendered":"http:\/\/www.articulosdeseguridad.com.co\/?post_type=product&#038;p=12838"},"modified":"2026-03-21T13:04:23","modified_gmt":"2026-03-21T18:04:23","slug":"careta-para-arco-electrico-12-cal","status":"publish","type":"product","link":"https:\/\/www.articulosdeseguridad.com.co\/index.php\/product\/careta-para-arco-electrico-12-cal\/","title":{"rendered":"Careta Para Arco El\u00e9ctrico 12 CAL"},"content":{"rendered":"<p><img fetchpriority=\"high\" decoding=\"async\" class=\"wp-image-18778 size-medium alignleft\" src=\"https:\/\/www.articulosdeseguridad.com.co\/wp-content\/uploads\/2019\/12\/CARETA-ARCO-ELECTRICO-DELTA-PLUS-300x275.jpg\" alt=\"\" width=\"300\" height=\"275\" srcset=\"https:\/\/www.articulosdeseguridad.com.co\/wp-content\/uploads\/2019\/12\/CARETA-ARCO-ELECTRICO-DELTA-PLUS-300x275.jpg 300w, https:\/\/www.articulosdeseguridad.com.co\/wp-content\/uploads\/2019\/12\/CARETA-ARCO-ELECTRICO-DELTA-PLUS-600x550.jpg 600w, https:\/\/www.articulosdeseguridad.com.co\/wp-content\/uploads\/2019\/12\/CARETA-ARCO-ELECTRICO-DELTA-PLUS.jpg 720w\" sizes=\"(max-width: 300px) 100vw, 300px\" \/><\/p>\n<h2>Careta Para Arco El\u00e9ctrico 12 CAL<\/h2>\n<p>Careta de arco el\u00e9ctrico de 12 CAL marca Delta Plus. Visor de policarbonato inyectado, contra el arco el\u00e9ctrico y el riesgo t\u00e9rmico. Tono verde para una mejor transmisi\u00f3n de la luz.<\/p>\n<p>Cuenta con un adaptador universal ranurado para inserci\u00f3n a casco. El dise\u00f1o incluye un protector de ment\u00f3n fijo y un visor moldeado de color verde con recubrimiento antiempa\u00f1ante.<\/p>\n","protected":false},"excerpt":{"rendered":"<ul>\n<li>Careta Para Arco El\u00e9ctrico 12 CAL<\/li>\n<li>Visor en policarbonato 2 a 2,3 mm de espesor<\/li>\n<li>Dise\u00f1o con mentonera<\/li>\n<li>Tinte verde claro que logra el 55% de transmisi\u00f3n de la luz visible<\/li>\n<li>Resistente al arco el\u00e9ctrico<\/li>\n<li>Sin molestias para los movimientos del usuario<\/li>\n<li>Protecci\u00f3n curva del ment\u00f3n<\/li>\n<\/ul>\n<p>Ficha T\u00e9cnica<\/p>\n<p><a href=\"https:\/\/www.articulosdeseguridad.com.co\/wp-content\/uploads\/2019\/12\/FICHA-TECNICA-VISOR-ARCO-ELECTRICO.pdf\" target=\"_blank\" rel=\"noopener\">FICHA T\u00c9CNICA &#8211; VISOR ARCO EL\u00c9CTRICO<\/a><\/p>\n","protected":false},"featured_media":18281,"comment_status":"open","ping_status":"closed","template":"","meta":{"_acf_changed":false},"product_brand":[],"product_cat":[97],"product_tag":[527,526,744],"class_list":{"0":"post-12838","1":"product","2":"type-product","3":"status-publish","4":"has-post-thumbnail","6":"product_cat-proteccion-visual-facial","7":"product_tag-careta-arco-electrico","8":"product_tag-careta-para-arco-electrico","9":"product_tag-visor-careta-arco-electrico","11":"first","12":"instock","13":"taxable","14":"shipping-taxable","15":"purchasable","16":"product-type-simple"},"acf":[],"aioseo_notices":[],"_links":{"self":[{"href":"https:\/\/www.articulosdeseguridad.com.co\/index.php\/wp-json\/wp\/v2\/product\/12838","targetHints":{"allow":["GET"]}}],"collection":[{"href":"https:\/\/www.articulosdeseguridad.com.co\/index.php\/wp-json\/wp\/v2\/product"}],"about":[{"href":"https:\/\/www.articulosdeseguridad.com.co\/index.php\/wp-json\/wp\/v2\/types\/product"}],"replies":[{"embeddable":true,"href":"https:\/\/www.articulosdeseguridad.com.co\/index.php\/wp-json\/wp\/v2\/comments?post=12838"}],"wp:featuredmedia":[{"embeddable":true,"href":"https:\/\/www.articulosdeseguridad.com.co\/index.php\/wp-json\/wp\/v2\/media\/18281"}],"wp:attachment":[{"href":"https:\/\/www.articulosdeseguridad.com.co\/index.php\/wp-json\/wp\/v2\/media?parent=12838"}],"wp:term":[{"taxonomy":"product_brand","embeddable":true,"href":"https:\/\/www.articulosdeseguridad.com.co\/index.php\/wp-json\/wp\/v2\/product_brand?post=12838"},{"taxonomy":"product_cat","embeddable":true,"href":"https:\/\/www.articulosdeseguridad.com.co\/index.php\/wp-json\/wp\/v2\/product_cat?post=12838"},{"taxonomy":"product_tag","embeddable":true,"href":"https:\/\/www.articulosdeseguridad.com.co\/index.php\/wp-json\/wp\/v2\/product_tag?post=12838"}],"curies":[{"name":"wp","href":"https:\/\/api.w.org\/{rel}","templated":true}]}}