{"id":15252,"date":"2020-02-16T11:15:36","date_gmt":"2020-02-16T11:15:36","guid":{"rendered":"http:\/\/www.articulosdeseguridad.com.co\/?post_type=product&#038;p=15252"},"modified":"2025-09-19T11:50:30","modified_gmt":"2025-09-19T16:50:30","slug":"chaqueta-de-trabajo-easyview","status":"publish","type":"product","link":"https:\/\/www.articulosdeseguridad.com.co\/index.php\/product\/chaqueta-de-trabajo-easyview\/","title":{"rendered":"Chaqueta Alta Visibilidad EASYVIEW"},"content":{"rendered":"<p><img fetchpriority=\"high\" decoding=\"async\" class=\"size-medium wp-image-18715 alignleft\" src=\"https:\/\/www.articulosdeseguridad.com.co\/wp-content\/uploads\/2020\/02\/easyview-chaqueta-300x275.jpg\" alt=\"\" width=\"300\" height=\"275\" srcset=\"https:\/\/www.articulosdeseguridad.com.co\/wp-content\/uploads\/2020\/02\/easyview-chaqueta-300x275.jpg 300w, https:\/\/www.articulosdeseguridad.com.co\/wp-content\/uploads\/2020\/02\/easyview-chaqueta-600x550.jpg 600w, https:\/\/www.articulosdeseguridad.com.co\/wp-content\/uploads\/2020\/02\/easyview-chaqueta.jpg 720w\" sizes=\"(max-width: 300px) 100vw, 300px\" \/><\/p>\n<h1>Chaqueta Alta Visibilidad EASYVIEW<\/h1>\n<p>Chaqueta Alta Visibilidad EASYVIEW de corte moderno con sus suaves l\u00edneas e ingeniosos paneles de dos colores. El tejido Premium de Tejido poli\u00e9ster Oxford impregnado de poliuretano proporciona duraci\u00f3n y el mayor confort al usuario. Lleno de interesantes detalles que incluyen cremalleras, codos pre-formados detalles de l\u00edneas reflectantes y m\u00faltiples bolsillos. Los pu\u00f1os con ajuste por cierre autoadherente y los laterales el\u00e1sticos aseguran su c\u00f3moda hechura.<\/p>\n<p>Chaqueta de alta visibilidad con reflectivos.<\/p>\n<p>&nbsp;<\/p>\n","protected":false},"excerpt":{"rendered":"<ul>\n<li>Puntadas con color en contraste<\/li>\n<li>Tejido clasificado UPF 50+ que bloquea el 98% de los rayos UV<\/li>\n<li>Pu\u00f1os ajustables con cierre autoadherente para un firme ajuste<\/li>\n<li>Adorno reflectante para mayor visibilidad<\/li>\n<li>F\u00e1cil abertura frontal por cremallera<\/li>\n<li>Cintura con laterales el\u00e1sticos, para el mayor confort del usuario<\/li>\n<li>3 Bolsillos para mayor capacidad<\/li>\n<li>Duradero tejido de Poli\u00e9ster\/Algod\u00f3n para altas prestaciones y m\u00e1ximo confort del usuario<\/li>\n<li>La cremallera Ezee favorece un r\u00e1pido y f\u00e1cil enganche lo que la hace ideal tanto para usuarios diestros como zurdos.<\/li>\n<li>*Dise\u00f1o registrado en la Comunidad Europea<\/li>\n<li>\n<div class=\"std_titles\">Tejido de la cubierta : 65% Poli\u00e9ster, 35% Algod\u00f3n 300g<\/div>\n<\/li>\n<\/ul>\n<p>Ficha T\u00e9cnica<\/p>\n<p><a href=\"https:\/\/www.articulosdeseguridad.com.co\/wp-content\/uploads\/2020\/02\/DELTA-PRODUCT-EASYVIEW.pdf\" target=\"_blank\" rel=\"noopener\">DELTA-PRODUCT- EASYVIEW<\/a><\/p>\n<p>&nbsp;<\/p>\n","protected":false},"featured_media":18717,"comment_status":"open","ping_status":"closed","template":"","meta":{"_acf_changed":false},"product_brand":[],"product_cat":[562,107],"product_tag":[582,584,583],"class_list":{"0":"post-15252","1":"product","2":"type-product","3":"status-publish","4":"has-post-thumbnail","6":"product_cat-ropa-alta-visibilidad","7":"product_cat-proteccion-corporal","8":"product_tag-chaqueta-de-trabajo","9":"product_tag-chaqueta-portwest","10":"product_tag-chaqueta-pw3","12":"first","13":"instock","14":"taxable","15":"shipping-taxable","16":"purchasable","17":"product-type-variable","18":"has-default-attributes"},"acf":[],"aioseo_notices":[],"_links":{"self":[{"href":"https:\/\/www.articulosdeseguridad.com.co\/index.php\/wp-json\/wp\/v2\/product\/15252","targetHints":{"allow":["GET"]}}],"collection":[{"href":"https:\/\/www.articulosdeseguridad.com.co\/index.php\/wp-json\/wp\/v2\/product"}],"about":[{"href":"https:\/\/www.articulosdeseguridad.com.co\/index.php\/wp-json\/wp\/v2\/types\/product"}],"replies":[{"embeddable":true,"href":"https:\/\/www.articulosdeseguridad.com.co\/index.php\/wp-json\/wp\/v2\/comments?post=15252"}],"wp:featuredmedia":[{"embeddable":true,"href":"https:\/\/www.articulosdeseguridad.com.co\/index.php\/wp-json\/wp\/v2\/media\/18717"}],"wp:attachment":[{"href":"https:\/\/www.articulosdeseguridad.com.co\/index.php\/wp-json\/wp\/v2\/media?parent=15252"}],"wp:term":[{"taxonomy":"product_brand","embeddable":true,"href":"https:\/\/www.articulosdeseguridad.com.co\/index.php\/wp-json\/wp\/v2\/product_brand?post=15252"},{"taxonomy":"product_cat","embeddable":true,"href":"https:\/\/www.articulosdeseguridad.com.co\/index.php\/wp-json\/wp\/v2\/product_cat?post=15252"},{"taxonomy":"product_tag","embeddable":true,"href":"https:\/\/www.articulosdeseguridad.com.co\/index.php\/wp-json\/wp\/v2\/product_tag?post=15252"}],"curies":[{"name":"wp","href":"https:\/\/api.w.org\/{rel}","templated":true}]}}