{"id":15637,"date":"2020-10-27T00:59:23","date_gmt":"2020-10-27T00:59:23","guid":{"rendered":"http:\/\/www.articulosdeseguridad.com.co\/?post_type=product&#038;p=15637"},"modified":"2025-04-10T05:37:21","modified_gmt":"2025-04-10T10:37:21","slug":"traje-para-arco-electrico-40-calorias","status":"publish","type":"product","link":"https:\/\/www.articulosdeseguridad.com.co\/index.php\/product\/traje-para-arco-electrico-40-calorias\/","title":{"rendered":"Traje Para Arco Electrico 40 Calorias"},"content":{"rendered":"<p>&nbsp;<\/p>\n<p><img fetchpriority=\"high\" decoding=\"async\" class=\"size-medium wp-image-17168 alignleft\" src=\"https:\/\/www.articulosdeseguridad.com.co\/wp-content\/uploads\/2020\/10\/Escafandra-traje-arco-electrico-lakeland-300x275.jpg\" alt=\"\" width=\"300\" height=\"275\" srcset=\"https:\/\/www.articulosdeseguridad.com.co\/wp-content\/uploads\/2020\/10\/Escafandra-traje-arco-electrico-lakeland-300x275.jpg 300w, https:\/\/www.articulosdeseguridad.com.co\/wp-content\/uploads\/2020\/10\/Escafandra-traje-arco-electrico-lakeland-600x550.jpg 600w, https:\/\/www.articulosdeseguridad.com.co\/wp-content\/uploads\/2020\/10\/Escafandra-traje-arco-electrico-lakeland.jpg 720w\" sizes=\"(max-width: 300px) 100vw, 300px\" \/><\/p>\n<h2>Traje Para Arco Electrico 40 Calorias<\/h2>\n<p>El Traje Para Arco Electrico 40 Calorias est\u00e1 construido con 3 capas de Tencate Tecasafe\u00ae de 240 gsm, tejido TSP a base de celulosa de Lakeland con propiedades de resistencia a las llamas. Alto ATPV: 40cal\/m2. El alto nivel de permeabilidad al aire y el uso de celulosa se traducen en una alta capacidad de absorci\u00f3n de la humedad para mayor comodidad. Pantal\u00f3n con pechera y tirantes, provisto de bolsillos de f\u00e1cil acceso. Cumple con las normas EN 61482-1-2 (Clase 2) y EN 61482-1-1.<\/p>\n","protected":false},"excerpt":{"rendered":"<ul>\n<li>Traje resistente a la flama ATPV: 43cal\/m2<\/li>\n<li>Capucha protector facial<\/li>\n<li>Pantal\u00f3n con pechera y tirantes<\/li>\n<li>Cubre guantes ign\u00edfugos<\/li>\n<li>Cubre botas ign\u00edfugos<\/li>\n<li>Malet\u00edn porta equipo<\/li>\n<\/ul>\n<p>Ficha T\u00e9cnica<\/p>\n<p>&nbsp;<\/p>\n","protected":false},"featured_media":17171,"comment_status":"open","ping_status":"closed","template":"","meta":{"_acf_changed":false},"product_brand":[],"product_cat":[107,164],"product_tag":[665,775],"class_list":{"0":"post-15637","1":"product","2":"type-product","3":"status-publish","4":"has-post-thumbnail","6":"product_cat-proteccion-corporal","7":"product_cat-trajes-ignifugos","8":"product_tag-traje-arco-electrico","9":"product_tag-traje-para-arco-electrico-40-calorias","11":"first","12":"onbackorder","13":"taxable","14":"shipping-taxable","15":"product-type-simple"},"acf":[],"aioseo_notices":[],"_links":{"self":[{"href":"https:\/\/www.articulosdeseguridad.com.co\/index.php\/wp-json\/wp\/v2\/product\/15637","targetHints":{"allow":["GET"]}}],"collection":[{"href":"https:\/\/www.articulosdeseguridad.com.co\/index.php\/wp-json\/wp\/v2\/product"}],"about":[{"href":"https:\/\/www.articulosdeseguridad.com.co\/index.php\/wp-json\/wp\/v2\/types\/product"}],"replies":[{"embeddable":true,"href":"https:\/\/www.articulosdeseguridad.com.co\/index.php\/wp-json\/wp\/v2\/comments?post=15637"}],"wp:featuredmedia":[{"embeddable":true,"href":"https:\/\/www.articulosdeseguridad.com.co\/index.php\/wp-json\/wp\/v2\/media\/17171"}],"wp:attachment":[{"href":"https:\/\/www.articulosdeseguridad.com.co\/index.php\/wp-json\/wp\/v2\/media?parent=15637"}],"wp:term":[{"taxonomy":"product_brand","embeddable":true,"href":"https:\/\/www.articulosdeseguridad.com.co\/index.php\/wp-json\/wp\/v2\/product_brand?post=15637"},{"taxonomy":"product_cat","embeddable":true,"href":"https:\/\/www.articulosdeseguridad.com.co\/index.php\/wp-json\/wp\/v2\/product_cat?post=15637"},{"taxonomy":"product_tag","embeddable":true,"href":"https:\/\/www.articulosdeseguridad.com.co\/index.php\/wp-json\/wp\/v2\/product_tag?post=15637"}],"curies":[{"name":"wp","href":"https:\/\/api.w.org\/{rel}","templated":true}]}}