{"id":16471,"date":"2020-03-12T03:13:54","date_gmt":"2020-03-12T03:13:54","guid":{"rendered":"http:\/\/www.articulosdeseguridad.com.co\/?post_type=product&#038;p=16471"},"modified":"2023-03-02T18:45:32","modified_gmt":"2023-03-02T23:45:32","slug":"guante-mosquetero-pvc-azul","status":"publish","type":"product","link":"https:\/\/www.articulosdeseguridad.com.co\/index.php\/product\/guante-mosquetero-pvc-azul\/","title":{"rendered":"Guante Mosquetero PVC Azul"},"content":{"rendered":"<p>&nbsp;<\/p>\n<p><img fetchpriority=\"high\" decoding=\"async\" class=\"size-medium wp-image-16477 alignleft\" src=\"http:\/\/www.articulosdeseguridad.com.co\/wp-content\/uploads\/2020\/03\/Guante-PVC-Mosquetero-Azul-2-300x275.png\" alt=\"\" width=\"300\" height=\"275\" srcset=\"https:\/\/www.articulosdeseguridad.com.co\/wp-content\/uploads\/2020\/03\/Guante-PVC-Mosquetero-Azul-2-300x275.png 300w, https:\/\/www.articulosdeseguridad.com.co\/wp-content\/uploads\/2020\/03\/Guante-PVC-Mosquetero-Azul-2-600x550.png 600w, https:\/\/www.articulosdeseguridad.com.co\/wp-content\/uploads\/2020\/03\/Guante-PVC-Mosquetero-Azul-2.png 720w\" sizes=\"(max-width: 300px) 100vw, 300px\" \/><\/p>\n<p>&nbsp;<\/p>\n<h3>Guante Mosquetero PVC Azul<\/h3>\n<p>Guante de pvc largo tipo mosquetero de 60 cm. Manga con terminado el\u00e1stico para mejor sujeci\u00f3n. Palma de guante con acabado rugoso que mejora el agarre. Especialmente dise\u00f1ado para labores de limpieza y lavado.<\/p>\n","protected":false},"excerpt":{"rendered":"<ul>\n<li>Pu\u00f1o extralargo con el\u00e1stico.<\/li>\n<li>Semicorrugado para un agarre extra en condiciones aceitosas y grasientas.<\/li>\n<li>\n<div align=\"justify\">Buena resistencia a una amplia gama de productos qu\u00edmicos y algunos solventes.<\/div>\n<\/li>\n<li>Largo: 23.62\u201d (60cm)<\/li>\n<li>Composici\u00f3n: 100% PVC \u2022 Forro: 100% Algod\u00f3n.<\/li>\n<\/ul>\n<p>Ficha T\u00e9cnica<\/p>\n<p><a href=\"https:\/\/www.articulosdeseguridad.com.co\/wp-content\/uploads\/2020\/03\/DELTA-PRODUCT-VE766.pdf\" target=\"_blank\" rel=\"noopener\">DELTA-PRODUCT- VE766<\/a><\/p>\n","protected":false},"featured_media":16476,"comment_status":"open","ping_status":"closed","template":"","meta":{"_acf_changed":false},"product_brand":[],"product_cat":[89,91,144],"product_tag":[598,599,600,603,602,601],"class_list":{"0":"post-16471","1":"product","2":"type-product","3":"status-publish","4":"has-post-thumbnail","6":"product_cat-proteccion-manual","7":"product_cat-proteccion-mecanica","8":"product_cat-proteccion-quimica-proteccion-manual","9":"product_tag-ansell-14-666","10":"product_tag-guante-mosquetero-pvc-azul-largo","11":"product_tag-guante-pvc-azul-largo","12":"product_tag-guante-zubiola-11981616","13":"product_tag-guante-zubiola-11981617","14":"product_tag-guante-zubiola-blue-long","16":"first","17":"instock","18":"taxable","19":"shipping-taxable","20":"purchasable","21":"product-type-variable"},"acf":[],"aioseo_notices":[],"_links":{"self":[{"href":"https:\/\/www.articulosdeseguridad.com.co\/index.php\/wp-json\/wp\/v2\/product\/16471","targetHints":{"allow":["GET"]}}],"collection":[{"href":"https:\/\/www.articulosdeseguridad.com.co\/index.php\/wp-json\/wp\/v2\/product"}],"about":[{"href":"https:\/\/www.articulosdeseguridad.com.co\/index.php\/wp-json\/wp\/v2\/types\/product"}],"replies":[{"embeddable":true,"href":"https:\/\/www.articulosdeseguridad.com.co\/index.php\/wp-json\/wp\/v2\/comments?post=16471"}],"wp:featuredmedia":[{"embeddable":true,"href":"https:\/\/www.articulosdeseguridad.com.co\/index.php\/wp-json\/wp\/v2\/media\/16476"}],"wp:attachment":[{"href":"https:\/\/www.articulosdeseguridad.com.co\/index.php\/wp-json\/wp\/v2\/media?parent=16471"}],"wp:term":[{"taxonomy":"product_brand","embeddable":true,"href":"https:\/\/www.articulosdeseguridad.com.co\/index.php\/wp-json\/wp\/v2\/product_brand?post=16471"},{"taxonomy":"product_cat","embeddable":true,"href":"https:\/\/www.articulosdeseguridad.com.co\/index.php\/wp-json\/wp\/v2\/product_cat?post=16471"},{"taxonomy":"product_tag","embeddable":true,"href":"https:\/\/www.articulosdeseguridad.com.co\/index.php\/wp-json\/wp\/v2\/product_tag?post=16471"}],"curies":[{"name":"wp","href":"https:\/\/api.w.org\/{rel}","templated":true}]}}