{"id":16606,"date":"2020-04-18T06:53:05","date_gmt":"2020-04-18T06:53:05","guid":{"rendered":"https:\/\/www.articulosdeseguridad.com.co\/?post_type=product&#038;p=16606"},"modified":"2023-10-05T11:36:53","modified_gmt":"2023-10-05T16:36:53","slug":"careta-para-uso-medico","status":"publish","type":"product","link":"https:\/\/www.articulosdeseguridad.com.co\/index.php\/product\/careta-para-uso-medico\/","title":{"rendered":"Careta para uso m\u00e9dico"},"content":{"rendered":"<p>&nbsp;<\/p>\n<p><img fetchpriority=\"high\" decoding=\"async\" class=\"size-medium wp-image-16623 alignleft\" src=\"https:\/\/www.articulosdeseguridad.com.co\/wp-content\/uploads\/2020\/04\/Careta-uso-medico-300x275.jpg\" alt=\"\" width=\"300\" height=\"275\" srcset=\"https:\/\/www.articulosdeseguridad.com.co\/wp-content\/uploads\/2020\/04\/Careta-uso-medico-300x275.jpg 300w, https:\/\/www.articulosdeseguridad.com.co\/wp-content\/uploads\/2020\/04\/Careta-uso-medico-600x550.jpg 600w, https:\/\/www.articulosdeseguridad.com.co\/wp-content\/uploads\/2020\/04\/Careta-uso-medico.jpg 720w\" sizes=\"(max-width: 300px) 100vw, 300px\" \/><\/p>\n<h2>Careta para uso m\u00e9dico<\/h2>\n<p>Careta para uso m\u00e9dico y odontol\u00f3gico es un elemento fabricado para proteger el rostro de salpicaduras producidas en procesos de pulimento y en mec\u00e1nica dental. Su bajo peso, neutralidad \u00f3ptica y resistencia al impacto a bajas velocidades la hace ideal para uso m\u00e9dico y veterinario.<\/p>\n<p>Elaborado en pol\u00edmero de alta densidad, resistente al impacto y a la salpicadura de sustancias qu\u00edmicas, sostiene el visor en el cabezal para levantar o bajar la careta. Visor elaborado en PETG de 0,5 mm de espesor, permite ser ligero, flexible pero a su vez resistente a salpicadura de fluidos generados durante su uso. Color neutro (Transparente), \u00f3pticamente rectificado, con pel\u00edcula protectora en\u00a0ambas caras del visor, garantiza una visibilidad total y sin distorsi\u00f3n durante la\u00a0operaci\u00f3n.<\/p>\n","protected":false},"excerpt":{"rendered":"<ul>\n<li>Careta uso m\u00e9dico y odontol\u00f3gico<\/li>\n<li>Dise\u00f1o liviano ideal para largas jornadas de trabajo<\/li>\n<li>Color blanco que facilita la limpieza y desinfecci\u00f3n<\/li>\n<li>Ajuste r\u00e1pido<\/li>\n<li>Viso transparente en PETG<\/li>\n<li>Ideal para labores de en hospitales, cl\u00ednica, laboratorios.<\/li>\n<\/ul>\n<p>Ficha t\u00e9cnica<\/p>\n<p><a href=\"https:\/\/www.articulosdeseguridad.com.co\/wp-content\/uploads\/2020\/04\/Careta-Uso-M\u00e9dico.pdf\">Careta Uso M\u00e9dico<\/a><\/p>\n","protected":false},"featured_media":16634,"comment_status":"open","ping_status":"closed","template":"","meta":{"_acf_changed":false},"product_brand":[],"product_cat":[173,97],"product_tag":[610,270,611,612],"class_list":{"0":"post-16606","1":"product","2":"type-product","3":"status-publish","4":"has-post-thumbnail","6":"product_cat-careta-esmerilar","7":"product_cat-proteccion-visual-facial","8":"product_tag-careta-covid","9":"product_tag-careta-esmerilar","10":"product_tag-careta-uso-medico","11":"product_tag-careta-visor-claro","13":"first","14":"instock","15":"taxable","16":"shipping-taxable","17":"purchasable","18":"product-type-simple"},"acf":[],"aioseo_notices":[],"_links":{"self":[{"href":"https:\/\/www.articulosdeseguridad.com.co\/index.php\/wp-json\/wp\/v2\/product\/16606","targetHints":{"allow":["GET"]}}],"collection":[{"href":"https:\/\/www.articulosdeseguridad.com.co\/index.php\/wp-json\/wp\/v2\/product"}],"about":[{"href":"https:\/\/www.articulosdeseguridad.com.co\/index.php\/wp-json\/wp\/v2\/types\/product"}],"replies":[{"embeddable":true,"href":"https:\/\/www.articulosdeseguridad.com.co\/index.php\/wp-json\/wp\/v2\/comments?post=16606"}],"wp:featuredmedia":[{"embeddable":true,"href":"https:\/\/www.articulosdeseguridad.com.co\/index.php\/wp-json\/wp\/v2\/media\/16634"}],"wp:attachment":[{"href":"https:\/\/www.articulosdeseguridad.com.co\/index.php\/wp-json\/wp\/v2\/media?parent=16606"}],"wp:term":[{"taxonomy":"product_brand","embeddable":true,"href":"https:\/\/www.articulosdeseguridad.com.co\/index.php\/wp-json\/wp\/v2\/product_brand?post=16606"},{"taxonomy":"product_cat","embeddable":true,"href":"https:\/\/www.articulosdeseguridad.com.co\/index.php\/wp-json\/wp\/v2\/product_cat?post=16606"},{"taxonomy":"product_tag","embeddable":true,"href":"https:\/\/www.articulosdeseguridad.com.co\/index.php\/wp-json\/wp\/v2\/product_tag?post=16606"}],"curies":[{"name":"wp","href":"https:\/\/api.w.org\/{rel}","templated":true}]}}