{"id":16660,"date":"2020-05-02T18:32:00","date_gmt":"2020-05-02T18:32:00","guid":{"rendered":"https:\/\/www.articulosdeseguridad.com.co\/?post_type=product&#038;p=16660"},"modified":"2025-02-28T13:09:44","modified_gmt":"2025-02-28T18:09:44","slug":"filtro-para-particulas-2097-3m","status":"publish","type":"product","link":"https:\/\/www.articulosdeseguridad.com.co\/index.php\/product\/filtro-para-particulas-2097-3m\/","title":{"rendered":"Filtro para Part\u00edculas 2097 3M"},"content":{"rendered":"<p><img fetchpriority=\"high\" decoding=\"async\" class=\"size-medium wp-image-16662 alignleft\" src=\"https:\/\/www.articulosdeseguridad.com.co\/wp-content\/uploads\/2020\/05\/Filtro-2097-3m-300x275.png\" alt=\"\" width=\"300\" height=\"275\" srcset=\"https:\/\/www.articulosdeseguridad.com.co\/wp-content\/uploads\/2020\/05\/Filtro-2097-3m-300x275.png 300w, https:\/\/www.articulosdeseguridad.com.co\/wp-content\/uploads\/2020\/05\/Filtro-2097-3m-600x550.png 600w, https:\/\/www.articulosdeseguridad.com.co\/wp-content\/uploads\/2020\/05\/Filtro-2097-3m.png 720w\" sizes=\"(max-width: 300px) 100vw, 300px\" \/><\/p>\n<h2>Filtro para Part\u00edculas 2097 3M<\/h2>\n<p class=\"SNAPS--pdpTabDes\">El filtro para part\u00edculas 2097 3M, cuenta con NIOSH aprobado para ambientes que contengan determinadas aceite y las part\u00edculas sin aceite. 3M recomienda para el alivio contra vapores org\u00e1nicos y el nivel de molestia y de la protecci\u00f3n del ozono hasta PEL OSHA 10 veces.<\/p>\n<p>&nbsp;<\/p>\n","protected":false},"excerpt":{"rendered":"<ul class=\"MMM--pdpList SNAPS--bullets js--bnftsPdPList\">\n<li>Filtro para Part\u00edculas 2097 3M P100<\/li>\n<li>Filtro para Part\u00edculas 2097 3M filtro para part\u00edculas de alivio de vapor org\u00e1nico molestias<\/li>\n<li>Uso con respiradores reutilizables 3M<\/li>\n<\/ul>\n<p>Ficha t\u00e9cnica<\/p>\n<p><a href=\"https:\/\/www.articulosdeseguridad.com.co\/wp-content\/uploads\/2020\/05\/Ficha-t\u00e9cnica-l\u00ednea-2000.pdf\" target=\"_blank\" rel=\"noopener noreferrer\">Ficha t\u00e9cnica l\u00ednea 2000<\/a><\/p>\n","protected":false},"featured_media":16662,"comment_status":"closed","ping_status":"closed","template":"","meta":{"_acf_changed":false},"product_brand":[],"product_cat":[99,157,90],"product_tag":[757],"class_list":{"0":"post-16660","1":"product","2":"type-product","3":"status-publish","4":"has-post-thumbnail","6":"product_cat-filtros-cartuchos","7":"product_cat-material-particulado-proteccion-respiratoria","8":"product_cat-proteccion-respiratoria","9":"product_tag-filtro-para-particulas-2097-3m","11":"first","12":"instock","13":"taxable","14":"shipping-taxable","15":"purchasable","16":"product-type-simple"},"acf":[],"aioseo_notices":[],"_links":{"self":[{"href":"https:\/\/www.articulosdeseguridad.com.co\/index.php\/wp-json\/wp\/v2\/product\/16660","targetHints":{"allow":["GET"]}}],"collection":[{"href":"https:\/\/www.articulosdeseguridad.com.co\/index.php\/wp-json\/wp\/v2\/product"}],"about":[{"href":"https:\/\/www.articulosdeseguridad.com.co\/index.php\/wp-json\/wp\/v2\/types\/product"}],"replies":[{"embeddable":true,"href":"https:\/\/www.articulosdeseguridad.com.co\/index.php\/wp-json\/wp\/v2\/comments?post=16660"}],"wp:featuredmedia":[{"embeddable":true,"href":"https:\/\/www.articulosdeseguridad.com.co\/index.php\/wp-json\/wp\/v2\/media\/16662"}],"wp:attachment":[{"href":"https:\/\/www.articulosdeseguridad.com.co\/index.php\/wp-json\/wp\/v2\/media?parent=16660"}],"wp:term":[{"taxonomy":"product_brand","embeddable":true,"href":"https:\/\/www.articulosdeseguridad.com.co\/index.php\/wp-json\/wp\/v2\/product_brand?post=16660"},{"taxonomy":"product_cat","embeddable":true,"href":"https:\/\/www.articulosdeseguridad.com.co\/index.php\/wp-json\/wp\/v2\/product_cat?post=16660"},{"taxonomy":"product_tag","embeddable":true,"href":"https:\/\/www.articulosdeseguridad.com.co\/index.php\/wp-json\/wp\/v2\/product_tag?post=16660"}],"curies":[{"name":"wp","href":"https:\/\/api.w.org\/{rel}","templated":true}]}}