{"id":16714,"date":"2020-06-03T00:53:56","date_gmt":"2020-06-03T00:53:56","guid":{"rendered":"https:\/\/www.articulosdeseguridad.com.co\/?post_type=product&#038;p=16714"},"modified":"2020-06-10T09:56:40","modified_gmt":"2020-06-10T09:56:40","slug":"monogafa-de-seguridad-s345c-futura","status":"publish","type":"product","link":"https:\/\/www.articulosdeseguridad.com.co\/index.php\/product\/monogafa-de-seguridad-s345c-futura\/","title":{"rendered":"Monogafa de Seguridad S345C Futura"},"content":{"rendered":"<p><img fetchpriority=\"high\" decoding=\"async\" class=\"size-medium wp-image-16715 alignleft\" src=\"https:\/\/www.articulosdeseguridad.com.co\/wp-content\/uploads\/2020\/06\/UX_uvex-futura_uvex-300x275.jpg\" alt=\"\" width=\"300\" height=\"275\" srcset=\"https:\/\/www.articulosdeseguridad.com.co\/wp-content\/uploads\/2020\/06\/UX_uvex-futura_uvex-300x275.jpg 300w, https:\/\/www.articulosdeseguridad.com.co\/wp-content\/uploads\/2020\/06\/UX_uvex-futura_uvex-600x550.jpg 600w, https:\/\/www.articulosdeseguridad.com.co\/wp-content\/uploads\/2020\/06\/UX_uvex-futura_uvex.jpg 720w\" sizes=\"(max-width: 300px) 100vw, 300px\" \/><\/p>\n<p>&nbsp;<\/p>\n<p>Uvex Futura es una m\u00e1scara OTG con un dise\u00f1o envolvente que ofrece una excelente visi\u00f3n panor\u00e1mica. El protector de cejas helado reduce el deslumbramiento. El sistema de ventilaci\u00f3n indirecta, junto con el recubrimiento antivaho Uvextreme de alto rendimiento, minimiza el empa\u00f1amiento en entornos extremos.<\/p>\n<ul>\n<li>El estilo envolvente con protector de cejas esmerilado reduce el deslumbramiento<\/li>\n<li>El dise\u00f1o envolvente presenta una excelente visi\u00f3n panor\u00e1mica<\/li>\n<li>Se adapta a la mayor\u00eda de las gafas graduadas<\/li>\n<li>Ofrece protecci\u00f3n contra el polvo, la niebla, el impacto y las salpicaduras qu\u00edmicas.<\/li>\n<li>Ofrece protecci\u00f3n contra la radiaci\u00f3n infrarroja de soldadura.<\/li>\n<li>Certificado para cumplir con ANSI y probado por Honeywell para cumplir con los requisitos del est\u00e1ndar CSA Z94.3<\/li>\n<li>Probado por Honeywell para cumplir con los requisitos del est\u00e1ndar CSA Z94.3 ANSI Z87.1-2010<\/li>\n<\/ul>\n","protected":false},"excerpt":{"rendered":"<ul>\n<li>Disponible en recubrimiento de lente antivaho Uvextreme<\/li>\n<li>Se adapta a la mayor\u00eda de las gafas graduadas<\/li>\n<li>Disponible en tonos claros y de sombra para lentes de soldar<\/li>\n<li>Sistema econ\u00f3mico de reemplazo de lentes<\/li>\n<li>Estilo deportivo envolvente con protector de cejas esmerilado<\/li>\n<\/ul>\n<p>Ficha t\u00e9cnica<\/p>\n","protected":false},"featured_media":16715,"comment_status":"closed","ping_status":"closed","template":"","meta":{"_acf_changed":false},"product_brand":[],"product_cat":[187,97],"product_tag":[618,615,617,616],"class_list":{"0":"post-16714","1":"product","2":"type-product","3":"status-publish","4":"has-post-thumbnail","6":"product_cat-monogafas-seguridad","7":"product_cat-proteccion-visual-facial","8":"product_tag-monogafa","9":"product_tag-monogafa-de-seguridad","10":"product_tag-monogafa-futura","11":"product_tag-monogafa-uvex","13":"first","14":"instock","15":"purchasable","16":"product-type-simple"},"acf":[],"aioseo_notices":[],"_links":{"self":[{"href":"https:\/\/www.articulosdeseguridad.com.co\/index.php\/wp-json\/wp\/v2\/product\/16714","targetHints":{"allow":["GET"]}}],"collection":[{"href":"https:\/\/www.articulosdeseguridad.com.co\/index.php\/wp-json\/wp\/v2\/product"}],"about":[{"href":"https:\/\/www.articulosdeseguridad.com.co\/index.php\/wp-json\/wp\/v2\/types\/product"}],"replies":[{"embeddable":true,"href":"https:\/\/www.articulosdeseguridad.com.co\/index.php\/wp-json\/wp\/v2\/comments?post=16714"}],"wp:featuredmedia":[{"embeddable":true,"href":"https:\/\/www.articulosdeseguridad.com.co\/index.php\/wp-json\/wp\/v2\/media\/16715"}],"wp:attachment":[{"href":"https:\/\/www.articulosdeseguridad.com.co\/index.php\/wp-json\/wp\/v2\/media?parent=16714"}],"wp:term":[{"taxonomy":"product_brand","embeddable":true,"href":"https:\/\/www.articulosdeseguridad.com.co\/index.php\/wp-json\/wp\/v2\/product_brand?post=16714"},{"taxonomy":"product_cat","embeddable":true,"href":"https:\/\/www.articulosdeseguridad.com.co\/index.php\/wp-json\/wp\/v2\/product_cat?post=16714"},{"taxonomy":"product_tag","embeddable":true,"href":"https:\/\/www.articulosdeseguridad.com.co\/index.php\/wp-json\/wp\/v2\/product_tag?post=16714"}],"curies":[{"name":"wp","href":"https:\/\/api.w.org\/{rel}","templated":true}]}}