{"id":16729,"date":"2020-06-04T22:06:07","date_gmt":"2020-06-04T22:06:07","guid":{"rendered":"https:\/\/www.articulosdeseguridad.com.co\/?post_type=product&#038;p=16729"},"modified":"2020-06-05T01:11:22","modified_gmt":"2020-06-05T01:11:22","slug":"guante-nylon-nitrilo-a350","status":"publish","type":"product","link":"https:\/\/www.articulosdeseguridad.com.co\/index.php\/product\/guante-nylon-nitrilo-a350\/","title":{"rendered":"Guante Nylon Nitrilo A350"},"content":{"rendered":"<p><img fetchpriority=\"high\" decoding=\"async\" class=\"size-medium wp-image-16732 alignleft\" src=\"https:\/\/www.articulosdeseguridad.com.co\/wp-content\/uploads\/2020\/06\/Portwest-a350-2-300x275.png\" alt=\"\" width=\"300\" height=\"275\" srcset=\"https:\/\/www.articulosdeseguridad.com.co\/wp-content\/uploads\/2020\/06\/Portwest-a350-2-300x275.png 300w, https:\/\/www.articulosdeseguridad.com.co\/wp-content\/uploads\/2020\/06\/Portwest-a350-2-600x550.png 600w, https:\/\/www.articulosdeseguridad.com.co\/wp-content\/uploads\/2020\/06\/Portwest-a350-2.png 720w\" sizes=\"(max-width: 300px) 100vw, 300px\" \/><\/p>\n<p>&nbsp;<\/p>\n<p>ALTA DURABILIDAD<\/p>\n<p>Forro s\u00faper ligero, 15g, de Nylon y Elastane, cubierto con una suave espuma de Nitrilo y PU para el m\u00e1s elevado confort, dexteridad y sensibilidad. Protege contra aceites en situaciones h\u00famedas y c\u00e1lidas.<\/p>\n","protected":false},"excerpt":{"rendered":"<p>&nbsp;<\/p>\n<ul>\n<li>Certificado ANSI\/EN388<\/li>\n<li>Palma recubierta para dexteridad y aireaci\u00f3n mayores<\/li>\n<li>Cubierta de Nitrilo esponjoso para un excelente agarre en seco y en mojado<\/li>\n<li>M\u00e1ximo nivel EN Abrasi\u00f3n 4<\/li>\n<li>Punto galga 15, para m\u00e1s dexteridad<\/li>\n<li>Ligera y c\u00f3moda<\/li>\n<li>Bolsa expositora que ayuda a la presentaci\u00f3n para la venta en tienda<\/li>\n<li>Nivel A1 ANSI al corte<\/li>\n<\/ul>\n<p>Ficha t\u00e9cnica<\/p>\n<p><a href=\"https:\/\/www.articulosdeseguridad.com.co\/wp-content\/uploads\/2020\/06\/Ficha-T\u00e9cnica-A350.pdf\">Ficha T\u00e9cnica A350<\/a><\/p>\n<p>&nbsp;<\/p>\n","protected":false},"featured_media":16731,"comment_status":"closed","ping_status":"closed","template":"","meta":{"_acf_changed":false},"product_brand":[],"product_cat":[89,91],"product_tag":[],"class_list":{"0":"post-16729","1":"product","2":"type-product","3":"status-publish","4":"has-post-thumbnail","6":"product_cat-proteccion-manual","7":"product_cat-proteccion-mecanica","9":"first","10":"instock","11":"taxable","12":"shipping-taxable","13":"purchasable","14":"product-type-simple"},"acf":[],"aioseo_notices":[],"_links":{"self":[{"href":"https:\/\/www.articulosdeseguridad.com.co\/index.php\/wp-json\/wp\/v2\/product\/16729","targetHints":{"allow":["GET"]}}],"collection":[{"href":"https:\/\/www.articulosdeseguridad.com.co\/index.php\/wp-json\/wp\/v2\/product"}],"about":[{"href":"https:\/\/www.articulosdeseguridad.com.co\/index.php\/wp-json\/wp\/v2\/types\/product"}],"replies":[{"embeddable":true,"href":"https:\/\/www.articulosdeseguridad.com.co\/index.php\/wp-json\/wp\/v2\/comments?post=16729"}],"wp:featuredmedia":[{"embeddable":true,"href":"https:\/\/www.articulosdeseguridad.com.co\/index.php\/wp-json\/wp\/v2\/media\/16731"}],"wp:attachment":[{"href":"https:\/\/www.articulosdeseguridad.com.co\/index.php\/wp-json\/wp\/v2\/media?parent=16729"}],"wp:term":[{"taxonomy":"product_brand","embeddable":true,"href":"https:\/\/www.articulosdeseguridad.com.co\/index.php\/wp-json\/wp\/v2\/product_brand?post=16729"},{"taxonomy":"product_cat","embeddable":true,"href":"https:\/\/www.articulosdeseguridad.com.co\/index.php\/wp-json\/wp\/v2\/product_cat?post=16729"},{"taxonomy":"product_tag","embeddable":true,"href":"https:\/\/www.articulosdeseguridad.com.co\/index.php\/wp-json\/wp\/v2\/product_tag?post=16729"}],"curies":[{"name":"wp","href":"https:\/\/api.w.org\/{rel}","templated":true}]}}