{"id":16815,"date":"2024-09-13T18:58:57","date_gmt":"2024-09-13T23:58:57","guid":{"rendered":"https:\/\/www.articulosdeseguridad.com.co\/?post_type=product&#038;p=16815"},"modified":"2024-09-16T13:17:50","modified_gmt":"2024-09-16T18:17:50","slug":"guante-antiestatico","status":"publish","type":"product","link":"https:\/\/www.articulosdeseguridad.com.co\/index.php\/product\/guante-antiestatico\/","title":{"rendered":"Guante Antiest\u00e1tico"},"content":{"rendered":"<p><img fetchpriority=\"high\" decoding=\"async\" class=\"size-medium wp-image-18997 alignleft\" src=\"https:\/\/www.articulosdeseguridad.com.co\/wp-content\/uploads\/2024\/09\/GUANTE-ANTIESTATICO-VE702-300x275.jpg\" alt=\"\" width=\"300\" height=\"275\" srcset=\"https:\/\/www.articulosdeseguridad.com.co\/wp-content\/uploads\/2024\/09\/GUANTE-ANTIESTATICO-VE702-300x275.jpg 300w, https:\/\/www.articulosdeseguridad.com.co\/wp-content\/uploads\/2024\/09\/GUANTE-ANTIESTATICO-VE702-600x550.jpg 600w, https:\/\/www.articulosdeseguridad.com.co\/wp-content\/uploads\/2024\/09\/GUANTE-ANTIESTATICO-VE702.jpg 720w\" sizes=\"(max-width: 300px) 100vw, 300px\" \/><\/p>\n<h1>Guante Antiest\u00e1tico<\/h1>\n<p>Guante antiest\u00e1tico, guante mec\u00e1nico, t\u00e1ctiles y con propiedades electrost\u00e1ticas ESD especialmente dise\u00f1ados para manipulaci\u00f3n y reparaci\u00f3n electr\u00f3nica. Marca DELTA PLUS.<\/p>\n<p>.<\/p>\n","protected":false},"excerpt":{"rendered":"<ul>\n<li>Guante Antiest\u00e1tico gracias a su mezcla de poliester carbono<\/li>\n<li>Propiedades T\u00e1ctiles, para que pueda utilizar su tableta o smartphone sin quitarse los guantes<\/li>\n<li>El revestimiento de poliuretano proporciona un buen agarre gracias a sus propiedades antideslizantes<\/li>\n<li>Alta disipaci\u00f3n electrost\u00e1tica para reducir el riesgo de chispas<\/li>\n<li>Dise\u00f1o ergon\u00f3mico para reducir la fatiga de las manos<\/li>\n<\/ul>\n<p>Ficha T\u00e9cnica<\/p>\n<p><a href=\"https:\/\/www.articulosdeseguridad.com.co\/wp-content\/uploads\/2020\/06\/VE702PESD-Guante-ANTIESTATICO.pdf\" target=\"_blank\" rel=\"noopener\">VE702PESD Guante ANTIEST\u00c1TICO<\/a><\/p>\n<p>&nbsp;<\/p>\n","protected":false},"featured_media":18997,"comment_status":"closed","ping_status":"closed","template":"","meta":{"_acf_changed":false},"product_brand":[],"product_cat":[89,91],"product_tag":[],"class_list":{"0":"post-16815","1":"product","2":"type-product","3":"status-publish","4":"has-post-thumbnail","6":"product_cat-proteccion-manual","7":"product_cat-proteccion-mecanica","9":"first","10":"instock","11":"taxable","12":"shipping-taxable","13":"purchasable","14":"product-type-variable"},"acf":[],"aioseo_notices":[],"_links":{"self":[{"href":"https:\/\/www.articulosdeseguridad.com.co\/index.php\/wp-json\/wp\/v2\/product\/16815","targetHints":{"allow":["GET"]}}],"collection":[{"href":"https:\/\/www.articulosdeseguridad.com.co\/index.php\/wp-json\/wp\/v2\/product"}],"about":[{"href":"https:\/\/www.articulosdeseguridad.com.co\/index.php\/wp-json\/wp\/v2\/types\/product"}],"replies":[{"embeddable":true,"href":"https:\/\/www.articulosdeseguridad.com.co\/index.php\/wp-json\/wp\/v2\/comments?post=16815"}],"wp:featuredmedia":[{"embeddable":true,"href":"https:\/\/www.articulosdeseguridad.com.co\/index.php\/wp-json\/wp\/v2\/media\/18997"}],"wp:attachment":[{"href":"https:\/\/www.articulosdeseguridad.com.co\/index.php\/wp-json\/wp\/v2\/media?parent=16815"}],"wp:term":[{"taxonomy":"product_brand","embeddable":true,"href":"https:\/\/www.articulosdeseguridad.com.co\/index.php\/wp-json\/wp\/v2\/product_brand?post=16815"},{"taxonomy":"product_cat","embeddable":true,"href":"https:\/\/www.articulosdeseguridad.com.co\/index.php\/wp-json\/wp\/v2\/product_cat?post=16815"},{"taxonomy":"product_tag","embeddable":true,"href":"https:\/\/www.articulosdeseguridad.com.co\/index.php\/wp-json\/wp\/v2\/product_tag?post=16815"}],"curies":[{"name":"wp","href":"https:\/\/api.w.org\/{rel}","templated":true}]}}