{"id":16886,"date":"2020-06-21T08:08:48","date_gmt":"2020-06-21T08:08:48","guid":{"rendered":"https:\/\/www.articulosdeseguridad.com.co\/?post_type=product&#038;p=16886"},"modified":"2024-11-08T04:52:47","modified_gmt":"2024-11-08T09:52:47","slug":"respirador-vapores-organicos-con-valvula-m1200vwc","status":"publish","type":"product","link":"https:\/\/www.articulosdeseguridad.com.co\/index.php\/product\/respirador-vapores-organicos-con-valvula-m1200vwc\/","title":{"rendered":"Respirador Vapores Org\u00e1nicos con V\u00e1lvula"},"content":{"rendered":"<h2><img fetchpriority=\"high\" decoding=\"async\" class=\" wp-image-18585 alignleft\" src=\"https:\/\/www.articulosdeseguridad.com.co\/wp-content\/uploads\/2020\/06\/Respirador-vapores-organicos-M1200-300x275.jpg\" alt=\"\" width=\"243\" height=\"250\" \/>Respirador Vapores Org\u00e1nicos con V\u00e1lvula<\/h2>\n<p>Respirador Vapores Org\u00e1nicos con V\u00e1lvula M1200VWC, es un respirador filtrante nivel FFP2 de fibra sint\u00e9tica no tejida impregnada de carb\u00f3n activo. Protecci\u00f3n contra los olores da\u00f1inos (por ej. humos de soldadura). Forma convexa. L\u00e1mina nasal de ajuste. Refuerzo borde espuma bajo l\u00e1mina nasal. V\u00e1lvula de exhalaci\u00f3n de altas prestaciones.<\/p>\n","protected":false},"excerpt":{"rendered":"<ul>\n<li>Respirador Vapores Org\u00e1nicos con V\u00e1lvula M1200VWC<\/li>\n<li>Tira el\u00e1stica soldada por ultrasonidos<\/li>\n<li>V\u00e1lvula de exhalaci\u00f3n de alto rendimiento para reducir el calor y proporcionar confort cuando se trabaja en condiciones de calor y humedad<\/li>\n<li>Espacio interior m\u00e1s grande que ayuda a respirar m\u00e1s f\u00e1cilmente<\/li>\n<li>Cajita expositora que ayuda a la presentaci\u00f3n para su venta<\/li>\n<li>Ideal para su uso durante todo el d\u00eda<\/li>\n<\/ul>\n<p>Ficha T\u00e9cnica<\/p>\n<p><a href=\"https:\/\/www.articulosdeseguridad.com.co\/wp-content\/uploads\/2020\/06\/DELTA-PRODUCT-M1200VWC_.pdf\">DELTA-PRODUCT- M1200VWC_<\/a><\/p>\n<p>&nbsp;<\/p>\n","protected":false},"featured_media":18585,"comment_status":"closed","ping_status":"closed","template":"","meta":{"_acf_changed":false},"product_brand":[],"product_cat":[112,90,171],"product_tag":[339,634,446,639],"class_list":{"0":"post-16886","1":"product","2":"type-product","3":"status-publish","4":"has-post-thumbnail","6":"product_cat-libre-mantenimiento","7":"product_cat-proteccion-respiratoria","8":"product_cat-vapores-organicos","9":"product_tag-respirador-libre-mantenimiento","10":"product_tag-respirador-material-particulado","11":"product_tag-respirador-n95","12":"product_tag-respirador-n95-con-valvula","14":"first","15":"instock","16":"taxable","17":"shipping-taxable","18":"purchasable","19":"product-type-simple"},"acf":[],"aioseo_notices":[],"_links":{"self":[{"href":"https:\/\/www.articulosdeseguridad.com.co\/index.php\/wp-json\/wp\/v2\/product\/16886","targetHints":{"allow":["GET"]}}],"collection":[{"href":"https:\/\/www.articulosdeseguridad.com.co\/index.php\/wp-json\/wp\/v2\/product"}],"about":[{"href":"https:\/\/www.articulosdeseguridad.com.co\/index.php\/wp-json\/wp\/v2\/types\/product"}],"replies":[{"embeddable":true,"href":"https:\/\/www.articulosdeseguridad.com.co\/index.php\/wp-json\/wp\/v2\/comments?post=16886"}],"wp:featuredmedia":[{"embeddable":true,"href":"https:\/\/www.articulosdeseguridad.com.co\/index.php\/wp-json\/wp\/v2\/media\/18585"}],"wp:attachment":[{"href":"https:\/\/www.articulosdeseguridad.com.co\/index.php\/wp-json\/wp\/v2\/media?parent=16886"}],"wp:term":[{"taxonomy":"product_brand","embeddable":true,"href":"https:\/\/www.articulosdeseguridad.com.co\/index.php\/wp-json\/wp\/v2\/product_brand?post=16886"},{"taxonomy":"product_cat","embeddable":true,"href":"https:\/\/www.articulosdeseguridad.com.co\/index.php\/wp-json\/wp\/v2\/product_cat?post=16886"},{"taxonomy":"product_tag","embeddable":true,"href":"https:\/\/www.articulosdeseguridad.com.co\/index.php\/wp-json\/wp\/v2\/product_tag?post=16886"}],"curies":[{"name":"wp","href":"https:\/\/api.w.org\/{rel}","templated":true}]}}