{"id":16896,"date":"2023-07-06T17:22:08","date_gmt":"2023-07-06T22:22:08","guid":{"rendered":"https:\/\/www.articulosdeseguridad.com.co\/?post_type=product&#038;p=16896"},"modified":"2023-08-02T18:44:41","modified_gmt":"2023-08-02T23:44:41","slug":"guante-cuarto-frio-thrym-vv736-marca-delta-plus","status":"publish","type":"product","link":"https:\/\/www.articulosdeseguridad.com.co\/index.php\/product\/guante-cuarto-frio-thrym-vv736-marca-delta-plus\/","title":{"rendered":"Guante Cuarto Fr\u00edo Thrym VV736"},"content":{"rendered":"<h2><img fetchpriority=\"high\" decoding=\"async\" class=\"size-medium wp-image-18754 alignleft\" src=\"https:\/\/www.articulosdeseguridad.com.co\/wp-content\/uploads\/2023\/07\/GUANTE-CUARTO-FRIO-THRYM-DELTA-PLUS-1-300x275.jpg\" alt=\"\" width=\"300\" height=\"275\" srcset=\"https:\/\/www.articulosdeseguridad.com.co\/wp-content\/uploads\/2023\/07\/GUANTE-CUARTO-FRIO-THRYM-DELTA-PLUS-1-300x275.jpg 300w, https:\/\/www.articulosdeseguridad.com.co\/wp-content\/uploads\/2023\/07\/GUANTE-CUARTO-FRIO-THRYM-DELTA-PLUS-1-600x550.jpg 600w, https:\/\/www.articulosdeseguridad.com.co\/wp-content\/uploads\/2023\/07\/GUANTE-CUARTO-FRIO-THRYM-DELTA-PLUS-1.jpg 720w\" sizes=\"(max-width: 300px) 100vw, 300px\" \/>Guante Cuarto Fr\u00edo Thrym VV736<\/h2>\n<p>El guante cuarto fr\u00edo Thrym VV736, est\u00e1 Dise\u00f1ado especialmente para trabajos con fr\u00edo. Ideal para entornos de fr\u00edo hasta -30 \u00baC. El rugoso acabado del l\u00e1tex proporciona un agarre excelente y el c\u00e1lido soporte acr\u00edlico, protege del fr\u00edo en condiciones extremas.<\/p>\n<p>Ideal para operaciones en cuartos fr\u00edos, o manipulaci\u00f3n de piezas fr\u00edas.<\/p>\n","protected":false},"excerpt":{"rendered":"<ul>\n<li>Doble impregnaci\u00f3n completa l\u00e1tex<\/li>\n<li>Muy buena resistencia al fr\u00edo y a la humedad<\/li>\n<li>Gran confort de uso<\/li>\n<li>Ideal para entornos de fr\u00edo hasta -30\u00ba<\/li>\n<li>Certificaci\u00f3n EN388:2016+A1:2018\/EN511:2006<\/li>\n<\/ul>\n<p>Ficha T\u00e9cnica<\/p>\n<p><a href=\"https:\/\/www.articulosdeseguridad.com.co\/wp-content\/uploads\/2020\/02\/DELTA-PRODUCT-VV736-TRHYM.pdf\" target=\"_blank\" rel=\"noopener\">DELTA-PRODUCT- VV736 TRHYM<\/a><\/p>\n","protected":false},"featured_media":18754,"comment_status":"closed","ping_status":"closed","template":"","meta":{"_acf_changed":false},"product_brand":[],"product_cat":[89,131],"product_tag":[],"class_list":{"0":"post-16896","1":"product","2":"type-product","3":"status-publish","4":"has-post-thumbnail","6":"product_cat-proteccion-manual","7":"product_cat-proteccion-termica-proteccion-manual","9":"first","10":"instock","11":"taxable","12":"shipping-taxable","13":"purchasable","14":"product-type-variable"},"acf":[],"aioseo_notices":[],"_links":{"self":[{"href":"https:\/\/www.articulosdeseguridad.com.co\/index.php\/wp-json\/wp\/v2\/product\/16896","targetHints":{"allow":["GET"]}}],"collection":[{"href":"https:\/\/www.articulosdeseguridad.com.co\/index.php\/wp-json\/wp\/v2\/product"}],"about":[{"href":"https:\/\/www.articulosdeseguridad.com.co\/index.php\/wp-json\/wp\/v2\/types\/product"}],"replies":[{"embeddable":true,"href":"https:\/\/www.articulosdeseguridad.com.co\/index.php\/wp-json\/wp\/v2\/comments?post=16896"}],"wp:featuredmedia":[{"embeddable":true,"href":"https:\/\/www.articulosdeseguridad.com.co\/index.php\/wp-json\/wp\/v2\/media\/18754"}],"wp:attachment":[{"href":"https:\/\/www.articulosdeseguridad.com.co\/index.php\/wp-json\/wp\/v2\/media?parent=16896"}],"wp:term":[{"taxonomy":"product_brand","embeddable":true,"href":"https:\/\/www.articulosdeseguridad.com.co\/index.php\/wp-json\/wp\/v2\/product_brand?post=16896"},{"taxonomy":"product_cat","embeddable":true,"href":"https:\/\/www.articulosdeseguridad.com.co\/index.php\/wp-json\/wp\/v2\/product_cat?post=16896"},{"taxonomy":"product_tag","embeddable":true,"href":"https:\/\/www.articulosdeseguridad.com.co\/index.php\/wp-json\/wp\/v2\/product_tag?post=16896"}],"curies":[{"name":"wp","href":"https:\/\/api.w.org\/{rel}","templated":true}]}}