{"id":16923,"date":"2020-06-27T21:47:41","date_gmt":"2020-06-27T21:47:41","guid":{"rendered":"https:\/\/www.articulosdeseguridad.com.co\/?post_type=product&#038;p=16923"},"modified":"2024-09-06T12:33:07","modified_gmt":"2024-09-06T17:33:07","slug":"guante-dielectrico-aislante-clase-00-500-voltios","status":"publish","type":"product","link":"https:\/\/www.articulosdeseguridad.com.co\/index.php\/product\/guante-dielectrico-aislante-clase-00-500-voltios\/","title":{"rendered":"Guante Diel\u00e9ctrico Aislante Clase 00"},"content":{"rendered":"<h2><img fetchpriority=\"high\" decoding=\"async\" class=\"size-medium wp-image-16917 alignleft\" src=\"https:\/\/www.articulosdeseguridad.com.co\/wp-content\/uploads\/2020\/06\/Guante-Dielectrico-regeltex-300x275.jpg\" alt=\"Guante-Dielectrico-regeltex\" width=\"300\" height=\"275\" srcset=\"https:\/\/www.articulosdeseguridad.com.co\/wp-content\/uploads\/2020\/06\/Guante-Dielectrico-regeltex-300x275.jpg 300w, https:\/\/www.articulosdeseguridad.com.co\/wp-content\/uploads\/2020\/06\/Guante-Dielectrico-regeltex-600x550.jpg 600w, https:\/\/www.articulosdeseguridad.com.co\/wp-content\/uploads\/2020\/06\/Guante-Dielectrico-regeltex.jpg 720w\" sizes=\"(max-width: 300px) 100vw, 300px\" \/>Guante Diel\u00e9ctrico Aislante Clase 00<\/h2>\n<p>Guantes de caucho natural beige, aislantes, bordes cortados.\u00a0Amplia gama de tallas que abarcan seg\u00fan las clases, las tallas de 6 a 12.\u00a0La forma ergon\u00f3mica del guantes y su\u00a0interior ligeramente empolvado facilita el pon\u00e9rselos y quit\u00e1rselos. La estructura a base de caucho natural proporciona altas caracter\u00edsticas diel\u00e9ctricas; su grosor protege garantizando al mismo tiempo una excelente destreza.<\/p>\n<p>Guantes aislantes en caucho natural, disponibles en todas las clases, tallas y longitudes, tambi\u00e9n en varios colores. Los sobre guantes en cuero son recomendados, con el fin de dotar de una mayor protecci\u00f3n mec\u00e1nica (seg\u00fan las diferentes reglamentaciones nacionales, o las practicas habituales y el an\u00e1lisis de riesgos).<\/p>\n<p>&nbsp;<\/p>\n<p>&nbsp;<\/p>\n","protected":false},"excerpt":{"rendered":"<ul>\n<li>Aislaci\u00f3n de las manos seg\u00fan la clase y la funci\u00f3n de la tensi\u00f3n nominal de la red.<\/li>\n<li>Se utilizar\u00e1 con un sobreguante de cuero para la protecci\u00f3n mec\u00e1nica.<\/li>\n<li>Fabricado en caucho natural<\/li>\n<li>Clase 00<\/li>\n<li>Tensi\u00f3n de utilizaci\u00f3n 1000 (V)<\/li>\n<\/ul>\n<p>Ficha T\u00e9cnica<\/p>\n<p><a href=\"https:\/\/www.articulosdeseguridad.com.co\/wp-content\/uploads\/2020\/06\/Ficha-T\u00e9cnica-Guantes-Electrovolt-ES.pdf\" target=\"_blank\" rel=\"noopener noreferrer\">Ficha T\u00e9cnica &#8211; Guantes Electrovolt ES<\/a><\/p>\n<p>&nbsp;<\/p>\n","protected":false},"featured_media":16917,"comment_status":"closed","ping_status":"closed","template":"","meta":{"_acf_changed":false},"product_brand":[],"product_cat":[645,89],"product_tag":[],"class_list":{"0":"post-16923","1":"product","2":"type-product","3":"status-publish","4":"has-post-thumbnail","6":"product_cat-guante-dielectricos","7":"product_cat-proteccion-manual","9":"first","10":"onbackorder","11":"taxable","12":"shipping-taxable","13":"product-type-variable"},"acf":[],"aioseo_notices":[],"_links":{"self":[{"href":"https:\/\/www.articulosdeseguridad.com.co\/index.php\/wp-json\/wp\/v2\/product\/16923","targetHints":{"allow":["GET"]}}],"collection":[{"href":"https:\/\/www.articulosdeseguridad.com.co\/index.php\/wp-json\/wp\/v2\/product"}],"about":[{"href":"https:\/\/www.articulosdeseguridad.com.co\/index.php\/wp-json\/wp\/v2\/types\/product"}],"replies":[{"embeddable":true,"href":"https:\/\/www.articulosdeseguridad.com.co\/index.php\/wp-json\/wp\/v2\/comments?post=16923"}],"wp:featuredmedia":[{"embeddable":true,"href":"https:\/\/www.articulosdeseguridad.com.co\/index.php\/wp-json\/wp\/v2\/media\/16917"}],"wp:attachment":[{"href":"https:\/\/www.articulosdeseguridad.com.co\/index.php\/wp-json\/wp\/v2\/media?parent=16923"}],"wp:term":[{"taxonomy":"product_brand","embeddable":true,"href":"https:\/\/www.articulosdeseguridad.com.co\/index.php\/wp-json\/wp\/v2\/product_brand?post=16923"},{"taxonomy":"product_cat","embeddable":true,"href":"https:\/\/www.articulosdeseguridad.com.co\/index.php\/wp-json\/wp\/v2\/product_cat?post=16923"},{"taxonomy":"product_tag","embeddable":true,"href":"https:\/\/www.articulosdeseguridad.com.co\/index.php\/wp-json\/wp\/v2\/product_tag?post=16923"}],"curies":[{"name":"wp","href":"https:\/\/api.w.org\/{rel}","templated":true}]}}