{"id":16980,"date":"2020-06-29T17:23:40","date_gmt":"2020-06-29T17:23:40","guid":{"rendered":"https:\/\/www.articulosdeseguridad.com.co\/?post_type=product&#038;p=16980"},"modified":"2020-10-09T17:57:43","modified_gmt":"2020-10-09T17:57:43","slug":"filtro-2078-p95-3m","status":"publish","type":"product","link":"https:\/\/www.articulosdeseguridad.com.co\/index.php\/product\/filtro-2078-p95-3m\/","title":{"rendered":"Filtro 2078 P95 3M"},"content":{"rendered":"<p>&nbsp;<\/p>\n<h2><img fetchpriority=\"high\" decoding=\"async\" class=\"size-medium wp-image-16983 alignleft\" src=\"https:\/\/www.articulosdeseguridad.com.co\/wp-content\/uploads\/2020\/06\/Filtro-2078-3m-300x275.jpg\" alt=\"\" width=\"300\" height=\"275\" srcset=\"https:\/\/www.articulosdeseguridad.com.co\/wp-content\/uploads\/2020\/06\/Filtro-2078-3m-300x275.jpg 300w, https:\/\/www.articulosdeseguridad.com.co\/wp-content\/uploads\/2020\/06\/Filtro-2078-3m-600x550.jpg 600w, https:\/\/www.articulosdeseguridad.com.co\/wp-content\/uploads\/2020\/06\/Filtro-2078-3m.jpg 720w\" sizes=\"(max-width: 300px) 100vw, 300px\" \/><strong>Filtro 2078<\/strong><\/h2>\n<p>Si se coloca correctamente, utilice para una variedad de aplicaciones, incluyendo el polvo, soldar, verter el metal y ciertas operaciones de acabado. Para concentraciones hasta 10 veces el l\u00edmite de exposici\u00f3n permisible (PEL) con las caretas media o 50 veces PEL con caretas completas. Tambi\u00e9n ofrece alivio nivel de molestia de los vapores org\u00e1nicos y gases \u00e1cidos que se encuentran por debajo del PEL. * Nivel de Molestia se refiere a concentraciones que no excedan PEL OSHA u otros l\u00edmites de exposici\u00f3n ocupacional aplicables del gobierno, el que sea menor. Caretas completas deber\u00e1n ser aptas mediante pruebas de ajuste cuantitativas para reclamar factor de protecci\u00f3n asignado por encima de 10 en el modo de presi\u00f3n negativa. No lo use en la protecci\u00f3n respiratoria contra vapores org\u00e1nicos y gases \u00e1cidos y ambientes que son un peligro inmediato para la vida o la salud (IDLH). No certificado por NIOSH para uso contra el ozono.<\/p>\n<p>&nbsp;<\/p>\n<p>Para ambientes que contengan polvo, neblinas y olores gases \u00e1cidos y vapores org\u00e1nicos a niveles molestos. ( por debajo de los l\u00edmites permisibles) Para ambientes que contengan polvo, neblinas y olores gases \u00e1cidos y vapores org\u00e1nicos a niveles molestos. ( por debajo de<br \/>\nlos l\u00edmites permisibles)<\/p>\n","protected":false},"excerpt":{"rendered":"<ul class=\"MMM--pdpList SNAPS--bullets js--bnftsPdPList\">\n<li>N95, aprobado por NIOSH 42.CFR.84.<\/li>\n<li>Uso con los respiradores de la Serie 6000 y7500.<\/li>\n<li>Brinda protecci\u00f3n contra polvos, neblinas y humos met\u00e1licos con o sin aceite.<\/li>\n<li>Alivio de molestias por material particulado, vapores org\u00e1nico y gases \u00e1cidos.<\/li>\n<\/ul>\n<p>Ficha T\u00e9cnica<\/p>\n<p><a href=\"https:\/\/www.articulosdeseguridad.com.co\/wp-content\/uploads\/2020\/06\/Filtro-P95-2078-3M.pdf\" target=\"_blank\" rel=\"noopener noreferrer\">Filtro P95 2078 3M<\/a><\/p>\n","protected":false},"featured_media":16983,"comment_status":"closed","ping_status":"closed","template":"","meta":{"_acf_changed":false},"product_brand":[],"product_cat":[99,122,157,90,171],"product_tag":[],"class_list":{"0":"post-16980","1":"product","2":"type-product","3":"status-publish","4":"has-post-thumbnail","6":"product_cat-filtros-cartuchos","7":"product_cat-gases-acidos","8":"product_cat-material-particulado-proteccion-respiratoria","9":"product_cat-proteccion-respiratoria","10":"product_cat-vapores-organicos","12":"first","13":"outofstock","14":"taxable","15":"shipping-taxable","16":"purchasable","17":"product-type-simple"},"acf":[],"aioseo_notices":[],"_links":{"self":[{"href":"https:\/\/www.articulosdeseguridad.com.co\/index.php\/wp-json\/wp\/v2\/product\/16980","targetHints":{"allow":["GET"]}}],"collection":[{"href":"https:\/\/www.articulosdeseguridad.com.co\/index.php\/wp-json\/wp\/v2\/product"}],"about":[{"href":"https:\/\/www.articulosdeseguridad.com.co\/index.php\/wp-json\/wp\/v2\/types\/product"}],"replies":[{"embeddable":true,"href":"https:\/\/www.articulosdeseguridad.com.co\/index.php\/wp-json\/wp\/v2\/comments?post=16980"}],"wp:featuredmedia":[{"embeddable":true,"href":"https:\/\/www.articulosdeseguridad.com.co\/index.php\/wp-json\/wp\/v2\/media\/16983"}],"wp:attachment":[{"href":"https:\/\/www.articulosdeseguridad.com.co\/index.php\/wp-json\/wp\/v2\/media?parent=16980"}],"wp:term":[{"taxonomy":"product_brand","embeddable":true,"href":"https:\/\/www.articulosdeseguridad.com.co\/index.php\/wp-json\/wp\/v2\/product_brand?post=16980"},{"taxonomy":"product_cat","embeddable":true,"href":"https:\/\/www.articulosdeseguridad.com.co\/index.php\/wp-json\/wp\/v2\/product_cat?post=16980"},{"taxonomy":"product_tag","embeddable":true,"href":"https:\/\/www.articulosdeseguridad.com.co\/index.php\/wp-json\/wp\/v2\/product_tag?post=16980"}],"curies":[{"name":"wp","href":"https:\/\/api.w.org\/{rel}","templated":true}]}}