{"id":17078,"date":"2020-08-09T14:52:44","date_gmt":"2020-08-09T14:52:44","guid":{"rendered":"https:\/\/www.articulosdeseguridad.com.co\/?post_type=product&#038;p=17078"},"modified":"2024-09-16T13:22:21","modified_gmt":"2024-09-16T18:22:21","slug":"dispensador-de-toallas-de-mano-en-rollo-kimberly-clark-30217685","status":"publish","type":"product","link":"https:\/\/www.articulosdeseguridad.com.co\/index.php\/product\/dispensador-de-toallas-de-mano-en-rollo-kimberly-clark-30217685\/","title":{"rendered":"Dispensador de Toallas de Mano en Rollo"},"content":{"rendered":"<p><img fetchpriority=\"high\" decoding=\"async\" class=\"size-medium wp-image-17072 alignleft\" src=\"https:\/\/www.articulosdeseguridad.com.co\/wp-content\/uploads\/2020\/08\/Dispensador-Trafico-Medio-30217685-Kimberly-Clark-300x275.jpg\" alt=\"\" width=\"300\" height=\"275\" srcset=\"https:\/\/www.articulosdeseguridad.com.co\/wp-content\/uploads\/2020\/08\/Dispensador-Trafico-Medio-30217685-Kimberly-Clark-300x275.jpg 300w, https:\/\/www.articulosdeseguridad.com.co\/wp-content\/uploads\/2020\/08\/Dispensador-Trafico-Medio-30217685-Kimberly-Clark-600x550.jpg 600w, https:\/\/www.articulosdeseguridad.com.co\/wp-content\/uploads\/2020\/08\/Dispensador-Trafico-Medio-30217685-Kimberly-Clark.jpg 720w\" sizes=\"(max-width: 300px) 100vw, 300px\" \/><\/p>\n<h2><strong>Dispensador de Toallas de Mano en Rollo\u00a0<\/strong><\/h2>\n<p>Dispensador de Toallas de Mano en Rollo, Nueva l\u00ednea de dispensadores MOD, dise\u00f1o moderno, elegante y atractivo. Pre-corte cada 25 cm brindando un mejor costo en uso, cuenta con un rollo de reserva que evita desperdicios y facilita el recambio, Resistencia comprobada, logotipo en termo impresi\u00f3n, colorante que evita apariencia amarilla, permite la visibilidad del producto, Garant\u00eda de por vida.<\/p>\n<p>Capacidad: Tr\u00e1fico Medio<\/p>\n","protected":false},"excerpt":{"rendered":"<ul>\n<li>Dispensador manual de toallas de manos en rollo.<\/li>\n<li>Destinado para lugares peque\u00f1os de bajo y medio tr\u00e1fico.<\/li>\n<li>Equipos de f\u00e1cil instalaci\u00f3n, que deben ser fijados con chazos y tornillos. No es recomendable su instalaci\u00f3n con cintas adhesivas, debido a su peso.<\/li>\n<li>Contiene instrucciones de abastecimiento en su parte interna.<\/li>\n<li>Contiene informaciones de lote en su parte interna.<\/li>\n<\/ul>\n<p>Ficha T\u00e9cnica<\/p>\n<p><a href=\"https:\/\/www.articulosdeseguridad.com.co\/wp-content\/uploads\/2020\/08\/FT-30217685-KCP-DISPMOD-TWL-HRT-WB-ABS-SLIMROLL-1X1.pdf\" target=\"_blank\" rel=\"noopener noreferrer\">FT-30217685-KCP-DISPMOD-TWL-HRT-WB-ABS-SLIMROLL-1X1<\/a><\/p>\n","protected":false},"featured_media":17072,"comment_status":"closed","ping_status":"closed","template":"","meta":{"_acf_changed":false},"product_brand":[],"product_cat":[660],"product_tag":[],"class_list":{"0":"post-17078","1":"product","2":"type-product","3":"status-publish","4":"has-post-thumbnail","6":"product_cat-higiene-limpieza","8":"first","9":"instock","10":"taxable","11":"shipping-taxable","12":"product-type-simple"},"acf":[],"aioseo_notices":[],"_links":{"self":[{"href":"https:\/\/www.articulosdeseguridad.com.co\/index.php\/wp-json\/wp\/v2\/product\/17078","targetHints":{"allow":["GET"]}}],"collection":[{"href":"https:\/\/www.articulosdeseguridad.com.co\/index.php\/wp-json\/wp\/v2\/product"}],"about":[{"href":"https:\/\/www.articulosdeseguridad.com.co\/index.php\/wp-json\/wp\/v2\/types\/product"}],"replies":[{"embeddable":true,"href":"https:\/\/www.articulosdeseguridad.com.co\/index.php\/wp-json\/wp\/v2\/comments?post=17078"}],"wp:featuredmedia":[{"embeddable":true,"href":"https:\/\/www.articulosdeseguridad.com.co\/index.php\/wp-json\/wp\/v2\/media\/17072"}],"wp:attachment":[{"href":"https:\/\/www.articulosdeseguridad.com.co\/index.php\/wp-json\/wp\/v2\/media?parent=17078"}],"wp:term":[{"taxonomy":"product_brand","embeddable":true,"href":"https:\/\/www.articulosdeseguridad.com.co\/index.php\/wp-json\/wp\/v2\/product_brand?post=17078"},{"taxonomy":"product_cat","embeddable":true,"href":"https:\/\/www.articulosdeseguridad.com.co\/index.php\/wp-json\/wp\/v2\/product_cat?post=17078"},{"taxonomy":"product_tag","embeddable":true,"href":"https:\/\/www.articulosdeseguridad.com.co\/index.php\/wp-json\/wp\/v2\/product_tag?post=17078"}],"curies":[{"name":"wp","href":"https:\/\/api.w.org\/{rel}","templated":true}]}}