{"id":17206,"date":"2020-10-29T22:26:23","date_gmt":"2020-10-29T22:26:23","guid":{"rendered":"https:\/\/www.articulosdeseguridad.com.co\/?post_type=product&#038;p=17206"},"modified":"2024-09-13T17:31:41","modified_gmt":"2024-09-13T22:31:41","slug":"bota-de-seguridad-anti-estatica-negro-trc401","status":"publish","type":"product","link":"https:\/\/www.articulosdeseguridad.com.co\/index.php\/product\/bota-de-seguridad-anti-estatica-negro-trc401\/","title":{"rendered":"Bota Antiest\u00e1tica TRC401"},"content":{"rendered":"<p><img fetchpriority=\"high\" decoding=\"async\" class=\"size-medium wp-image-19004 alignleft\" src=\"https:\/\/www.articulosdeseguridad.com.co\/wp-content\/uploads\/2016\/03\/BOTA-ANTIESTATICA-300x275.jpg\" alt=\"\" width=\"300\" height=\"275\" srcset=\"https:\/\/www.articulosdeseguridad.com.co\/wp-content\/uploads\/2016\/03\/BOTA-ANTIESTATICA-300x275.jpg 300w, https:\/\/www.articulosdeseguridad.com.co\/wp-content\/uploads\/2016\/03\/BOTA-ANTIESTATICA-600x550.jpg 600w, https:\/\/www.articulosdeseguridad.com.co\/wp-content\/uploads\/2016\/03\/BOTA-ANTIESTATICA.jpg 720w\" sizes=\"(max-width: 300px) 100vw, 300px\" \/><\/p>\n<h3><\/h3>\n<h2>Bota De Seguridad Antiest\u00e1tica<\/h2>\n<p>Bota De Seguridad Antiest\u00e1tica marca Triventto, es fabricada en cuero con puntera de seguridad no met\u00e1lica en composite. Recomendada para labores en la industria de la construcci\u00f3n, met\u00e1lmec\u00e1nica,\u00a0 Hidrocarburos, entre otros.<\/p>\n<p>&nbsp;<\/p>\n","protected":false},"excerpt":{"rendered":"<ul>\n<li>Bota De Seguridad Antiest\u00e1tica<\/li>\n<li><span class=\"a-list-item\">Suela en Poliuretano Bidensidad\u00a0<\/span><\/li>\n<li><span class=\"a-list-item\">Cuello Textil Impermeable acolchado<\/span><\/li>\n<li><span class=\"a-list-item\">Puntera de seguridad, fabricada en composite<\/span><\/li>\n<li>Propiedad Antiest\u00e1tica<\/li>\n<\/ul>\n<p>Ficha T\u00e9cnica<\/p>\n<p><a href=\"https:\/\/www.articulosdeseguridad.com.co\/wp-content\/uploads\/2020\/10\/Ficha-Tecnica-TRC401-Antiestatica.pdf\" target=\"_blank\" rel=\"noopener\">Ficha T\u00e9cnica TRC401 Antiest\u00e1tica<\/a><\/p>\n","protected":false},"featured_media":19004,"comment_status":"open","ping_status":"closed","template":"","meta":{"_acf_changed":false},"product_brand":[],"product_cat":[120,124],"product_tag":[683,684,377,372,291,376,375],"class_list":{"0":"post-17206","1":"product","2":"type-product","3":"status-publish","4":"has-post-thumbnail","6":"product_cat-calzado-seguridad","7":"product_cat-linea-cuero","8":"product_tag-bota-anti-estatica","9":"product_tag-bota-antiestatica","10":"product_tag-bota-de-proteccion","11":"product_tag-bota-de-seguridad","12":"product_tag-bota-dielectrica","13":"product_tag-bota-en-cuero","14":"product_tag-puntera-composite","15":"pa_talla-botas-531","16":"pa_talla-botas-532","17":"pa_talla-botas-533","18":"pa_talla-botas-534","19":"pa_talla-botas-535","20":"pa_talla-botas-536","22":"first","23":"instock","24":"featured","25":"taxable","26":"shipping-taxable","27":"purchasable","28":"product-type-variable"},"acf":[],"aioseo_notices":[],"_links":{"self":[{"href":"https:\/\/www.articulosdeseguridad.com.co\/index.php\/wp-json\/wp\/v2\/product\/17206","targetHints":{"allow":["GET"]}}],"collection":[{"href":"https:\/\/www.articulosdeseguridad.com.co\/index.php\/wp-json\/wp\/v2\/product"}],"about":[{"href":"https:\/\/www.articulosdeseguridad.com.co\/index.php\/wp-json\/wp\/v2\/types\/product"}],"replies":[{"embeddable":true,"href":"https:\/\/www.articulosdeseguridad.com.co\/index.php\/wp-json\/wp\/v2\/comments?post=17206"}],"wp:featuredmedia":[{"embeddable":true,"href":"https:\/\/www.articulosdeseguridad.com.co\/index.php\/wp-json\/wp\/v2\/media\/19004"}],"wp:attachment":[{"href":"https:\/\/www.articulosdeseguridad.com.co\/index.php\/wp-json\/wp\/v2\/media?parent=17206"}],"wp:term":[{"taxonomy":"product_brand","embeddable":true,"href":"https:\/\/www.articulosdeseguridad.com.co\/index.php\/wp-json\/wp\/v2\/product_brand?post=17206"},{"taxonomy":"product_cat","embeddable":true,"href":"https:\/\/www.articulosdeseguridad.com.co\/index.php\/wp-json\/wp\/v2\/product_cat?post=17206"},{"taxonomy":"product_tag","embeddable":true,"href":"https:\/\/www.articulosdeseguridad.com.co\/index.php\/wp-json\/wp\/v2\/product_tag?post=17206"}],"curies":[{"name":"wp","href":"https:\/\/api.w.org\/{rel}","templated":true}]}}