{"id":17355,"date":"2020-12-23T01:24:38","date_gmt":"2020-12-23T01:24:38","guid":{"rendered":"https:\/\/www.articulosdeseguridad.com.co\/?post_type=product&#038;p=17355"},"modified":"2025-04-10T04:15:50","modified_gmt":"2025-04-10T09:15:50","slug":"guante-criogenico-corto-guante-para-criogenia","status":"publish","type":"product","link":"https:\/\/www.articulosdeseguridad.com.co\/index.php\/product\/guante-criogenico-corto-guante-para-criogenia\/","title":{"rendered":"Guante Criog\u00e9nico Corto"},"content":{"rendered":"<h1><img fetchpriority=\"high\" decoding=\"async\" class=\"size-medium wp-image-17357 alignleft\" src=\"https:\/\/www.articulosdeseguridad.com.co\/wp-content\/uploads\/2020\/12\/Guante-Criogenico-bajas-temperaturas-300x275.jpg\" alt=\"Guantes criog\u00e9nicos\" width=\"300\" height=\"275\" srcset=\"https:\/\/www.articulosdeseguridad.com.co\/wp-content\/uploads\/2020\/12\/Guante-Criogenico-bajas-temperaturas-300x275.jpg 300w, https:\/\/www.articulosdeseguridad.com.co\/wp-content\/uploads\/2020\/12\/Guante-Criogenico-bajas-temperaturas-600x550.jpg 600w, https:\/\/www.articulosdeseguridad.com.co\/wp-content\/uploads\/2020\/12\/Guante-Criogenico-bajas-temperaturas.jpg 720w\" sizes=\"(max-width: 300px) 100vw, 300px\" \/><\/h1>\n<h1>Guante criog\u00e9nico<\/h1>\n<p>El Guante criog\u00e9nico, est\u00e1n dise\u00f1ados para la manipulaci\u00f3n de elementos muy baja temperatura (Hasta -196\u00b0C) (320\u00b0F). C\u00f3modos y de f\u00e1cil manipulaci\u00f3n, son los guantes ideales para labores cr\u00edticas y de baja temperatura. Su construcci\u00f3n de vanguardia, incluye m\u00faltiples capas y una forro interno que ayuda a eliminar la humedad de las manos.<\/p>\n","protected":false},"excerpt":{"rendered":"<ul>\n<li>El Guante criog\u00e9nico certificado<\/li>\n<li>Protecci\u00f3n criog\u00e9nica hasta (-196\u00b0C)<\/li>\n<li>Normas de la UE: EN 511, EN 388, EN 420<\/li>\n<li>Ideal para manejo de hielo seco, congeladores, sistemas criog\u00e9nicos cerrados<\/li>\n<\/ul>\n","protected":false},"featured_media":17357,"comment_status":"closed","ping_status":"closed","template":"","meta":{"_acf_changed":false},"product_brand":[],"product_cat":[708,89,131],"product_tag":[711,709,575,710],"class_list":{"0":"post-17355","1":"product","2":"type-product","3":"status-publish","4":"has-post-thumbnail","6":"product_cat-guantes-criogenicos","7":"product_cat-proteccion-manual","8":"product_cat-proteccion-termica-proteccion-manual","9":"product_tag-guante-bajas-temperaturas","10":"product_tag-guante-criogenico","11":"product_tag-guante-cuarto-frio","12":"product_tag-guante-para-criogenia","14":"first","15":"instock","16":"taxable","17":"shipping-taxable","18":"purchasable","19":"product-type-simple"},"acf":[],"aioseo_notices":[],"_links":{"self":[{"href":"https:\/\/www.articulosdeseguridad.com.co\/index.php\/wp-json\/wp\/v2\/product\/17355","targetHints":{"allow":["GET"]}}],"collection":[{"href":"https:\/\/www.articulosdeseguridad.com.co\/index.php\/wp-json\/wp\/v2\/product"}],"about":[{"href":"https:\/\/www.articulosdeseguridad.com.co\/index.php\/wp-json\/wp\/v2\/types\/product"}],"replies":[{"embeddable":true,"href":"https:\/\/www.articulosdeseguridad.com.co\/index.php\/wp-json\/wp\/v2\/comments?post=17355"}],"wp:featuredmedia":[{"embeddable":true,"href":"https:\/\/www.articulosdeseguridad.com.co\/index.php\/wp-json\/wp\/v2\/media\/17357"}],"wp:attachment":[{"href":"https:\/\/www.articulosdeseguridad.com.co\/index.php\/wp-json\/wp\/v2\/media?parent=17355"}],"wp:term":[{"taxonomy":"product_brand","embeddable":true,"href":"https:\/\/www.articulosdeseguridad.com.co\/index.php\/wp-json\/wp\/v2\/product_brand?post=17355"},{"taxonomy":"product_cat","embeddable":true,"href":"https:\/\/www.articulosdeseguridad.com.co\/index.php\/wp-json\/wp\/v2\/product_cat?post=17355"},{"taxonomy":"product_tag","embeddable":true,"href":"https:\/\/www.articulosdeseguridad.com.co\/index.php\/wp-json\/wp\/v2\/product_tag?post=17355"}],"curies":[{"name":"wp","href":"https:\/\/api.w.org\/{rel}","templated":true}]}}