{"id":17474,"date":"2021-01-14T02:18:13","date_gmt":"2021-01-14T02:18:13","guid":{"rendered":"https:\/\/www.articulosdeseguridad.com.co\/?post_type=product&#038;p=17474"},"modified":"2026-04-07T08:19:33","modified_gmt":"2026-04-07T13:19:33","slug":"respirador-n95-m1200-sin-valvula","status":"publish","type":"product","link":"https:\/\/www.articulosdeseguridad.com.co\/index.php\/product\/respirador-n95-m1200-sin-valvula\/","title":{"rendered":"RESPIRADOR N95 M1200 SIN V\u00c1LVULA"},"content":{"rendered":"<h1><img fetchpriority=\"high\" decoding=\"async\" class=\"size-medium wp-image-17476 alignleft\" src=\"https:\/\/www.articulosdeseguridad.com.co\/wp-content\/uploads\/2021\/01\/respirador-N95-DELTA-M1200-300x275.jpg\" alt=\"\" width=\"300\" height=\"275\" srcset=\"https:\/\/www.articulosdeseguridad.com.co\/wp-content\/uploads\/2021\/01\/respirador-N95-DELTA-M1200-300x275.jpg 300w, https:\/\/www.articulosdeseguridad.com.co\/wp-content\/uploads\/2021\/01\/respirador-N95-DELTA-M1200-600x550.jpg 600w, https:\/\/www.articulosdeseguridad.com.co\/wp-content\/uploads\/2021\/01\/respirador-N95-DELTA-M1200.jpg 720w\" sizes=\"(max-width: 300px) 100vw, 300px\" \/><\/h1>\n<h1>Respirador N95 m1200 sin v\u00e1lvula<\/h1>\n<p>Respirador N95 m1200 sin v\u00e1lvula, Caja de 20 mascarillas filtrantes FFP2 de fibra sint\u00e9tica no tejida. Forma convexa. L\u00e1mina nasal de ajuste. Refuerzo borde espuma bajo l\u00e1mina nasal. Test opcional DOLOMITE para un confort respiratorio prolongado.<\/p>\n<section class=\"blocContenu\">\n<div>FFP2 NR D, Fibra sint\u00e9tica no tejida, NIOSH\u00a0Semi-m\u00e1scara filtrante contra las part\u00edculas<\/div>\n<div>Unidad de empaque: Caja por 20 unidades<\/div>\n<\/section>\n","protected":false},"excerpt":{"rendered":"<ul>\n<li>RESPIRADOR N95 M1200 SIN V\u00c1LVULA<\/li>\n<li>Presentaci\u00f3n: Caja x 20 unidades<\/li>\n<li>Fabricado en fibra sint\u00e9tica<\/li>\n<li>Bandas el\u00e1sticas<\/li>\n<li>Clip nasal<\/li>\n<li>Certificado NIOSH, FFP2, EN149:2001+A1:2009<\/li>\n<\/ul>\n<p>Ficha T\u00e9cnica<\/p>\n<p><a href=\"https:\/\/www.articulosdeseguridad.com.co\/wp-content\/uploads\/2021\/01\/RESPIRADOR-M1200C_-10-1-1.pdf\" target=\"_blank\" rel=\"noopener\">RESPIRADOR &#8211; M1200C_ (10) (1) (1)<\/a><\/p>\n","protected":false},"featured_media":17476,"comment_status":"closed","ping_status":"closed","template":"","meta":{"_acf_changed":false},"product_brand":[],"product_cat":[112,157,90],"product_tag":[630,712],"class_list":{"0":"post-17474","1":"product","2":"type-product","3":"status-publish","4":"has-post-thumbnail","6":"product_cat-libre-mantenimiento","7":"product_cat-material-particulado-proteccion-respiratoria","8":"product_cat-proteccion-respiratoria","9":"product_tag-n95","10":"product_tag-respirador-n95respirador-n95-con-valvula","12":"first","13":"instock","14":"taxable","15":"shipping-taxable","16":"purchasable","17":"product-type-simple"},"acf":[],"aioseo_notices":[],"_links":{"self":[{"href":"https:\/\/www.articulosdeseguridad.com.co\/index.php\/wp-json\/wp\/v2\/product\/17474","targetHints":{"allow":["GET"]}}],"collection":[{"href":"https:\/\/www.articulosdeseguridad.com.co\/index.php\/wp-json\/wp\/v2\/product"}],"about":[{"href":"https:\/\/www.articulosdeseguridad.com.co\/index.php\/wp-json\/wp\/v2\/types\/product"}],"replies":[{"embeddable":true,"href":"https:\/\/www.articulosdeseguridad.com.co\/index.php\/wp-json\/wp\/v2\/comments?post=17474"}],"wp:featuredmedia":[{"embeddable":true,"href":"https:\/\/www.articulosdeseguridad.com.co\/index.php\/wp-json\/wp\/v2\/media\/17476"}],"wp:attachment":[{"href":"https:\/\/www.articulosdeseguridad.com.co\/index.php\/wp-json\/wp\/v2\/media?parent=17474"}],"wp:term":[{"taxonomy":"product_brand","embeddable":true,"href":"https:\/\/www.articulosdeseguridad.com.co\/index.php\/wp-json\/wp\/v2\/product_brand?post=17474"},{"taxonomy":"product_cat","embeddable":true,"href":"https:\/\/www.articulosdeseguridad.com.co\/index.php\/wp-json\/wp\/v2\/product_cat?post=17474"},{"taxonomy":"product_tag","embeddable":true,"href":"https:\/\/www.articulosdeseguridad.com.co\/index.php\/wp-json\/wp\/v2\/product_tag?post=17474"}],"curies":[{"name":"wp","href":"https:\/\/api.w.org\/{rel}","templated":true}]}}