{"id":17616,"date":"2021-02-16T23:42:00","date_gmt":"2021-02-16T23:42:00","guid":{"rendered":"https:\/\/www.articulosdeseguridad.com.co\/?post_type=product&#038;p=17616"},"modified":"2025-04-07T12:10:29","modified_gmt":"2025-04-07T17:10:29","slug":"guante-ansell-cuarto-frio-80-409","status":"publish","type":"product","link":"https:\/\/www.articulosdeseguridad.com.co\/index.php\/product\/guante-ansell-cuarto-frio-80-409\/","title":{"rendered":"Guante Ansell Cuarto Frio 80-409"},"content":{"rendered":"<h2>Guante Ansell Cuarto Frio 80-409<img fetchpriority=\"high\" decoding=\"async\" class=\"size-medium wp-image-17623 alignleft\" src=\"https:\/\/www.articulosdeseguridad.com.co\/wp-content\/uploads\/2021\/02\/Guante-80-409-ansell-3-300x275.jpg\" alt=\"\" width=\"300\" height=\"275\" srcset=\"https:\/\/www.articulosdeseguridad.com.co\/wp-content\/uploads\/2021\/02\/Guante-80-409-ansell-3-300x275.jpg 300w, https:\/\/www.articulosdeseguridad.com.co\/wp-content\/uploads\/2021\/02\/Guante-80-409-ansell-3-600x550.jpg 600w, https:\/\/www.articulosdeseguridad.com.co\/wp-content\/uploads\/2021\/02\/Guante-80-409-ansell-3.jpg 720w\" sizes=\"(max-width: 300px) 100vw, 300px\" \/><\/h2>\n<p>Guante Ansell Cuarto Frio 80-409, Totalmente recubiertos y aislantes para un magn\u00edfico confort en condiciones de fr\u00edo. Forro de nylon sin costuras de galga 13. Revestimiento de nitrilo rugoso. Totalmente recubiertos.Puntos finos y el\u00e1sticos, para un magn\u00edfico confort. El pu\u00f1o tejido de l\u00e1tex garantiza un buen ajuste. Excelente resistencia a la abrasi\u00f3n. Cubierto con una capa resistente a las piezas contaminadas manipuladas.<\/p>\n","protected":false},"excerpt":{"rendered":"<ul>\n<li>Dise\u00f1o tejido fino sin costuras, doble capa<\/li>\n<li>Exterior duradero de nylon y nitrilo<\/li>\n<li>Forro interior c\u00e1lido de tejido acr\u00edlico t\u00e9rmico<\/li>\n<li>Totalmente recubiertos para resistir al viento y repeler el agua<\/li>\n<li>Pu\u00f1o el\u00e1stico tejido para garantizar un ajuste seguro<\/li>\n<li>Aislamiento para temperaturas de hasta \u201315\u00baC\/5\u00baF<\/li>\n<li>Sin silicona, para la protecci\u00f3n de los productos<\/li>\n<li>Adecuado para la manipulaci\u00f3n de alimentos<\/li>\n<\/ul>\n<p>Ficha t\u00e9cnica<\/p>\n<p><a href=\"https:\/\/www.articulosdeseguridad.com.co\/wp-content\/uploads\/2021\/02\/activarmr-80-409_pds_es.pdf\" target=\"_blank\" rel=\"noopener\">activarmr-80-409_pds_es<\/a><\/p>\n","protected":false},"featured_media":17621,"comment_status":"closed","ping_status":"closed","template":"","meta":{"_acf_changed":false},"product_brand":[],"product_cat":[89,131],"product_tag":[575],"class_list":{"0":"post-17616","1":"product","2":"type-product","3":"status-publish","4":"has-post-thumbnail","6":"product_cat-proteccion-manual","7":"product_cat-proteccion-termica-proteccion-manual","8":"product_tag-guante-cuarto-frio","10":"first","11":"instock","12":"taxable","13":"shipping-taxable","14":"purchasable","15":"product-type-variable"},"acf":[],"aioseo_notices":[],"_links":{"self":[{"href":"https:\/\/www.articulosdeseguridad.com.co\/index.php\/wp-json\/wp\/v2\/product\/17616","targetHints":{"allow":["GET"]}}],"collection":[{"href":"https:\/\/www.articulosdeseguridad.com.co\/index.php\/wp-json\/wp\/v2\/product"}],"about":[{"href":"https:\/\/www.articulosdeseguridad.com.co\/index.php\/wp-json\/wp\/v2\/types\/product"}],"replies":[{"embeddable":true,"href":"https:\/\/www.articulosdeseguridad.com.co\/index.php\/wp-json\/wp\/v2\/comments?post=17616"}],"wp:featuredmedia":[{"embeddable":true,"href":"https:\/\/www.articulosdeseguridad.com.co\/index.php\/wp-json\/wp\/v2\/media\/17621"}],"wp:attachment":[{"href":"https:\/\/www.articulosdeseguridad.com.co\/index.php\/wp-json\/wp\/v2\/media?parent=17616"}],"wp:term":[{"taxonomy":"product_brand","embeddable":true,"href":"https:\/\/www.articulosdeseguridad.com.co\/index.php\/wp-json\/wp\/v2\/product_brand?post=17616"},{"taxonomy":"product_cat","embeddable":true,"href":"https:\/\/www.articulosdeseguridad.com.co\/index.php\/wp-json\/wp\/v2\/product_cat?post=17616"},{"taxonomy":"product_tag","embeddable":true,"href":"https:\/\/www.articulosdeseguridad.com.co\/index.php\/wp-json\/wp\/v2\/product_tag?post=17616"}],"curies":[{"name":"wp","href":"https:\/\/api.w.org\/{rel}","templated":true}]}}