{"id":17625,"date":"2021-02-17T00:11:49","date_gmt":"2021-02-17T00:11:49","guid":{"rendered":"https:\/\/www.articulosdeseguridad.com.co\/?post_type=product&#038;p=17625"},"modified":"2025-04-10T03:58:25","modified_gmt":"2025-04-10T08:58:25","slug":"guante-criogenico-marca-delta","status":"publish","type":"product","link":"https:\/\/www.articulosdeseguridad.com.co\/index.php\/product\/guante-criogenico-marca-delta\/","title":{"rendered":"Guante Criog\u00e9nico Marca DELTA"},"content":{"rendered":"<h1><img fetchpriority=\"high\" decoding=\"async\" class=\"size-medium wp-image-17626 alignleft\" src=\"https:\/\/www.articulosdeseguridad.com.co\/wp-content\/uploads\/2021\/02\/guante-criogenico-marca-delta-300x275.jpg\" alt=\"\" width=\"300\" height=\"275\" srcset=\"https:\/\/www.articulosdeseguridad.com.co\/wp-content\/uploads\/2021\/02\/guante-criogenico-marca-delta-300x275.jpg 300w, https:\/\/www.articulosdeseguridad.com.co\/wp-content\/uploads\/2021\/02\/guante-criogenico-marca-delta-600x550.jpg 600w, https:\/\/www.articulosdeseguridad.com.co\/wp-content\/uploads\/2021\/02\/guante-criogenico-marca-delta.jpg 720w\" sizes=\"(max-width: 300px) 100vw, 300px\" \/>GUANTE CRIOG\u00c9NICO HIDR\u00d3FUGO<\/h1>\n<p>Guante Criog\u00e9nico Marca DELTA, Piel todo flor de vacuno hidr\u00f3fuga. Injerto poli\u00e9ster aluminizado. Manguito en piel serraje de vacuno. Forro sint\u00e9tico en mano y manguito. Tipo americano. Manguito de 20 cm. Longitud : 40 cm.<\/p>\n","protected":false},"excerpt":{"rendered":"<ul>\n<li>Piel de vacuno todo flor con tratamiento hidr\u00f3fugo (TECHNICUIR).<\/li>\n<li>Espesor del cuero entre 1,1 y 1,3 cm.<\/li>\n<li>Inserto de poli\u00e9ster aluminizado.<\/li>\n<li>Forro sint\u00e9tico.<\/li>\n<li>Manguito de piel serraje de vacuno.<\/li>\n<li>Costuras de hilo Kevlar\u00ae.<\/li>\n<\/ul>\n<p>Ficha T\u00e9cnica<\/p>\n<p><a href=\"https:\/\/www.articulosdeseguridad.com.co\/wp-content\/uploads\/2021\/02\/DELTA-PRODUCT-CRYOG.pdf\" target=\"_blank\" rel=\"noopener\">DELTA-PRODUCT- CRYOG<\/a><\/p>\n","protected":false},"featured_media":17626,"comment_status":"closed","ping_status":"closed","template":"","meta":{"_acf_changed":false},"product_brand":[],"product_cat":[708,89],"product_tag":[709],"class_list":{"0":"post-17625","1":"product","2":"type-product","3":"status-publish","4":"has-post-thumbnail","6":"product_cat-guantes-criogenicos","7":"product_cat-proteccion-manual","8":"product_tag-guante-criogenico","10":"first","11":"instock","12":"taxable","13":"shipping-taxable","14":"purchasable","15":"product-type-simple"},"acf":[],"aioseo_notices":[],"_links":{"self":[{"href":"https:\/\/www.articulosdeseguridad.com.co\/index.php\/wp-json\/wp\/v2\/product\/17625","targetHints":{"allow":["GET"]}}],"collection":[{"href":"https:\/\/www.articulosdeseguridad.com.co\/index.php\/wp-json\/wp\/v2\/product"}],"about":[{"href":"https:\/\/www.articulosdeseguridad.com.co\/index.php\/wp-json\/wp\/v2\/types\/product"}],"replies":[{"embeddable":true,"href":"https:\/\/www.articulosdeseguridad.com.co\/index.php\/wp-json\/wp\/v2\/comments?post=17625"}],"wp:featuredmedia":[{"embeddable":true,"href":"https:\/\/www.articulosdeseguridad.com.co\/index.php\/wp-json\/wp\/v2\/media\/17626"}],"wp:attachment":[{"href":"https:\/\/www.articulosdeseguridad.com.co\/index.php\/wp-json\/wp\/v2\/media?parent=17625"}],"wp:term":[{"taxonomy":"product_brand","embeddable":true,"href":"https:\/\/www.articulosdeseguridad.com.co\/index.php\/wp-json\/wp\/v2\/product_brand?post=17625"},{"taxonomy":"product_cat","embeddable":true,"href":"https:\/\/www.articulosdeseguridad.com.co\/index.php\/wp-json\/wp\/v2\/product_cat?post=17625"},{"taxonomy":"product_tag","embeddable":true,"href":"https:\/\/www.articulosdeseguridad.com.co\/index.php\/wp-json\/wp\/v2\/product_tag?post=17625"}],"curies":[{"name":"wp","href":"https:\/\/api.w.org\/{rel}","templated":true}]}}