{"id":17685,"date":"2021-02-21T17:22:52","date_gmt":"2021-02-21T17:22:52","guid":{"rendered":"https:\/\/www.articulosdeseguridad.com.co\/?post_type=product&#038;p=17685"},"modified":"2023-09-25T19:18:25","modified_gmt":"2023-09-26T00:18:25","slug":"barbuquejo-3-puntos-para-casco-msa","status":"publish","type":"product","link":"https:\/\/www.articulosdeseguridad.com.co\/index.php\/product\/barbuquejo-3-puntos-para-casco-msa\/","title":{"rendered":"BARBUQUEJO 3 PUNTOS PARA CASCO MSA"},"content":{"rendered":"<p><img fetchpriority=\"high\" decoding=\"async\" class=\"size-medium wp-image-17689 alignleft\" src=\"https:\/\/www.articulosdeseguridad.com.co\/wp-content\/uploads\/2021\/02\/Barbuquejo-3-puntos-msa-300x275.jpg\" alt=\"\" width=\"300\" height=\"275\" srcset=\"https:\/\/www.articulosdeseguridad.com.co\/wp-content\/uploads\/2021\/02\/Barbuquejo-3-puntos-msa-300x275.jpg 300w, https:\/\/www.articulosdeseguridad.com.co\/wp-content\/uploads\/2021\/02\/Barbuquejo-3-puntos-msa-600x550.jpg 600w, https:\/\/www.articulosdeseguridad.com.co\/wp-content\/uploads\/2021\/02\/Barbuquejo-3-puntos-msa.jpg 720w\" sizes=\"(max-width: 300px) 100vw, 300px\" \/><\/p>\n<h2>BARBUQUEJO 3 PUNTOS PARA CASCO MSA<\/h2>\n<p>Ayuda a mantener estables los cascos a la cabeza del trabajador. Disponible en dos estilos, no contienen partes met\u00e1licas para que puedan ser usados en cascos diel\u00e9ctricos sin que ello afecte las certificaciones. Especialmente dise\u00f1ado para suspensi\u00f3n FAST TRAC. Incluye mentonera.<\/p>\n","protected":false},"excerpt":{"rendered":"<ul>\n<li>Textil en reata color negro<\/li>\n<li>Mentonera pl\u00e1stica<\/li>\n<li>Tres puntos de acople a casco<\/li>\n<li>Especial para suspensi\u00f3n FAST TRAC<\/li>\n<\/ul>\n","protected":false},"featured_media":17689,"comment_status":"closed","ping_status":"closed","template":"","meta":{"_acf_changed":false},"product_brand":[],"product_cat":[135,94],"product_tag":[714,715],"class_list":{"0":"post-17685","1":"product","2":"type-product","3":"status-publish","4":"has-post-thumbnail","6":"product_cat-accesorios-proteccion-cabeza","7":"product_cat-proteccion-cabeza","8":"product_tag-barbuquejo-3-puntos","9":"product_tag-barbuquejo-casco-msa","11":"first","12":"instock","13":"taxable","14":"shipping-taxable","15":"purchasable","16":"product-type-simple"},"acf":[],"aioseo_notices":[],"_links":{"self":[{"href":"https:\/\/www.articulosdeseguridad.com.co\/index.php\/wp-json\/wp\/v2\/product\/17685","targetHints":{"allow":["GET"]}}],"collection":[{"href":"https:\/\/www.articulosdeseguridad.com.co\/index.php\/wp-json\/wp\/v2\/product"}],"about":[{"href":"https:\/\/www.articulosdeseguridad.com.co\/index.php\/wp-json\/wp\/v2\/types\/product"}],"replies":[{"embeddable":true,"href":"https:\/\/www.articulosdeseguridad.com.co\/index.php\/wp-json\/wp\/v2\/comments?post=17685"}],"wp:featuredmedia":[{"embeddable":true,"href":"https:\/\/www.articulosdeseguridad.com.co\/index.php\/wp-json\/wp\/v2\/media\/17689"}],"wp:attachment":[{"href":"https:\/\/www.articulosdeseguridad.com.co\/index.php\/wp-json\/wp\/v2\/media?parent=17685"}],"wp:term":[{"taxonomy":"product_brand","embeddable":true,"href":"https:\/\/www.articulosdeseguridad.com.co\/index.php\/wp-json\/wp\/v2\/product_brand?post=17685"},{"taxonomy":"product_cat","embeddable":true,"href":"https:\/\/www.articulosdeseguridad.com.co\/index.php\/wp-json\/wp\/v2\/product_cat?post=17685"},{"taxonomy":"product_tag","embeddable":true,"href":"https:\/\/www.articulosdeseguridad.com.co\/index.php\/wp-json\/wp\/v2\/product_tag?post=17685"}],"curies":[{"name":"wp","href":"https:\/\/api.w.org\/{rel}","templated":true}]}}