{"id":17705,"date":"2021-02-21T21:57:23","date_gmt":"2021-02-21T21:57:23","guid":{"rendered":"https:\/\/www.articulosdeseguridad.com.co\/?post_type=product&#038;p=17705"},"modified":"2022-07-21T18:02:49","modified_gmt":"2022-07-21T23:02:49","slug":"tapabocas-termosellado-3-capas-blanco-caja-x-50-un","status":"publish","type":"product","link":"https:\/\/www.articulosdeseguridad.com.co\/index.php\/product\/tapabocas-termosellado-3-capas-blanco-caja-x-50-un\/","title":{"rendered":"Tapabocas Termosellado 3 Capas Blanco Caja X 50 UN"},"content":{"rendered":"<h1><img fetchpriority=\"high\" decoding=\"async\" class=\"size-medium wp-image-17706 alignleft\" src=\"https:\/\/www.articulosdeseguridad.com.co\/wp-content\/uploads\/2021\/02\/tapabocas-termosellado-tres-capas-blanco-300x275.jpg\" alt=\"\" width=\"300\" height=\"275\" srcset=\"https:\/\/www.articulosdeseguridad.com.co\/wp-content\/uploads\/2021\/02\/tapabocas-termosellado-tres-capas-blanco-300x275.jpg 300w, https:\/\/www.articulosdeseguridad.com.co\/wp-content\/uploads\/2021\/02\/tapabocas-termosellado-tres-capas-blanco-600x550.jpg 600w, https:\/\/www.articulosdeseguridad.com.co\/wp-content\/uploads\/2021\/02\/tapabocas-termosellado-tres-capas-blanco.jpg 720w\" sizes=\"(max-width: 300px) 100vw, 300px\" \/><\/h1>\n<h1>TAPABOCAS TERMOSELLADO 3 CAPAS BLANCO CAJA X 50 UN<\/h1>\n<p>Los tapabocas termosellados de 3 capas son utilizados como barrera de protecci\u00f3n en el campo m\u00e9dico y odontol\u00f3gico.<\/p>\n","protected":false},"excerpt":{"rendered":"<ul>\n<li>Tapabocas termosellado<\/li>\n<li>El\u00e1stico<\/li>\n<li>Marca Fil bacter<\/li>\n<li>En color blanco<\/li>\n<li>Caja x 50 unidades<\/li>\n<li>Mascarilla de tres capas el\u00e1stico.<\/li>\n<\/ul>\n","protected":false},"featured_media":17706,"comment_status":"closed","ping_status":"closed","template":"","meta":{"_acf_changed":false},"product_brand":[],"product_cat":[157,90],"product_tag":[],"class_list":{"0":"post-17705","1":"product","2":"type-product","3":"status-publish","4":"has-post-thumbnail","6":"product_cat-material-particulado-proteccion-respiratoria","7":"product_cat-proteccion-respiratoria","9":"first","10":"instock","11":"taxable","12":"shipping-taxable","13":"purchasable","14":"product-type-simple"},"acf":[],"aioseo_notices":[],"_links":{"self":[{"href":"https:\/\/www.articulosdeseguridad.com.co\/index.php\/wp-json\/wp\/v2\/product\/17705","targetHints":{"allow":["GET"]}}],"collection":[{"href":"https:\/\/www.articulosdeseguridad.com.co\/index.php\/wp-json\/wp\/v2\/product"}],"about":[{"href":"https:\/\/www.articulosdeseguridad.com.co\/index.php\/wp-json\/wp\/v2\/types\/product"}],"replies":[{"embeddable":true,"href":"https:\/\/www.articulosdeseguridad.com.co\/index.php\/wp-json\/wp\/v2\/comments?post=17705"}],"wp:featuredmedia":[{"embeddable":true,"href":"https:\/\/www.articulosdeseguridad.com.co\/index.php\/wp-json\/wp\/v2\/media\/17706"}],"wp:attachment":[{"href":"https:\/\/www.articulosdeseguridad.com.co\/index.php\/wp-json\/wp\/v2\/media?parent=17705"}],"wp:term":[{"taxonomy":"product_brand","embeddable":true,"href":"https:\/\/www.articulosdeseguridad.com.co\/index.php\/wp-json\/wp\/v2\/product_brand?post=17705"},{"taxonomy":"product_cat","embeddable":true,"href":"https:\/\/www.articulosdeseguridad.com.co\/index.php\/wp-json\/wp\/v2\/product_cat?post=17705"},{"taxonomy":"product_tag","embeddable":true,"href":"https:\/\/www.articulosdeseguridad.com.co\/index.php\/wp-json\/wp\/v2\/product_tag?post=17705"}],"curies":[{"name":"wp","href":"https:\/\/api.w.org\/{rel}","templated":true}]}}