{"id":17752,"date":"2021-02-25T09:56:00","date_gmt":"2021-02-25T09:56:00","guid":{"rendered":"https:\/\/www.articulosdeseguridad.com.co\/?post_type=product&#038;p=17752"},"modified":"2023-06-27T21:27:31","modified_gmt":"2023-06-28T02:27:31","slug":"bota-de-seguridad-con-puntera-revolution-steel-worker","status":"publish","type":"product","link":"https:\/\/www.articulosdeseguridad.com.co\/index.php\/product\/bota-de-seguridad-con-puntera-revolution-steel-worker\/","title":{"rendered":"Bota de Seguridad Revolution Steel Worker"},"content":{"rendered":"<h1><img fetchpriority=\"high\" decoding=\"async\" class=\"size-medium wp-image-17832 alignleft\" src=\"https:\/\/www.articulosdeseguridad.com.co\/wp-content\/uploads\/2021\/02\/bota-seguridad-revolution-steel-series-negro-amarilla-300x275.jpg\" alt=\"\" width=\"300\" height=\"275\" srcset=\"https:\/\/www.articulosdeseguridad.com.co\/wp-content\/uploads\/2021\/02\/bota-seguridad-revolution-steel-series-negro-amarilla-300x275.jpg 300w, https:\/\/www.articulosdeseguridad.com.co\/wp-content\/uploads\/2021\/02\/bota-seguridad-revolution-steel-series-negro-amarilla-600x550.jpg 600w, https:\/\/www.articulosdeseguridad.com.co\/wp-content\/uploads\/2021\/02\/bota-seguridad-revolution-steel-series-negro-amarilla.jpg 720w\" sizes=\"(max-width: 300px) 100vw, 300px\" \/>Bota Revolution Steel Worker<\/h1>\n<p>Bota de seguridad Revolution. Fabricada en Cordura resistente al agua. Su dise\u00f1o deportivo, la hace una bota moderna, c\u00f3moda y resistente gracias a su suela en caucho y construcci\u00f3n cementada. Cuenta con puntera de seguridad resistente a impactos, suela con dise\u00f1o antideslizante y resistencia a hidrocarburos.<\/p>\n","protected":false},"excerpt":{"rendered":"<ul>\n<li>Propiedad diel\u00e9ctrica<\/li>\n<li>Resistente al agua<\/li>\n<li>Suela antideslizante<\/li>\n<li>Suela resistente a hidrocarburos<\/li>\n<li>Puntera resistente a impactos<\/li>\n<li>Dise\u00f1o deportivo<\/li>\n<\/ul>\n<p><a href=\"https:\/\/www.articulosdeseguridad.com.co\/wp-content\/uploads\/2021\/02\/1.Ficha-Tecnica-Bota-revolution.pdf\" target=\"_blank\" rel=\"noopener\">1.Ficha Tecnica Bota revolution<\/a><\/p>\n","protected":false},"featured_media":17832,"comment_status":"closed","ping_status":"closed","template":"","meta":{"_acf_changed":false},"product_brand":[],"product_cat":[120,124],"product_tag":[],"class_list":{"0":"post-17752","1":"product","2":"type-product","3":"status-publish","4":"has-post-thumbnail","6":"product_cat-calzado-seguridad","7":"product_cat-linea-cuero","8":"pa_talla-botas-531","9":"pa_talla-botas-532","10":"pa_talla-botas-533","11":"pa_talla-botas-534","12":"pa_talla-botas-535","13":"pa_talla-botas-536","14":"pa_talla-botas-537","15":"pa_talla-botas-538","16":"pa_talla-botas-539","17":"pa_talla-botas-540","18":"pa_talla-botas-541","20":"first","21":"instock","22":"taxable","23":"shipping-taxable","24":"purchasable","25":"product-type-variable"},"acf":[],"aioseo_notices":[],"_links":{"self":[{"href":"https:\/\/www.articulosdeseguridad.com.co\/index.php\/wp-json\/wp\/v2\/product\/17752","targetHints":{"allow":["GET"]}}],"collection":[{"href":"https:\/\/www.articulosdeseguridad.com.co\/index.php\/wp-json\/wp\/v2\/product"}],"about":[{"href":"https:\/\/www.articulosdeseguridad.com.co\/index.php\/wp-json\/wp\/v2\/types\/product"}],"replies":[{"embeddable":true,"href":"https:\/\/www.articulosdeseguridad.com.co\/index.php\/wp-json\/wp\/v2\/comments?post=17752"}],"wp:featuredmedia":[{"embeddable":true,"href":"https:\/\/www.articulosdeseguridad.com.co\/index.php\/wp-json\/wp\/v2\/media\/17832"}],"wp:attachment":[{"href":"https:\/\/www.articulosdeseguridad.com.co\/index.php\/wp-json\/wp\/v2\/media?parent=17752"}],"wp:term":[{"taxonomy":"product_brand","embeddable":true,"href":"https:\/\/www.articulosdeseguridad.com.co\/index.php\/wp-json\/wp\/v2\/product_brand?post=17752"},{"taxonomy":"product_cat","embeddable":true,"href":"https:\/\/www.articulosdeseguridad.com.co\/index.php\/wp-json\/wp\/v2\/product_cat?post=17752"},{"taxonomy":"product_tag","embeddable":true,"href":"https:\/\/www.articulosdeseguridad.com.co\/index.php\/wp-json\/wp\/v2\/product_tag?post=17752"}],"curies":[{"name":"wp","href":"https:\/\/api.w.org\/{rel}","templated":true}]}}