{"id":17766,"date":"2021-02-25T10:31:24","date_gmt":"2021-02-25T10:31:24","guid":{"rendered":"https:\/\/www.articulosdeseguridad.com.co\/?post_type=product&#038;p=17766"},"modified":"2021-03-05T02:42:19","modified_gmt":"2021-03-05T02:42:19","slug":"guante-nitrilo-azul-latexport","status":"publish","type":"product","link":"https:\/\/www.articulosdeseguridad.com.co\/index.php\/product\/guante-nitrilo-azul-latexport\/","title":{"rendered":"Guante Nitrilo Azul Latexport"},"content":{"rendered":"<h1><img fetchpriority=\"high\" decoding=\"async\" class=\"size-medium wp-image-17834 alignleft\" src=\"https:\/\/www.articulosdeseguridad.com.co\/wp-content\/uploads\/2021\/02\/Guante-Nitrilo-azul-300x275.jpg\" alt=\"\" width=\"300\" height=\"275\" srcset=\"https:\/\/www.articulosdeseguridad.com.co\/wp-content\/uploads\/2021\/02\/Guante-Nitrilo-azul-300x275.jpg 300w, https:\/\/www.articulosdeseguridad.com.co\/wp-content\/uploads\/2021\/02\/Guante-Nitrilo-azul-600x550.jpg 600w, https:\/\/www.articulosdeseguridad.com.co\/wp-content\/uploads\/2021\/02\/Guante-Nitrilo-azul.jpg 720w\" sizes=\"(max-width: 300px) 100vw, 300px\" \/>Guante Nitrilo Azul Latexport<\/h1>\n<p>Guante de nitrilo azul sin polvo marca Latexport. Dise\u00f1o ambidiestro con terminaci\u00f3n texturizada en los dedos. M\u00e1xima sensibilidad t\u00e1ctil y destreza. Ver m\u00e1s.<\/p>\n","protected":false},"excerpt":{"rendered":"<ul>\n<li>M\u00e1xima sensibilidad t\u00e1ctil y destreza para realizar tareas complejas de manera eficiente.<\/li>\n<li>Ergon\u00f3mico, dando gran comodidad durante todo el d\u00eda, reduciendo la fatiga de la mano.<\/li>\n<li>Ambidiestros cada guante se puede usar en mano izquierda o derecha.<\/li>\n<li>Dedos texturizados para un mejor agarre.<\/li>\n<li>Orillo que aumenta la resistencia al desgarre y facilita la postura del guante.<\/li>\n<li>Guante no est\u00e9ril por lo que es utilizado para fines higi\u00e9nicos y de autoprotecci\u00f3n.<\/li>\n<li>Resistencia moderada al contacto con qu\u00edmicos.<\/li>\n<li>El guante no contiene talco en su interior.<\/li>\n<li>Clorado para disminuir el riesgo de irritaciones y alergias.<\/li>\n<li>Con registro sanitario.<\/li>\n<\/ul>\n<p>Ficha T\u00e9cnica<\/p>\n<p><a href=\"https:\/\/www.articulosdeseguridad.com.co\/wp-content\/uploads\/2021\/02\/Ficha-Tecnica-Guante-Nitrilo-LATEXPORT.pdf\" target=\"_blank\" rel=\"noopener\">Ficha T\u00e9cnica Guante Nitrilo LATEXPORT<\/a><\/p>\n","protected":false},"featured_media":17834,"comment_status":"closed","ping_status":"closed","template":"","meta":{"_acf_changed":false},"product_brand":[],"product_cat":[89,144],"product_tag":[244,672],"class_list":{"0":"post-17766","1":"product","2":"type-product","3":"status-publish","4":"has-post-thumbnail","6":"product_cat-proteccion-manual","7":"product_cat-proteccion-quimica-proteccion-manual","8":"product_tag-guante-nitrilo","9":"product_tag-guante-nitrilo-azul-sin-polvo","11":"first","12":"instock","13":"taxable","14":"shipping-taxable","15":"purchasable","16":"product-type-variable"},"acf":[],"aioseo_notices":[],"_links":{"self":[{"href":"https:\/\/www.articulosdeseguridad.com.co\/index.php\/wp-json\/wp\/v2\/product\/17766","targetHints":{"allow":["GET"]}}],"collection":[{"href":"https:\/\/www.articulosdeseguridad.com.co\/index.php\/wp-json\/wp\/v2\/product"}],"about":[{"href":"https:\/\/www.articulosdeseguridad.com.co\/index.php\/wp-json\/wp\/v2\/types\/product"}],"replies":[{"embeddable":true,"href":"https:\/\/www.articulosdeseguridad.com.co\/index.php\/wp-json\/wp\/v2\/comments?post=17766"}],"wp:featuredmedia":[{"embeddable":true,"href":"https:\/\/www.articulosdeseguridad.com.co\/index.php\/wp-json\/wp\/v2\/media\/17834"}],"wp:attachment":[{"href":"https:\/\/www.articulosdeseguridad.com.co\/index.php\/wp-json\/wp\/v2\/media?parent=17766"}],"wp:term":[{"taxonomy":"product_brand","embeddable":true,"href":"https:\/\/www.articulosdeseguridad.com.co\/index.php\/wp-json\/wp\/v2\/product_brand?post=17766"},{"taxonomy":"product_cat","embeddable":true,"href":"https:\/\/www.articulosdeseguridad.com.co\/index.php\/wp-json\/wp\/v2\/product_cat?post=17766"},{"taxonomy":"product_tag","embeddable":true,"href":"https:\/\/www.articulosdeseguridad.com.co\/index.php\/wp-json\/wp\/v2\/product_tag?post=17766"}],"curies":[{"name":"wp","href":"https:\/\/api.w.org\/{rel}","templated":true}]}}