{"id":17805,"date":"2021-03-05T00:05:00","date_gmt":"2021-03-05T00:05:00","guid":{"rendered":"https:\/\/www.articulosdeseguridad.com.co\/?post_type=product&#038;p=17805"},"modified":"2021-03-05T00:05:11","modified_gmt":"2021-03-05T00:05:11","slug":"mascarilla-para-polvo-termosella-11902010da-negra-zubiola","status":"publish","type":"product","link":"https:\/\/www.articulosdeseguridad.com.co\/index.php\/product\/mascarilla-para-polvo-termosella-11902010da-negra-zubiola\/","title":{"rendered":"Mascarilla Para Polvo Termosellada Negra"},"content":{"rendered":"<h1><img fetchpriority=\"high\" decoding=\"async\" class=\"size-medium wp-image-17806 alignleft\" src=\"https:\/\/www.articulosdeseguridad.com.co\/wp-content\/uploads\/2021\/03\/respirador-zubiola-negro-polvo-11902010-300x275.jpg\" alt=\"\" width=\"300\" height=\"275\" srcset=\"https:\/\/www.articulosdeseguridad.com.co\/wp-content\/uploads\/2021\/03\/respirador-zubiola-negro-polvo-11902010-300x275.jpg 300w, https:\/\/www.articulosdeseguridad.com.co\/wp-content\/uploads\/2021\/03\/respirador-zubiola-negro-polvo-11902010-600x550.jpg 600w, https:\/\/www.articulosdeseguridad.com.co\/wp-content\/uploads\/2021\/03\/respirador-zubiola-negro-polvo-11902010.jpg 720w\" sizes=\"(max-width: 300px) 100vw, 300px\" \/>Mascarilla Para Polvo Termosellada Zubiola<\/h1>\n<p>La mascarilla para polvo marca Zubiola, es una alternativa econ\u00f3mica de altas prestaciones. Cuenta con 2 bandas el\u00e1sticas para ajuste en la cabeza y clip nasal met\u00e1lico. Ideal para trabajos livianos con baja presencia de material particulado.<\/p>\n","protected":false},"excerpt":{"rendered":"<ul>\n<li>Con 2 bandas el\u00e1sticas para ajustar a la cabeza.<\/li>\n<li>Tiene un clip met\u00e1lico que permite ajustarse a la nariz.\u00a0Optimiza el ajuste facial y el hermetismo en condiciones extremas de sudoraci\u00f3n.<\/li>\n<li>Protecci\u00f3n confortable contra molestias de polvos no t\u00f3xicos.<\/li>\n<li>Ideal para trabajos de renovaci\u00f3n (arena) y para trabajos en la casa y de jardiner\u00eda (polen).<\/li>\n<li>No es apropiada para usar contra aire peligrosamente contaminado de t\u00f3xicos como pinturas en roc\u00edo, neblina, humo, gases y vapores.<\/li>\n<li>No est\u00e1 dise\u00f1ada para uso como protecci\u00f3n contra asbesto, di\u00f3xido de silicio, polvo de algod\u00f3n o alg\u00fan otro polvo t\u00f3xico.<\/li>\n<\/ul>\n<p><a href=\"https:\/\/www.articulosdeseguridad.com.co\/wp-content\/uploads\/2021\/03\/Mascarilla-para-polvo-\u2022-Termosellada-\u2022-Desechable-\u2022-Bolsa-x-5-unidades-\u2022-Color-Negro-1.pdf\" target=\"_blank\" rel=\"noopener\">Mascarilla para polvo \u2022 Termosellada \u2022 Desechable \u2022 Bolsa x 5 unidades \u2022 Color Negro (1)<\/a><\/p>\n","protected":false},"featured_media":17806,"comment_status":"closed","ping_status":"closed","template":"","meta":{"_acf_changed":false},"product_brand":[],"product_cat":[157,90],"product_tag":[],"class_list":{"0":"post-17805","1":"product","2":"type-product","3":"status-publish","4":"has-post-thumbnail","6":"product_cat-material-particulado-proteccion-respiratoria","7":"product_cat-proteccion-respiratoria","9":"first","10":"instock","11":"taxable","12":"shipping-taxable","13":"purchasable","14":"product-type-simple"},"acf":[],"aioseo_notices":[],"_links":{"self":[{"href":"https:\/\/www.articulosdeseguridad.com.co\/index.php\/wp-json\/wp\/v2\/product\/17805","targetHints":{"allow":["GET"]}}],"collection":[{"href":"https:\/\/www.articulosdeseguridad.com.co\/index.php\/wp-json\/wp\/v2\/product"}],"about":[{"href":"https:\/\/www.articulosdeseguridad.com.co\/index.php\/wp-json\/wp\/v2\/types\/product"}],"replies":[{"embeddable":true,"href":"https:\/\/www.articulosdeseguridad.com.co\/index.php\/wp-json\/wp\/v2\/comments?post=17805"}],"wp:featuredmedia":[{"embeddable":true,"href":"https:\/\/www.articulosdeseguridad.com.co\/index.php\/wp-json\/wp\/v2\/media\/17806"}],"wp:attachment":[{"href":"https:\/\/www.articulosdeseguridad.com.co\/index.php\/wp-json\/wp\/v2\/media?parent=17805"}],"wp:term":[{"taxonomy":"product_brand","embeddable":true,"href":"https:\/\/www.articulosdeseguridad.com.co\/index.php\/wp-json\/wp\/v2\/product_brand?post=17805"},{"taxonomy":"product_cat","embeddable":true,"href":"https:\/\/www.articulosdeseguridad.com.co\/index.php\/wp-json\/wp\/v2\/product_cat?post=17805"},{"taxonomy":"product_tag","embeddable":true,"href":"https:\/\/www.articulosdeseguridad.com.co\/index.php\/wp-json\/wp\/v2\/product_tag?post=17805"}],"curies":[{"name":"wp","href":"https:\/\/api.w.org\/{rel}","templated":true}]}}