{"id":17821,"date":"2021-03-05T02:03:22","date_gmt":"2021-03-05T02:03:22","guid":{"rendered":"https:\/\/www.articulosdeseguridad.com.co\/?post_type=product&#038;p=17821"},"modified":"2024-09-06T12:04:00","modified_gmt":"2024-09-06T17:04:00","slug":"camiseta-ignifuga-tipo-polo-manga-larga-fr10","status":"publish","type":"product","link":"https:\/\/www.articulosdeseguridad.com.co\/index.php\/product\/camiseta-ignifuga-tipo-polo-manga-larga-fr10\/","title":{"rendered":"Camiseta Ignifuga Tipo Polo Manga Larga FR10"},"content":{"rendered":"<h1><img fetchpriority=\"high\" decoding=\"async\" class=\"size-medium wp-image-17822 alignleft\" src=\"https:\/\/www.articulosdeseguridad.com.co\/wp-content\/uploads\/2021\/03\/camiseta-tipo-polo-manga-larga-fr10-negro-portwest-300x275.jpg\" alt=\"\" width=\"300\" height=\"275\" srcset=\"https:\/\/www.articulosdeseguridad.com.co\/wp-content\/uploads\/2021\/03\/camiseta-tipo-polo-manga-larga-fr10-negro-portwest-300x275.jpg 300w, https:\/\/www.articulosdeseguridad.com.co\/wp-content\/uploads\/2021\/03\/camiseta-tipo-polo-manga-larga-fr10-negro-portwest-600x550.jpg 600w, https:\/\/www.articulosdeseguridad.com.co\/wp-content\/uploads\/2021\/03\/camiseta-tipo-polo-manga-larga-fr10-negro-portwest.jpg 720w\" sizes=\"(max-width: 300px) 100vw, 300px\" \/>Camiseta Ignifuga Tipo Polo Manga Larga FR10<\/h1>\n<p>Camiseta Ignifuga Tipo Polo Manga Larga FR10, Apropiado para los d\u00edas m\u00e1s fr\u00edos e ideal para los trabajadores de industrias expuestos al calor. El elegante dise\u00f1o de esta prenda cuenta con una plaqueta de 3 botones y con cuello y pu\u00f1os ribeteados.<\/p>\n<p>Fabricado en material anti est\u00e1tico y resistente a la llama.<\/p>\n<p>Modaflame Knit: 60% Modacr\u00edlico, 39% Algod\u00f3n, 1% fibra de Carbono 200g<\/p>\n","protected":false},"excerpt":{"rendered":"<ul>\n<li>Camiseta Ignifuga Tipo Polo Manga Larga FR10<\/li>\n<li>Las cualidades inherentes de resistencia a la llama no disminuir\u00e1n con los lavados<\/li>\n<li>Tejido transpirable que retira la humedad del cuerpo manteniendo fresco y confortable al usuario<\/li>\n<li>Resultados extraordinarios para la solidez de color y encogimiento<\/li>\n<li>Tejido clasificado UPF 50+ que bloquea el 98% de los rayos UV<\/li>\n<li>Pu\u00f1o el\u00e1stico resistente a la llama para mayor seguridad<\/li>\n<\/ul>\n<p>Ficha T\u00e9cnica<\/p>\n<p><a href=\"https:\/\/www.articulosdeseguridad.com.co\/wp-content\/uploads\/2021\/03\/Camiseta-Polo-Ignifuga-FR10.pdf\" target=\"_blank\" rel=\"noopener\">Camiseta Polo Ignifuga &#8211; FR10<\/a><\/p>\n","protected":false},"featured_media":17822,"comment_status":"closed","ping_status":"closed","template":"","meta":{"_acf_changed":false},"product_brand":[],"product_cat":[107,164],"product_tag":[],"class_list":{"0":"post-17821","1":"product","2":"type-product","3":"status-publish","4":"has-post-thumbnail","6":"product_cat-proteccion-corporal","7":"product_cat-trajes-ignifugos","9":"first","10":"instock","11":"taxable","12":"shipping-taxable","13":"purchasable","14":"product-type-variable"},"acf":[],"aioseo_notices":[],"_links":{"self":[{"href":"https:\/\/www.articulosdeseguridad.com.co\/index.php\/wp-json\/wp\/v2\/product\/17821","targetHints":{"allow":["GET"]}}],"collection":[{"href":"https:\/\/www.articulosdeseguridad.com.co\/index.php\/wp-json\/wp\/v2\/product"}],"about":[{"href":"https:\/\/www.articulosdeseguridad.com.co\/index.php\/wp-json\/wp\/v2\/types\/product"}],"replies":[{"embeddable":true,"href":"https:\/\/www.articulosdeseguridad.com.co\/index.php\/wp-json\/wp\/v2\/comments?post=17821"}],"wp:featuredmedia":[{"embeddable":true,"href":"https:\/\/www.articulosdeseguridad.com.co\/index.php\/wp-json\/wp\/v2\/media\/17822"}],"wp:attachment":[{"href":"https:\/\/www.articulosdeseguridad.com.co\/index.php\/wp-json\/wp\/v2\/media?parent=17821"}],"wp:term":[{"taxonomy":"product_brand","embeddable":true,"href":"https:\/\/www.articulosdeseguridad.com.co\/index.php\/wp-json\/wp\/v2\/product_brand?post=17821"},{"taxonomy":"product_cat","embeddable":true,"href":"https:\/\/www.articulosdeseguridad.com.co\/index.php\/wp-json\/wp\/v2\/product_cat?post=17821"},{"taxonomy":"product_tag","embeddable":true,"href":"https:\/\/www.articulosdeseguridad.com.co\/index.php\/wp-json\/wp\/v2\/product_tag?post=17821"}],"curies":[{"name":"wp","href":"https:\/\/api.w.org\/{rel}","templated":true}]}}