{"id":17870,"date":"2021-03-11T23:13:16","date_gmt":"2021-03-11T23:13:16","guid":{"rendered":"https:\/\/www.articulosdeseguridad.com.co\/?post_type=product&#038;p=17870"},"modified":"2021-03-11T23:13:58","modified_gmt":"2021-03-11T23:13:58","slug":"delantal-soldador-en-vaqueta","status":"publish","type":"product","link":"https:\/\/www.articulosdeseguridad.com.co\/index.php\/product\/delantal-soldador-en-vaqueta\/","title":{"rendered":"Delantal Soldador en Vaqueta"},"content":{"rendered":"<h2><img fetchpriority=\"high\" decoding=\"async\" class=\"size-medium wp-image-17852 alignleft\" src=\"https:\/\/www.articulosdeseguridad.com.co\/wp-content\/uploads\/2021\/03\/delantal-soldador-vaqueta-300x275.jpg\" alt=\"\" width=\"300\" height=\"275\" srcset=\"https:\/\/www.articulosdeseguridad.com.co\/wp-content\/uploads\/2021\/03\/delantal-soldador-vaqueta-300x275.jpg 300w, https:\/\/www.articulosdeseguridad.com.co\/wp-content\/uploads\/2021\/03\/delantal-soldador-vaqueta-600x550.jpg 600w, https:\/\/www.articulosdeseguridad.com.co\/wp-content\/uploads\/2021\/03\/delantal-soldador-vaqueta.jpg 720w\" sizes=\"(max-width: 300px) 100vw, 300px\" \/>Delantal Soldador en Vaqueta<\/h2>\n<p>Delantal de cuero, de calidad Premium, para soldadura. Fabricado de cuero vacuno cosido totalmente. El delantal protege el tronco y parte superior de las piernas en soldaduras y est\u00e1 dise\u00f1ado para soportar los m\u00e1s duros ambientes. Las cintas ajustables y la hebilla de zafado r\u00e1pido hacen que el delantal est\u00e9 seguro y perfectamente ajustado.<\/p>\n","protected":false},"excerpt":{"rendered":"<ul>\n<li>Hebillas banda de amarre a nivel de la cintura<\/li>\n<li>Fabricado en cuero de alta calidad<\/li>\n<li>Dise\u00f1o ligero y c\u00f3modo<\/li>\n<li>Dimensiones 60*90 cm<\/li>\n<\/ul>\n","protected":false},"featured_media":17852,"comment_status":"closed","ping_status":"closed","template":"","meta":{"_acf_changed":false},"product_brand":[],"product_cat":[176,107],"product_tag":[728],"class_list":{"0":"post-17870","1":"product","2":"type-product","3":"status-publish","4":"has-post-thumbnail","6":"product_cat-delantales-petos","7":"product_cat-proteccion-corporal","8":"product_tag-delantal-en-vaqueta","10":"first","11":"instock","12":"taxable","13":"shipping-taxable","14":"purchasable","15":"product-type-simple"},"acf":[],"aioseo_notices":[],"_links":{"self":[{"href":"https:\/\/www.articulosdeseguridad.com.co\/index.php\/wp-json\/wp\/v2\/product\/17870","targetHints":{"allow":["GET"]}}],"collection":[{"href":"https:\/\/www.articulosdeseguridad.com.co\/index.php\/wp-json\/wp\/v2\/product"}],"about":[{"href":"https:\/\/www.articulosdeseguridad.com.co\/index.php\/wp-json\/wp\/v2\/types\/product"}],"replies":[{"embeddable":true,"href":"https:\/\/www.articulosdeseguridad.com.co\/index.php\/wp-json\/wp\/v2\/comments?post=17870"}],"wp:featuredmedia":[{"embeddable":true,"href":"https:\/\/www.articulosdeseguridad.com.co\/index.php\/wp-json\/wp\/v2\/media\/17852"}],"wp:attachment":[{"href":"https:\/\/www.articulosdeseguridad.com.co\/index.php\/wp-json\/wp\/v2\/media?parent=17870"}],"wp:term":[{"taxonomy":"product_brand","embeddable":true,"href":"https:\/\/www.articulosdeseguridad.com.co\/index.php\/wp-json\/wp\/v2\/product_brand?post=17870"},{"taxonomy":"product_cat","embeddable":true,"href":"https:\/\/www.articulosdeseguridad.com.co\/index.php\/wp-json\/wp\/v2\/product_cat?post=17870"},{"taxonomy":"product_tag","embeddable":true,"href":"https:\/\/www.articulosdeseguridad.com.co\/index.php\/wp-json\/wp\/v2\/product_tag?post=17870"}],"curies":[{"name":"wp","href":"https:\/\/api.w.org\/{rel}","templated":true}]}}