{"id":18051,"date":"2021-04-13T21:29:12","date_gmt":"2021-04-13T21:29:12","guid":{"rendered":"https:\/\/www.articulosdeseguridad.com.co\/?post_type=product&#038;p=18051"},"modified":"2025-03-21T20:24:44","modified_gmt":"2025-03-22T01:24:44","slug":"removedor-de-grasa-industrial","status":"publish","type":"product","link":"https:\/\/www.articulosdeseguridad.com.co\/index.php\/product\/removedor-de-grasa-industrial\/","title":{"rendered":"Removedor de Grasa Industrial"},"content":{"rendered":"<h1><img fetchpriority=\"high\" decoding=\"async\" class=\"size-medium wp-image-18053 alignleft\" src=\"https:\/\/www.articulosdeseguridad.com.co\/wp-content\/uploads\/2021\/04\/removedor-de-grasa-20-litros-300x275.jpg\" alt=\"\" width=\"300\" height=\"275\" srcset=\"https:\/\/www.articulosdeseguridad.com.co\/wp-content\/uploads\/2021\/04\/removedor-de-grasa-20-litros-300x275.jpg 300w, https:\/\/www.articulosdeseguridad.com.co\/wp-content\/uploads\/2021\/04\/removedor-de-grasa-20-litros-600x550.jpg 600w, https:\/\/www.articulosdeseguridad.com.co\/wp-content\/uploads\/2021\/04\/removedor-de-grasa-20-litros.jpg 720w\" sizes=\"(max-width: 300px) 100vw, 300px\" \/>Removedor de Grasa Industrial<\/h1>\n<p>El Removedor de Grasa Industrial <strong>anuwa\u00a0<\/strong>contiene una avanzada f\u00f3rmula libre de amoniaco y soda c\u00e1ustica que permite limpiar todo tipo de superficies lavables de ba\u00f1os y cocinas. Permite remover la grasa y el sarro que se deposita en las juntas de las paredes de duchas, sanitarios, lavamanos, pisos, mesones de cocina y la grifer\u00eda. Todo esto gracias al poder de sus ingredientes naturales y que contribuyen con el cuidado del medio ambiente.<\/p>\n","protected":false},"excerpt":{"rendered":"<ul>\n<li>Remueve grasa y suciedad FUERTE de superficies lavables de ba\u00f1os, cocinas y \u00e1reas comunes como (duchas, lavamanos, pisos, sanitarios, mesones y paredes).<\/li>\n<li>Remueve sarro de juntas de pisos y duchas generado por hongos y bacterias resistentes.<\/li>\n<li>Previene la formaci\u00f3n de hongos y bacterias.<\/li>\n<li>Realza el brillo de las superficies met\u00e1licas.<\/li>\n<li>No contiene Cloro ni Amoniaco, ni productos c\u00e1usticos, con el fin de no afectar la salud de las personas que lo manipula.<\/li>\n<\/ul>\n<p>Ficha T\u00e9cnica<\/p>\n<p>&nbsp;<\/p>\n","protected":false},"featured_media":18055,"comment_status":"closed","ping_status":"closed","template":"","meta":{"_acf_changed":false},"product_brand":[],"product_cat":[660],"product_tag":[],"class_list":{"0":"post-18051","1":"product","2":"type-product","3":"status-publish","4":"has-post-thumbnail","6":"product_cat-higiene-limpieza","8":"first","9":"instock","10":"taxable","11":"shipping-taxable","12":"product-type-variable"},"acf":[],"aioseo_notices":[],"_links":{"self":[{"href":"https:\/\/www.articulosdeseguridad.com.co\/index.php\/wp-json\/wp\/v2\/product\/18051","targetHints":{"allow":["GET"]}}],"collection":[{"href":"https:\/\/www.articulosdeseguridad.com.co\/index.php\/wp-json\/wp\/v2\/product"}],"about":[{"href":"https:\/\/www.articulosdeseguridad.com.co\/index.php\/wp-json\/wp\/v2\/types\/product"}],"replies":[{"embeddable":true,"href":"https:\/\/www.articulosdeseguridad.com.co\/index.php\/wp-json\/wp\/v2\/comments?post=18051"}],"wp:featuredmedia":[{"embeddable":true,"href":"https:\/\/www.articulosdeseguridad.com.co\/index.php\/wp-json\/wp\/v2\/media\/18055"}],"wp:attachment":[{"href":"https:\/\/www.articulosdeseguridad.com.co\/index.php\/wp-json\/wp\/v2\/media?parent=18051"}],"wp:term":[{"taxonomy":"product_brand","embeddable":true,"href":"https:\/\/www.articulosdeseguridad.com.co\/index.php\/wp-json\/wp\/v2\/product_brand?post=18051"},{"taxonomy":"product_cat","embeddable":true,"href":"https:\/\/www.articulosdeseguridad.com.co\/index.php\/wp-json\/wp\/v2\/product_cat?post=18051"},{"taxonomy":"product_tag","embeddable":true,"href":"https:\/\/www.articulosdeseguridad.com.co\/index.php\/wp-json\/wp\/v2\/product_tag?post=18051"}],"curies":[{"name":"wp","href":"https:\/\/api.w.org\/{rel}","templated":true}]}}