{"id":18080,"date":"2021-04-14T19:14:35","date_gmt":"2021-04-14T19:14:35","guid":{"rendered":"https:\/\/www.articulosdeseguridad.com.co\/?post_type=product&#038;p=18080"},"modified":"2021-04-14T19:25:52","modified_gmt":"2021-04-14T19:25:52","slug":"bota-feminela-negra-croydon","status":"publish","type":"product","link":"https:\/\/www.articulosdeseguridad.com.co\/index.php\/product\/bota-feminela-negra-croydon\/","title":{"rendered":"BOTA FEMINELA NEGRA"},"content":{"rendered":"<p><img fetchpriority=\"high\" decoding=\"async\" class=\"size-medium wp-image-18081 alignleft\" src=\"https:\/\/www.articulosdeseguridad.com.co\/wp-content\/uploads\/2021\/04\/BOTA_FEMINELA_NEGRA-300x275.jpg\" alt=\"\" width=\"300\" height=\"275\" srcset=\"https:\/\/www.articulosdeseguridad.com.co\/wp-content\/uploads\/2021\/04\/BOTA_FEMINELA_NEGRA-300x275.jpg 300w, https:\/\/www.articulosdeseguridad.com.co\/wp-content\/uploads\/2021\/04\/BOTA_FEMINELA_NEGRA-600x550.jpg 600w, https:\/\/www.articulosdeseguridad.com.co\/wp-content\/uploads\/2021\/04\/BOTA_FEMINELA_NEGRA.jpg 720w\" sizes=\"(max-width: 300px) 100vw, 300px\" \/><\/p>\n<h1 class=\"product_title entry-title\">BOTA FEMINELA NEGRA<\/h1>\n<p>Botas ideales para su uso en lavaderos de veh\u00edculos, para motociclistas y pr\u00e1cticas de agricultura y floricultura. 100% impermeables y resistentes al riesgo el\u00e9ctrico. Elaborada en PVC, y suela con labrado que permite el agarre en diferentes zonas de trabajo.<\/p>\n","protected":false},"excerpt":{"rendered":"<ul>\n<li>Resistente al riesgo el\u00e9ctrico<\/li>\n<li>Impermeable<\/li>\n<li>Suela con labrado para mayor agarre<\/li>\n<\/ul>\n<p>Ficha T\u00e9cnica<\/p>\n<p><a href=\"https:\/\/www.articulosdeseguridad.com.co\/wp-content\/uploads\/2021\/04\/A-FEMINELA-AZUL-Y-NEGRA.pdf\" target=\"_blank\" rel=\"noopener\">A-FEMINELA-NEGRA<\/a><\/p>\n","protected":false},"featured_media":18081,"comment_status":"closed","ping_status":"closed","template":"","meta":{"_acf_changed":false},"product_brand":[],"product_cat":[120,121],"product_tag":[],"class_list":{"0":"post-18080","1":"product","2":"type-product","3":"status-publish","4":"has-post-thumbnail","6":"product_cat-calzado-seguridad","7":"product_cat-linea-pvc-botas","8":"pa_talla-botas-531","9":"pa_talla-botas-532","10":"pa_talla-botas-533","11":"pa_talla-botas-534","12":"pa_talla-botas-535","13":"pa_talla-botas-536","15":"first","16":"instock","17":"taxable","18":"shipping-taxable","19":"product-type-variable"},"acf":[],"aioseo_notices":[],"_links":{"self":[{"href":"https:\/\/www.articulosdeseguridad.com.co\/index.php\/wp-json\/wp\/v2\/product\/18080","targetHints":{"allow":["GET"]}}],"collection":[{"href":"https:\/\/www.articulosdeseguridad.com.co\/index.php\/wp-json\/wp\/v2\/product"}],"about":[{"href":"https:\/\/www.articulosdeseguridad.com.co\/index.php\/wp-json\/wp\/v2\/types\/product"}],"replies":[{"embeddable":true,"href":"https:\/\/www.articulosdeseguridad.com.co\/index.php\/wp-json\/wp\/v2\/comments?post=18080"}],"wp:featuredmedia":[{"embeddable":true,"href":"https:\/\/www.articulosdeseguridad.com.co\/index.php\/wp-json\/wp\/v2\/media\/18081"}],"wp:attachment":[{"href":"https:\/\/www.articulosdeseguridad.com.co\/index.php\/wp-json\/wp\/v2\/media?parent=18080"}],"wp:term":[{"taxonomy":"product_brand","embeddable":true,"href":"https:\/\/www.articulosdeseguridad.com.co\/index.php\/wp-json\/wp\/v2\/product_brand?post=18080"},{"taxonomy":"product_cat","embeddable":true,"href":"https:\/\/www.articulosdeseguridad.com.co\/index.php\/wp-json\/wp\/v2\/product_cat?post=18080"},{"taxonomy":"product_tag","embeddable":true,"href":"https:\/\/www.articulosdeseguridad.com.co\/index.php\/wp-json\/wp\/v2\/product_tag?post=18080"}],"curies":[{"name":"wp","href":"https:\/\/api.w.org\/{rel}","templated":true}]}}