{"id":18597,"date":"2022-08-30T01:09:08","date_gmt":"2022-08-30T06:09:08","guid":{"rendered":"https:\/\/www.articulosdeseguridad.com.co\/?post_type=product&#038;p=18597"},"modified":"2024-02-07T15:47:41","modified_gmt":"2024-02-07T20:47:41","slug":"eslinga-retractil-microbloc-an106","status":"publish","type":"product","link":"https:\/\/www.articulosdeseguridad.com.co\/index.php\/product\/eslinga-retractil-microbloc-an106\/","title":{"rendered":"Eslinga Retr\u00e1ctil Microbloc AN106"},"content":{"rendered":"<p><img fetchpriority=\"high\" decoding=\"async\" class=\"size-medium wp-image-18599 alignleft\" src=\"https:\/\/www.articulosdeseguridad.com.co\/wp-content\/uploads\/2022\/08\/Retractil-anticaidas-microbloc-delta-plus-300x275.jpg\" alt=\"\" width=\"300\" height=\"275\" srcset=\"https:\/\/www.articulosdeseguridad.com.co\/wp-content\/uploads\/2022\/08\/Retractil-anticaidas-microbloc-delta-plus-300x275.jpg 300w, https:\/\/www.articulosdeseguridad.com.co\/wp-content\/uploads\/2022\/08\/Retractil-anticaidas-microbloc-delta-plus-600x550.jpg 600w, https:\/\/www.articulosdeseguridad.com.co\/wp-content\/uploads\/2022\/08\/Retractil-anticaidas-microbloc-delta-plus.jpg 720w\" sizes=\"(max-width: 300px) 100vw, 300px\" \/><\/p>\n<h2>Eslinga Retr\u00e1ctil Microbloc AN106<\/h2>\n<p>Dispositivo antica\u00eddas retr\u00e1ctil de cincha de 19,5 mm con disipador de energ\u00eda. carcasa de poliamida. 2 eslab\u00f3nes giratorios y testigo de ca\u00edda. 1 conector amovible. 1 gancho grande en aluminio, abertura 51 mm.<\/p>\n","protected":false},"excerpt":{"rendered":"<ul>\n<li>Peque\u00f1o desplazamiento vertical o sobre plano inclinado (menos de 3 m)<\/li>\n<li>Peque\u00f1o desplazamiento horizontal (menos de 3 m)<\/li>\n<li>Desplazamiento vertical en instalaci\u00f3n permanente<\/li>\n<li>Gran desplazamiento con posibilidad de enganche y de desenganche repetitivo<\/li>\n<\/ul>\n<p>Ficha T\u00e9cnica<\/p>\n<p><a href=\"https:\/\/www.articulosdeseguridad.com.co\/wp-content\/uploads\/2022\/08\/DELTA-PRODUCT-AN106_-1-ESLINGA-RETRACTL-MICROBLOC.pdf\" target=\"_blank\" rel=\"noopener\">DELTA-PRODUCT- AN106_ (1) &#8211; ESLINGA RETRACTL MICROBLOC<\/a><\/p>\n","protected":false},"featured_media":18599,"comment_status":"closed","ping_status":"closed","template":"","meta":{"_acf_changed":false},"product_brand":[],"product_cat":[226,113],"product_tag":[],"class_list":{"0":"post-18597","1":"product","2":"type-product","3":"status-publish","4":"has-post-thumbnail","6":"product_cat-proteccion-contra-caidas","7":"product_cat-retractil-reata-textil","9":"first","10":"instock","11":"taxable","12":"shipping-taxable","13":"purchasable","14":"product-type-simple"},"acf":[],"aioseo_notices":[],"_links":{"self":[{"href":"https:\/\/www.articulosdeseguridad.com.co\/index.php\/wp-json\/wp\/v2\/product\/18597","targetHints":{"allow":["GET"]}}],"collection":[{"href":"https:\/\/www.articulosdeseguridad.com.co\/index.php\/wp-json\/wp\/v2\/product"}],"about":[{"href":"https:\/\/www.articulosdeseguridad.com.co\/index.php\/wp-json\/wp\/v2\/types\/product"}],"replies":[{"embeddable":true,"href":"https:\/\/www.articulosdeseguridad.com.co\/index.php\/wp-json\/wp\/v2\/comments?post=18597"}],"wp:featuredmedia":[{"embeddable":true,"href":"https:\/\/www.articulosdeseguridad.com.co\/index.php\/wp-json\/wp\/v2\/media\/18599"}],"wp:attachment":[{"href":"https:\/\/www.articulosdeseguridad.com.co\/index.php\/wp-json\/wp\/v2\/media?parent=18597"}],"wp:term":[{"taxonomy":"product_brand","embeddable":true,"href":"https:\/\/www.articulosdeseguridad.com.co\/index.php\/wp-json\/wp\/v2\/product_brand?post=18597"},{"taxonomy":"product_cat","embeddable":true,"href":"https:\/\/www.articulosdeseguridad.com.co\/index.php\/wp-json\/wp\/v2\/product_cat?post=18597"},{"taxonomy":"product_tag","embeddable":true,"href":"https:\/\/www.articulosdeseguridad.com.co\/index.php\/wp-json\/wp\/v2\/product_tag?post=18597"}],"curies":[{"name":"wp","href":"https:\/\/api.w.org\/{rel}","templated":true}]}}