{"id":18601,"date":"2022-08-30T01:35:54","date_gmt":"2022-08-30T06:35:54","guid":{"rendered":"https:\/\/www.articulosdeseguridad.com.co\/?post_type=product&#038;p=18601"},"modified":"2024-11-06T18:20:46","modified_gmt":"2024-11-06T23:20:46","slug":"tripode-telescopico-en-aluminio-marca-delta-plus","status":"publish","type":"product","link":"https:\/\/www.articulosdeseguridad.com.co\/index.php\/product\/tripode-telescopico-en-aluminio-marca-delta-plus\/","title":{"rendered":"Tr\u00edpode Telesc\u00f3pico en Aluminio"},"content":{"rendered":"<h2><img fetchpriority=\"high\" decoding=\"async\" class=\"size-medium wp-image-18602 alignleft\" src=\"https:\/\/www.articulosdeseguridad.com.co\/wp-content\/uploads\/2022\/08\/Tripode-telescopico-marca-delta-plus-300x275.jpg\" alt=\"\" width=\"300\" height=\"275\" srcset=\"https:\/\/www.articulosdeseguridad.com.co\/wp-content\/uploads\/2022\/08\/Tripode-telescopico-marca-delta-plus-300x275.jpg 300w, https:\/\/www.articulosdeseguridad.com.co\/wp-content\/uploads\/2022\/08\/Tripode-telescopico-marca-delta-plus-600x550.jpg 600w, https:\/\/www.articulosdeseguridad.com.co\/wp-content\/uploads\/2022\/08\/Tripode-telescopico-marca-delta-plus.jpg 720w\" sizes=\"(max-width: 300px) 100vw, 300px\" \/>Tr\u00edpode Telesc\u00f3pico en Aluminio<\/h2>\n<p>Tr\u00edpode telesc\u00f3pico de aluminio. Tripode para trabajo en alturas regulable de 1,74m a 3,02m. Distancia m\u00e1xima del suelo 2,62m. 3 puntos de anclaje centrales, 2 puntos de anclaje sobre las patas. Incluye platinas de adaptaci\u00f3n TRA101 y TRA102 y los 3 escalones TRA103.<\/p>\n<p>&nbsp;<\/p>\n","protected":false},"excerpt":{"rendered":"<ul>\n<li>Tr\u00edpode Telesc\u00f3pico en Aluminio<\/li>\n<li>Salvamento y evacuaci\u00f3n<\/li>\n<li>Desplazamiento vertical, espacio confinado<\/li>\n<li>Pie giratorio de acero<\/li>\n<li>Tres puntos de anclaje<\/li>\n<li>Certificado para 3 personas<\/li>\n<li>Se adapta a todo tipo de superficies<\/li>\n<li>Posibilidad de descenso por cuerda<\/li>\n<\/ul>\n<p>Ficha T\u00e9cnica<\/p>\n<p><a href=\"https:\/\/www.articulosdeseguridad.com.co\/wp-content\/uploads\/2022\/08\/DELTA-PRODUCT-TRA32_.pdf\" target=\"_blank\" rel=\"noopener\">DELTA-PRODUCT- TRA32_<\/a><\/p>\n","protected":false},"featured_media":18602,"comment_status":"closed","ping_status":"closed","template":"","meta":{"_acf_changed":false},"product_brand":[],"product_cat":[226,644],"product_tag":[],"class_list":{"0":"post-18601","1":"product","2":"type-product","3":"status-publish","4":"has-post-thumbnail","6":"product_cat-proteccion-contra-caidas","7":"product_cat-rescate-en-alturas","9":"first","10":"instock","11":"taxable","12":"shipping-taxable","13":"purchasable","14":"product-type-simple"},"acf":[],"aioseo_notices":[],"_links":{"self":[{"href":"https:\/\/www.articulosdeseguridad.com.co\/index.php\/wp-json\/wp\/v2\/product\/18601","targetHints":{"allow":["GET"]}}],"collection":[{"href":"https:\/\/www.articulosdeseguridad.com.co\/index.php\/wp-json\/wp\/v2\/product"}],"about":[{"href":"https:\/\/www.articulosdeseguridad.com.co\/index.php\/wp-json\/wp\/v2\/types\/product"}],"replies":[{"embeddable":true,"href":"https:\/\/www.articulosdeseguridad.com.co\/index.php\/wp-json\/wp\/v2\/comments?post=18601"}],"wp:featuredmedia":[{"embeddable":true,"href":"https:\/\/www.articulosdeseguridad.com.co\/index.php\/wp-json\/wp\/v2\/media\/18602"}],"wp:attachment":[{"href":"https:\/\/www.articulosdeseguridad.com.co\/index.php\/wp-json\/wp\/v2\/media?parent=18601"}],"wp:term":[{"taxonomy":"product_brand","embeddable":true,"href":"https:\/\/www.articulosdeseguridad.com.co\/index.php\/wp-json\/wp\/v2\/product_brand?post=18601"},{"taxonomy":"product_cat","embeddable":true,"href":"https:\/\/www.articulosdeseguridad.com.co\/index.php\/wp-json\/wp\/v2\/product_cat?post=18601"},{"taxonomy":"product_tag","embeddable":true,"href":"https:\/\/www.articulosdeseguridad.com.co\/index.php\/wp-json\/wp\/v2\/product_tag?post=18601"}],"curies":[{"name":"wp","href":"https:\/\/api.w.org\/{rel}","templated":true}]}}