{"id":18783,"date":"2023-07-28T17:55:13","date_gmt":"2023-07-28T22:55:13","guid":{"rendered":"https:\/\/www.articulosdeseguridad.com.co\/?post_type=product&#038;p=18783"},"modified":"2023-07-28T18:07:46","modified_gmt":"2023-07-28T23:07:46","slug":"linea-de-vida-retractil-11-metros","status":"publish","type":"product","link":"https:\/\/www.articulosdeseguridad.com.co\/index.php\/product\/linea-de-vida-retractil-11-metros\/","title":{"rendered":"L\u00ednea de Vida Retr\u00e1ctil 11 metros"},"content":{"rendered":"<h2><img fetchpriority=\"high\" decoding=\"async\" class=\"size-medium wp-image-18786 alignleft\" src=\"https:\/\/www.articulosdeseguridad.com.co\/wp-content\/uploads\/2023\/07\/LINEA-DE-VIDA-RETRACTIL-AN120xxU-300x275.jpg\" alt=\"\" width=\"300\" height=\"275\" srcset=\"https:\/\/www.articulosdeseguridad.com.co\/wp-content\/uploads\/2023\/07\/LINEA-DE-VIDA-RETRACTIL-AN120xxU-300x275.jpg 300w, https:\/\/www.articulosdeseguridad.com.co\/wp-content\/uploads\/2023\/07\/LINEA-DE-VIDA-RETRACTIL-AN120xxU-600x550.jpg 600w, https:\/\/www.articulosdeseguridad.com.co\/wp-content\/uploads\/2023\/07\/LINEA-DE-VIDA-RETRACTIL-AN120xxU.jpg 720w\" sizes=\"(max-width: 300px) 100vw, 300px\" \/>L\u00ednea de Vida Retr\u00e1ctil 11 metros<\/h2>\n<p>Retr\u00e1ctil Antica\u00eddas con retorno autom\u00e1tico de cable galvanizado. Carcasa de ABS. Testigo de ca\u00edda. Sistema de bloqueo inercial y mosquet\u00f3n en acero.<\/p>\n<p>Contamos con la revisi\u00f3n, mantenimiento y certificaci\u00f3n anual.<\/p>\n","protected":false},"excerpt":{"rendered":"<ul>\n<li>Cable en acero galvanizado de 11 metros<\/li>\n<li>Carcasa pl\u00e1stica de alta duraci\u00f3n<\/li>\n<li>Sistema de bloqueo inercial<\/li>\n<li>Indicador de impacto<\/li>\n<\/ul>\n<p>Ficha t\u00e9cnica<\/p>\n<p><a href=\"https:\/\/www.articulosdeseguridad.com.co\/wp-content\/uploads\/2023\/07\/DELTA-PRODUCT-AN12011U_.pdf\" target=\"_blank\" rel=\"noopener\">DELTA-PRODUCT- AN12011U_<\/a><\/p>\n","protected":false},"featured_media":18786,"comment_status":"closed","ping_status":"closed","template":"","meta":{"_acf_changed":false},"product_brand":[],"product_cat":[226,93],"product_tag":[],"class_list":{"0":"post-18783","1":"product","2":"type-product","3":"status-publish","4":"has-post-thumbnail","6":"product_cat-proteccion-contra-caidas","7":"product_cat-retractil-cable-galvanizado","9":"first","10":"instock","11":"taxable","12":"shipping-taxable","13":"purchasable","14":"product-type-simple"},"acf":[],"aioseo_notices":[],"_links":{"self":[{"href":"https:\/\/www.articulosdeseguridad.com.co\/index.php\/wp-json\/wp\/v2\/product\/18783","targetHints":{"allow":["GET"]}}],"collection":[{"href":"https:\/\/www.articulosdeseguridad.com.co\/index.php\/wp-json\/wp\/v2\/product"}],"about":[{"href":"https:\/\/www.articulosdeseguridad.com.co\/index.php\/wp-json\/wp\/v2\/types\/product"}],"replies":[{"embeddable":true,"href":"https:\/\/www.articulosdeseguridad.com.co\/index.php\/wp-json\/wp\/v2\/comments?post=18783"}],"wp:featuredmedia":[{"embeddable":true,"href":"https:\/\/www.articulosdeseguridad.com.co\/index.php\/wp-json\/wp\/v2\/media\/18786"}],"wp:attachment":[{"href":"https:\/\/www.articulosdeseguridad.com.co\/index.php\/wp-json\/wp\/v2\/media?parent=18783"}],"wp:term":[{"taxonomy":"product_brand","embeddable":true,"href":"https:\/\/www.articulosdeseguridad.com.co\/index.php\/wp-json\/wp\/v2\/product_brand?post=18783"},{"taxonomy":"product_cat","embeddable":true,"href":"https:\/\/www.articulosdeseguridad.com.co\/index.php\/wp-json\/wp\/v2\/product_cat?post=18783"},{"taxonomy":"product_tag","embeddable":true,"href":"https:\/\/www.articulosdeseguridad.com.co\/index.php\/wp-json\/wp\/v2\/product_tag?post=18783"}],"curies":[{"name":"wp","href":"https:\/\/api.w.org\/{rel}","templated":true}]}}