{"id":18840,"date":"2023-08-17T18:30:00","date_gmt":"2023-08-17T23:30:00","guid":{"rendered":"https:\/\/www.articulosdeseguridad.com.co\/?post_type=product&#038;p=18840"},"modified":"2024-02-01T09:23:36","modified_gmt":"2024-02-01T14:23:36","slug":"guante-activarmr-78-150-ansell-cuerto-frio","status":"publish","type":"product","link":"https:\/\/www.articulosdeseguridad.com.co\/index.php\/product\/guante-activarmr-78-150-ansell-cuerto-frio\/","title":{"rendered":"Guante ActivArmr\u00ae 78-150 Ansell"},"content":{"rendered":"<h1><\/h1>\n<h2 class=\"LC20lb MBeuO DKV0Md\"><img fetchpriority=\"high\" decoding=\"async\" class=\"size-medium wp-image-18844 alignleft\" src=\"https:\/\/www.articulosdeseguridad.com.co\/wp-content\/uploads\/2023\/08\/ActivArmr-78-150-White-Product-NA-U-Card-300x225.jpg\" alt=\"\" width=\"300\" height=\"225\" srcset=\"https:\/\/www.articulosdeseguridad.com.co\/wp-content\/uploads\/2023\/08\/ActivArmr-78-150-White-Product-NA-U-Card-300x225.jpg 300w, https:\/\/www.articulosdeseguridad.com.co\/wp-content\/uploads\/2023\/08\/ActivArmr-78-150-White-Product-NA-U-Card.jpg 480w\" sizes=\"(max-width: 300px) 100vw, 300px\" \/>Guante ActivArmr\u00ae 78-150 &#8211; Ansell<\/h2>\n<p>El Guante ActivArmr\u00ae 78-150 Ansell ofrece aislamiento t\u00e9rmico para climas fr\u00edos, protegen las manos y las mantienen calientes en condiciones fr\u00edas y h\u00famedas. <strong>T<\/strong>ambi\u00e9n cumplen con los est\u00e1ndares de fr\u00edo por contacto EN 511-010, para una protecci\u00f3n personal confiable en condiciones fr\u00edas y h\u00famedas. son guantes para manipulaci\u00f3n de alimentos aprobados por la FDA.<\/p>\n<p>Guante ThermAKnit 78-150<\/p>\n","protected":false},"excerpt":{"rendered":"<ul>\n<li>Certificado EN388, EN511<\/li>\n<li>Ideal para entornos de fr\u00edo hasta -15 \u00baC<\/li>\n<li>Dise\u00f1o especial para su uso en condiciones de fr\u00edo<\/li>\n<li>Conforme con los requisitos de manipulaci\u00f3n de alimentos de la FDA<\/li>\n<li>C\u00e1lido soporte Acr\u00edlico, para protecci\u00f3n contra el fr\u00edo<\/li>\n<\/ul>\n<p>Ficha T\u00e9cnica<\/p>\n<p><a href=\"https:\/\/www.articulosdeseguridad.com.co\/wp-content\/uploads\/2023\/08\/activarmr-78-150_pds_mx.pdf\" target=\"_blank\" rel=\"noopener\">activarmr-78-150_pds_mx<\/a><\/p>\n","protected":false},"featured_media":18843,"comment_status":"open","ping_status":"closed","template":"","meta":{"_acf_changed":false},"product_brand":[],"product_cat":[89,131],"product_tag":[575],"class_list":{"0":"post-18840","1":"product","2":"type-product","3":"status-publish","4":"has-post-thumbnail","6":"product_cat-proteccion-manual","7":"product_cat-proteccion-termica-proteccion-manual","8":"product_tag-guante-cuarto-frio","10":"first","11":"instock","12":"taxable","13":"shipping-taxable","14":"purchasable","15":"product-type-simple"},"acf":[],"aioseo_notices":[],"_links":{"self":[{"href":"https:\/\/www.articulosdeseguridad.com.co\/index.php\/wp-json\/wp\/v2\/product\/18840","targetHints":{"allow":["GET"]}}],"collection":[{"href":"https:\/\/www.articulosdeseguridad.com.co\/index.php\/wp-json\/wp\/v2\/product"}],"about":[{"href":"https:\/\/www.articulosdeseguridad.com.co\/index.php\/wp-json\/wp\/v2\/types\/product"}],"replies":[{"embeddable":true,"href":"https:\/\/www.articulosdeseguridad.com.co\/index.php\/wp-json\/wp\/v2\/comments?post=18840"}],"wp:featuredmedia":[{"embeddable":true,"href":"https:\/\/www.articulosdeseguridad.com.co\/index.php\/wp-json\/wp\/v2\/media\/18843"}],"wp:attachment":[{"href":"https:\/\/www.articulosdeseguridad.com.co\/index.php\/wp-json\/wp\/v2\/media?parent=18840"}],"wp:term":[{"taxonomy":"product_brand","embeddable":true,"href":"https:\/\/www.articulosdeseguridad.com.co\/index.php\/wp-json\/wp\/v2\/product_brand?post=18840"},{"taxonomy":"product_cat","embeddable":true,"href":"https:\/\/www.articulosdeseguridad.com.co\/index.php\/wp-json\/wp\/v2\/product_cat?post=18840"},{"taxonomy":"product_tag","embeddable":true,"href":"https:\/\/www.articulosdeseguridad.com.co\/index.php\/wp-json\/wp\/v2\/product_tag?post=18840"}],"curies":[{"name":"wp","href":"https:\/\/api.w.org\/{rel}","templated":true}]}}