{"id":19079,"date":"2024-10-20T03:00:56","date_gmt":"2024-10-20T08:00:56","guid":{"rendered":"https:\/\/www.articulosdeseguridad.com.co\/?post_type=product&#038;p=19079"},"modified":"2024-10-20T04:30:57","modified_gmt":"2024-10-20T09:30:57","slug":"rotomartillo-sds-plus-1-500w-4300-gpm-32mm-110v-heavy-duty-hd","status":"publish","type":"product","link":"https:\/\/www.articulosdeseguridad.com.co\/index.php\/product\/rotomartillo-sds-plus-1-500w-4300-gpm-32mm-110v-heavy-duty-hd\/","title":{"rendered":"Rotomartillo Sds Plus 1.500W, 4300 Gpm, 32Mm, 110V Heavy Duty (Hd)"},"content":{"rendered":"<h1><img fetchpriority=\"high\" decoding=\"async\" class=\"size-medium wp-image-19101 alignleft\" src=\"https:\/\/www.articulosdeseguridad.com.co\/wp-content\/uploads\/2024\/10\/rotomartillo-takima-1500w-2-300x275.jpg\" alt=\"\" width=\"300\" height=\"275\" srcset=\"https:\/\/www.articulosdeseguridad.com.co\/wp-content\/uploads\/2024\/10\/rotomartillo-takima-1500w-2-300x275.jpg 300w, https:\/\/www.articulosdeseguridad.com.co\/wp-content\/uploads\/2024\/10\/rotomartillo-takima-1500w-2-600x550.jpg 600w, https:\/\/www.articulosdeseguridad.com.co\/wp-content\/uploads\/2024\/10\/rotomartillo-takima-1500w-2.jpg 720w\" sizes=\"(max-width: 300px) 100vw, 300px\" \/>Rotomartillo Sds Plus 1.500W<\/h1>\n<p>Rotomartillo Sds Plus 1.500W, cuenta con un Switch Selector de 2 Funciones (Rotomartillo y Martillo Percutor), Caja de Engranaje de Aluminio de Alta Resistencia Con Carcasa De Motor De Nylon, Sistema de Protecci\u00f3n de Escobillas que Permite su f\u00e1cil mantenimiento. Adicionalmente cuenta con sistema de brocas SDS para acople m\u00e1s r\u00e1pido y mayor agiladad al trabajar.<\/p>\n","protected":false},"excerpt":{"rendered":"<ul>\n<li>Rotomartillo Sds Plus 1.500W<\/li>\n<li>Selector de dos funciones (Rotomartillo y Martillo Percutor)<\/li>\n<li>Caja de engranaje de Aluminio de Alta resistencia<\/li>\n<li>Sistema de protecci\u00f3n de escobillas<\/li>\n<li>Sistema de acople r\u00e1pido SDS PLUS<\/li>\n<\/ul>\n","protected":false},"featured_media":19100,"comment_status":"closed","ping_status":"closed","template":"","meta":{"_acf_changed":false},"product_brand":[],"product_cat":[15,153,145],"product_tag":[],"class_list":{"0":"post-19079","1":"product","2":"type-product","3":"status-publish","4":"has-post-thumbnail","6":"product_cat-herramientas-equipos-electricos","7":"product_cat-herramientas-equipos-electricos-herramientas-equipos-electricos","8":"product_cat-rotomartillos","10":"first","11":"instock","12":"taxable","13":"shipping-taxable","14":"purchasable","15":"product-type-simple"},"acf":[],"aioseo_notices":[],"_links":{"self":[{"href":"https:\/\/www.articulosdeseguridad.com.co\/index.php\/wp-json\/wp\/v2\/product\/19079","targetHints":{"allow":["GET"]}}],"collection":[{"href":"https:\/\/www.articulosdeseguridad.com.co\/index.php\/wp-json\/wp\/v2\/product"}],"about":[{"href":"https:\/\/www.articulosdeseguridad.com.co\/index.php\/wp-json\/wp\/v2\/types\/product"}],"replies":[{"embeddable":true,"href":"https:\/\/www.articulosdeseguridad.com.co\/index.php\/wp-json\/wp\/v2\/comments?post=19079"}],"wp:featuredmedia":[{"embeddable":true,"href":"https:\/\/www.articulosdeseguridad.com.co\/index.php\/wp-json\/wp\/v2\/media\/19100"}],"wp:attachment":[{"href":"https:\/\/www.articulosdeseguridad.com.co\/index.php\/wp-json\/wp\/v2\/media?parent=19079"}],"wp:term":[{"taxonomy":"product_brand","embeddable":true,"href":"https:\/\/www.articulosdeseguridad.com.co\/index.php\/wp-json\/wp\/v2\/product_brand?post=19079"},{"taxonomy":"product_cat","embeddable":true,"href":"https:\/\/www.articulosdeseguridad.com.co\/index.php\/wp-json\/wp\/v2\/product_cat?post=19079"},{"taxonomy":"product_tag","embeddable":true,"href":"https:\/\/www.articulosdeseguridad.com.co\/index.php\/wp-json\/wp\/v2\/product_tag?post=19079"}],"curies":[{"name":"wp","href":"https:\/\/api.w.org\/{rel}","templated":true}]}}