{"id":19085,"date":"2024-10-20T03:04:08","date_gmt":"2024-10-20T08:04:08","guid":{"rendered":"https:\/\/www.articulosdeseguridad.com.co\/?post_type=product&#038;p=19085"},"modified":"2024-10-20T04:37:19","modified_gmt":"2024-10-20T09:37:19","slug":"rotomartillo-takima-800w-sds-plus-26mm-heavy-duty-hd-tkrh-26","status":"publish","type":"product","link":"https:\/\/www.articulosdeseguridad.com.co\/index.php\/product\/rotomartillo-takima-800w-sds-plus-26mm-heavy-duty-hd-tkrh-26\/","title":{"rendered":"Rotomartillo Takima 800W Sds Plus, 26Mm, Heavy Duty (Hd) Tkrh-26."},"content":{"rendered":"<h1><img fetchpriority=\"high\" decoding=\"async\" class=\"size-medium wp-image-19103 alignleft\" src=\"https:\/\/www.articulosdeseguridad.com.co\/wp-content\/uploads\/2024\/10\/rotomartillo-takima-800w-1-300x275.jpg\" alt=\"\" width=\"300\" height=\"275\" srcset=\"https:\/\/www.articulosdeseguridad.com.co\/wp-content\/uploads\/2024\/10\/rotomartillo-takima-800w-1-300x275.jpg 300w, https:\/\/www.articulosdeseguridad.com.co\/wp-content\/uploads\/2024\/10\/rotomartillo-takima-800w-1-600x550.jpg 600w, https:\/\/www.articulosdeseguridad.com.co\/wp-content\/uploads\/2024\/10\/rotomartillo-takima-800w-1.jpg 720w\" sizes=\"(max-width: 300px) 100vw, 300px\" \/>Rotomartillo Takima 800W Sds Plus<\/h1>\n<p>Rotomartillo Takima 800W Sds Plus, cuenta con un Switch Selector de 3 Funciones ( Taladro, Rotomartillo y Martillo Percutor), Bot\u00f3n que Permite Dejar el Equipo Encendido Continuamente, Sistema de brocas SDS Plus para Acople m\u00e1s R\u00e1pido y m\u00e1s agilidad al trabajar.<\/p>\n","protected":false},"excerpt":{"rendered":"<ul>\n<li>Rotomartillo Takima 800W Sds Plus<\/li>\n<li>Selector de 3 Funciones ( Taladro, Rotomartillo y Martillo Percutor)<\/li>\n<li>Carcasa de alta resistencia<\/li>\n<li>Gran capacidad de perforaci\u00f3n en acero, concreto y madera<\/li>\n<li>Sistema de acople r\u00e1pido SDS PLUS<\/li>\n<\/ul>\n","protected":false},"featured_media":19103,"comment_status":"closed","ping_status":"closed","template":"","meta":{"_acf_changed":false},"product_brand":[],"product_cat":[15,153,145],"product_tag":[],"class_list":{"0":"post-19085","1":"product","2":"type-product","3":"status-publish","4":"has-post-thumbnail","6":"product_cat-herramientas-equipos-electricos","7":"product_cat-herramientas-equipos-electricos-herramientas-equipos-electricos","8":"product_cat-rotomartillos","10":"first","11":"instock","12":"taxable","13":"shipping-taxable","14":"purchasable","15":"product-type-simple"},"acf":[],"aioseo_notices":[],"_links":{"self":[{"href":"https:\/\/www.articulosdeseguridad.com.co\/index.php\/wp-json\/wp\/v2\/product\/19085","targetHints":{"allow":["GET"]}}],"collection":[{"href":"https:\/\/www.articulosdeseguridad.com.co\/index.php\/wp-json\/wp\/v2\/product"}],"about":[{"href":"https:\/\/www.articulosdeseguridad.com.co\/index.php\/wp-json\/wp\/v2\/types\/product"}],"replies":[{"embeddable":true,"href":"https:\/\/www.articulosdeseguridad.com.co\/index.php\/wp-json\/wp\/v2\/comments?post=19085"}],"wp:featuredmedia":[{"embeddable":true,"href":"https:\/\/www.articulosdeseguridad.com.co\/index.php\/wp-json\/wp\/v2\/media\/19103"}],"wp:attachment":[{"href":"https:\/\/www.articulosdeseguridad.com.co\/index.php\/wp-json\/wp\/v2\/media?parent=19085"}],"wp:term":[{"taxonomy":"product_brand","embeddable":true,"href":"https:\/\/www.articulosdeseguridad.com.co\/index.php\/wp-json\/wp\/v2\/product_brand?post=19085"},{"taxonomy":"product_cat","embeddable":true,"href":"https:\/\/www.articulosdeseguridad.com.co\/index.php\/wp-json\/wp\/v2\/product_cat?post=19085"},{"taxonomy":"product_tag","embeddable":true,"href":"https:\/\/www.articulosdeseguridad.com.co\/index.php\/wp-json\/wp\/v2\/product_tag?post=19085"}],"curies":[{"name":"wp","href":"https:\/\/api.w.org\/{rel}","templated":true}]}}