{"id":19088,"date":"2024-10-20T03:48:27","date_gmt":"2024-10-20T08:48:27","guid":{"rendered":"https:\/\/www.articulosdeseguridad.com.co\/?post_type=product&#038;p=19088"},"modified":"2024-10-20T04:06:13","modified_gmt":"2024-10-20T09:06:13","slug":"taladro-inalambrico-takima-20v-li-ion-tklcd-20","status":"publish","type":"product","link":"https:\/\/www.articulosdeseguridad.com.co\/index.php\/product\/taladro-inalambrico-takima-20v-li-ion-tklcd-20\/","title":{"rendered":"Taladro Inal\u00e1mbrico Takima 20V Li-Ion, Tklcd-20"},"content":{"rendered":"<h1><img fetchpriority=\"high\" decoding=\"async\" class=\"size-medium wp-image-19089 alignleft\" src=\"https:\/\/www.articulosdeseguridad.com.co\/wp-content\/uploads\/2024\/10\/taladro-inhalambrico-takima-2-300x275.jpg\" alt=\"\" width=\"300\" height=\"275\" srcset=\"https:\/\/www.articulosdeseguridad.com.co\/wp-content\/uploads\/2024\/10\/taladro-inhalambrico-takima-2-300x275.jpg 300w, https:\/\/www.articulosdeseguridad.com.co\/wp-content\/uploads\/2024\/10\/taladro-inhalambrico-takima-2-600x550.jpg 600w, https:\/\/www.articulosdeseguridad.com.co\/wp-content\/uploads\/2024\/10\/taladro-inhalambrico-takima-2.jpg 720w\" sizes=\"(max-width: 300px) 100vw, 300px\" \/>Taladro Inal\u00e1mbrico Takima 20V<\/h1>\n<p>Taladro Inal\u00e1mbrico Takima 20V, cuenta con luz led para iluminar el \u00e1rea de trabajo. selector de reversa con punto medio de bloqueo por seguridad y un madril autom\u00e1tico de 3\/8&#8243; con selector de torque.<\/p>\n","protected":false},"excerpt":{"rendered":"<ul>\n<li>Taladro Inal\u00e1mbrico Takima 20V<\/li>\n<li>Mandril Autom\u00e1tico de 3\/8&#8243;<\/li>\n<li>Selector de torque<\/li>\n<li>Bater\u00eda de Ion de litio de alta durabilidad<\/li>\n<li>2 Bater\u00ed\u00adas.Cargador y Maleta Pl\u00e1stica<\/li>\n<\/ul>\n","protected":false},"featured_media":19089,"comment_status":"closed","ping_status":"closed","template":"","meta":{"_acf_changed":false},"product_brand":[],"product_cat":[15,153,116],"product_tag":[],"class_list":{"0":"post-19088","1":"product","2":"type-product","3":"status-publish","4":"has-post-thumbnail","6":"product_cat-herramientas-equipos-electricos","7":"product_cat-herramientas-equipos-electricos-herramientas-equipos-electricos","8":"product_cat-taladro","10":"first","11":"instock","12":"taxable","13":"shipping-taxable","14":"purchasable","15":"product-type-simple"},"acf":[],"aioseo_notices":[],"_links":{"self":[{"href":"https:\/\/www.articulosdeseguridad.com.co\/index.php\/wp-json\/wp\/v2\/product\/19088","targetHints":{"allow":["GET"]}}],"collection":[{"href":"https:\/\/www.articulosdeseguridad.com.co\/index.php\/wp-json\/wp\/v2\/product"}],"about":[{"href":"https:\/\/www.articulosdeseguridad.com.co\/index.php\/wp-json\/wp\/v2\/types\/product"}],"replies":[{"embeddable":true,"href":"https:\/\/www.articulosdeseguridad.com.co\/index.php\/wp-json\/wp\/v2\/comments?post=19088"}],"wp:featuredmedia":[{"embeddable":true,"href":"https:\/\/www.articulosdeseguridad.com.co\/index.php\/wp-json\/wp\/v2\/media\/19089"}],"wp:attachment":[{"href":"https:\/\/www.articulosdeseguridad.com.co\/index.php\/wp-json\/wp\/v2\/media?parent=19088"}],"wp:term":[{"taxonomy":"product_brand","embeddable":true,"href":"https:\/\/www.articulosdeseguridad.com.co\/index.php\/wp-json\/wp\/v2\/product_brand?post=19088"},{"taxonomy":"product_cat","embeddable":true,"href":"https:\/\/www.articulosdeseguridad.com.co\/index.php\/wp-json\/wp\/v2\/product_cat?post=19088"},{"taxonomy":"product_tag","embeddable":true,"href":"https:\/\/www.articulosdeseguridad.com.co\/index.php\/wp-json\/wp\/v2\/product_tag?post=19088"}],"curies":[{"name":"wp","href":"https:\/\/api.w.org\/{rel}","templated":true}]}}