{"id":19217,"date":"2025-01-17T11:49:31","date_gmt":"2025-01-17T16:49:31","guid":{"rendered":"https:\/\/www.articulosdeseguridad.com.co\/?post_type=product&#038;p=19217"},"modified":"2026-02-17T19:22:19","modified_gmt":"2026-02-18T00:22:19","slug":"guante-caucho-calibre-35-mosquetero","status":"publish","type":"product","link":"https:\/\/www.articulosdeseguridad.com.co\/index.php\/product\/guante-caucho-calibre-35-mosquetero\/","title":{"rendered":"Guante Caucho Calibre 35 Mosquetero"},"content":{"rendered":"<p><img fetchpriority=\"high\" decoding=\"async\" class=\"size-medium wp-image-17267 alignleft\" src=\"https:\/\/www.articulosdeseguridad.com.co\/wp-content\/uploads\/2020\/10\/Guante-Mosquetero-Caucho-Calibre-35-300x275.jpg\" alt=\"\" width=\"300\" height=\"275\" srcset=\"https:\/\/www.articulosdeseguridad.com.co\/wp-content\/uploads\/2020\/10\/Guante-Mosquetero-Caucho-Calibre-35-300x275.jpg 300w, https:\/\/www.articulosdeseguridad.com.co\/wp-content\/uploads\/2020\/10\/Guante-Mosquetero-Caucho-Calibre-35-600x550.jpg 600w, https:\/\/www.articulosdeseguridad.com.co\/wp-content\/uploads\/2020\/10\/Guante-Mosquetero-Caucho-Calibre-35.jpg 720w\" sizes=\"(max-width: 300px) 100vw, 300px\" \/><\/p>\n<h2>Guante Caucho Calibre 35 Mosquetero<\/h2>\n<p>Guante Caucho Calibre 35 Mosquetero, Guante fabricado en caucho l\u00e1tex con tratamiento antibacterial, especialmente dise\u00f1ados para operaciones de mantenimiento industrial y lavada. Su dise\u00f1o anat\u00f3mico permite una f\u00e1cil postura y manipulaci\u00f3n. Gracias al labrado en la palma y dedos; permite una mayor adherencia y mejora el agarre.<\/p>\n","protected":false},"excerpt":{"rendered":"<ul>\n<li>Guante Caucho Calibre 35 mosquetero<\/li>\n<li>50 cms largo<\/li>\n<li>Guante fabricado en caucho latex<\/li>\n<li>Buen desempe\u00f1o en labores de limpieza industrial<\/li>\n<li>Excelente maniobrabilidad<\/li>\n<li>Con borde en la manga reforzado<\/li>\n<li>Dise\u00f1o anat\u00f3mico que facilita la postura<\/li>\n<li>Fabricado con tratamiento antibacterial<\/li>\n<li>Acabado rugoso en palma que facilita el agarre<\/li>\n<\/ul>\n<p>Ficha T\u00e9cnica<\/p>\n<p><a href=\"https:\/\/www.articulosdeseguridad.com.co\/wp-content\/uploads\/2025\/01\/Ficha-tecnica-GUANTE-CAUCHO-CALIBRE-35-Mosquetero.pdf\" target=\"_blank\" rel=\"noopener\">Ficha t\u00e9cnica GUANTE CAUCHO CALIBRE 35-Mosquetero<\/a><\/p>\n","protected":false},"featured_media":17267,"comment_status":"closed","ping_status":"closed","template":"","meta":{"_acf_changed":false},"product_brand":[],"product_cat":[89,144],"product_tag":[686,688,690,687,689],"class_list":{"0":"post-19217","1":"product","2":"type-product","3":"status-publish","4":"has-post-thumbnail","6":"product_cat-proteccion-manual","7":"product_cat-proteccion-quimica-proteccion-manual","8":"product_tag-guante-caucho-calibre-35","9":"product_tag-guante-caucho-marca-protexion","10":"product_tag-guante-caucho-negro","11":"product_tag-guante-de-caucho","12":"product_tag-guante-protexion","14":"first","15":"instock","16":"taxable","17":"shipping-taxable","18":"purchasable","19":"product-type-variable"},"acf":[],"aioseo_notices":[],"_links":{"self":[{"href":"https:\/\/www.articulosdeseguridad.com.co\/index.php\/wp-json\/wp\/v2\/product\/19217","targetHints":{"allow":["GET"]}}],"collection":[{"href":"https:\/\/www.articulosdeseguridad.com.co\/index.php\/wp-json\/wp\/v2\/product"}],"about":[{"href":"https:\/\/www.articulosdeseguridad.com.co\/index.php\/wp-json\/wp\/v2\/types\/product"}],"replies":[{"embeddable":true,"href":"https:\/\/www.articulosdeseguridad.com.co\/index.php\/wp-json\/wp\/v2\/comments?post=19217"}],"wp:featuredmedia":[{"embeddable":true,"href":"https:\/\/www.articulosdeseguridad.com.co\/index.php\/wp-json\/wp\/v2\/media\/17267"}],"wp:attachment":[{"href":"https:\/\/www.articulosdeseguridad.com.co\/index.php\/wp-json\/wp\/v2\/media?parent=19217"}],"wp:term":[{"taxonomy":"product_brand","embeddable":true,"href":"https:\/\/www.articulosdeseguridad.com.co\/index.php\/wp-json\/wp\/v2\/product_brand?post=19217"},{"taxonomy":"product_cat","embeddable":true,"href":"https:\/\/www.articulosdeseguridad.com.co\/index.php\/wp-json\/wp\/v2\/product_cat?post=19217"},{"taxonomy":"product_tag","embeddable":true,"href":"https:\/\/www.articulosdeseguridad.com.co\/index.php\/wp-json\/wp\/v2\/product_tag?post=19217"}],"curies":[{"name":"wp","href":"https:\/\/api.w.org\/{rel}","templated":true}]}}