{"id":19223,"date":"2025-05-24T11:45:00","date_gmt":"2025-05-24T16:45:00","guid":{"rendered":"https:\/\/www.articulosdeseguridad.com.co\/?post_type=product&#038;p=19223"},"modified":"2025-06-17T22:51:30","modified_gmt":"2025-06-18T03:51:30","slug":"traje-quimico-alphatec-4000","status":"publish","type":"product","link":"https:\/\/www.articulosdeseguridad.com.co\/index.php\/product\/traje-quimico-alphatec-4000\/","title":{"rendered":"Traje Quimico Alphatec 4000"},"content":{"rendered":"<p><img fetchpriority=\"high\" decoding=\"async\" class=\"alignleft wp-image-19351 size-medium\" src=\"https:\/\/www.articulosdeseguridad.com.co\/wp-content\/uploads\/2025\/01\/TRAJE-QUIMICO-ALPHATEC-4000-ANSELL-300x275.jpg\" alt=\"Traje Quimico Alphatec 4000\" width=\"300\" height=\"275\" srcset=\"https:\/\/www.articulosdeseguridad.com.co\/wp-content\/uploads\/2025\/01\/TRAJE-QUIMICO-ALPHATEC-4000-ANSELL-300x275.jpg 300w, https:\/\/www.articulosdeseguridad.com.co\/wp-content\/uploads\/2025\/01\/TRAJE-QUIMICO-ALPHATEC-4000-ANSELL-600x550.jpg 600w, https:\/\/www.articulosdeseguridad.com.co\/wp-content\/uploads\/2025\/01\/TRAJE-QUIMICO-ALPHATEC-4000-ANSELL.jpg 720w\" sizes=\"(max-width: 300px) 100vw, 300px\" \/><\/p>\n<p>&nbsp;<\/p>\n<h1>Traje Quimico Alphatec 4000<\/h1>\n<p>El Traje Quimico Alphatec 4000, brinda protecci\u00f3n especializa ante una gran variedad de agentes quimicos.<\/p>\n<p>&nbsp;<\/p>\n<p>&nbsp;<\/p>\n","protected":false},"excerpt":{"rendered":"<ul>\n<li>Traje de Protecci\u00f3n quimica especializada<\/li>\n<li>Defensas mejoradas: Dise\u00f1ado con pu\u00f1os dobles y sistemas de doble cremallera<\/li>\n<li>Mayor resistencia: La resistencia y robustez se ven reforzadas por las costuras soldadas y selladas<\/li>\n<li>Ajuste mejorado: con capucha el\u00e1stica de dos piezas, as\u00ed como cintura, pu\u00f1os y tobillos el\u00e1sticos<\/li>\n<li>Capacidad antiest\u00e1tica certificada EN 1149-5 y AATCC 76.<\/li>\n<\/ul>\n<p>Ficha t\u00e9cnica<\/p>\n<p><a href=\"https:\/\/www.articulosdeseguridad.com.co\/wp-content\/uploads\/2025\/01\/Alphatec-4000-modelo-122-ansell.pdf\" target=\"_blank\" rel=\"noopener\">Alphatec-4000-Modelo-122-Ansell<\/a><\/p>\n","protected":false},"featured_media":19351,"comment_status":"open","ping_status":"closed","template":"","meta":{"_acf_changed":false},"product_brand":[],"product_cat":[107,154],"product_tag":[784],"class_list":{"0":"post-19223","1":"product","2":"type-product","3":"status-publish","4":"has-post-thumbnail","6":"product_cat-proteccion-corporal","7":"product_cat-resistencia-quimica","8":"product_tag-traje-quimico-alphatec","10":"first","11":"instock","12":"downloadable","13":"taxable","14":"shipping-taxable","15":"purchasable","16":"product-type-simple"},"acf":[],"aioseo_notices":[],"_links":{"self":[{"href":"https:\/\/www.articulosdeseguridad.com.co\/index.php\/wp-json\/wp\/v2\/product\/19223","targetHints":{"allow":["GET"]}}],"collection":[{"href":"https:\/\/www.articulosdeseguridad.com.co\/index.php\/wp-json\/wp\/v2\/product"}],"about":[{"href":"https:\/\/www.articulosdeseguridad.com.co\/index.php\/wp-json\/wp\/v2\/types\/product"}],"replies":[{"embeddable":true,"href":"https:\/\/www.articulosdeseguridad.com.co\/index.php\/wp-json\/wp\/v2\/comments?post=19223"}],"wp:featuredmedia":[{"embeddable":true,"href":"https:\/\/www.articulosdeseguridad.com.co\/index.php\/wp-json\/wp\/v2\/media\/19351"}],"wp:attachment":[{"href":"https:\/\/www.articulosdeseguridad.com.co\/index.php\/wp-json\/wp\/v2\/media?parent=19223"}],"wp:term":[{"taxonomy":"product_brand","embeddable":true,"href":"https:\/\/www.articulosdeseguridad.com.co\/index.php\/wp-json\/wp\/v2\/product_brand?post=19223"},{"taxonomy":"product_cat","embeddable":true,"href":"https:\/\/www.articulosdeseguridad.com.co\/index.php\/wp-json\/wp\/v2\/product_cat?post=19223"},{"taxonomy":"product_tag","embeddable":true,"href":"https:\/\/www.articulosdeseguridad.com.co\/index.php\/wp-json\/wp\/v2\/product_tag?post=19223"}],"curies":[{"name":"wp","href":"https:\/\/api.w.org\/{rel}","templated":true}]}}