{"id":2608,"date":"2016-03-17T08:07:48","date_gmt":"2016-03-17T08:07:48","guid":{"rendered":"https:\/\/demo2.chethemes.com\/electro\/?post_type=product&#038;p=2608"},"modified":"2026-03-21T13:02:15","modified_gmt":"2026-03-21T18:02:15","slug":"auditivo-peltor-h9a-3m","status":"publish","type":"product","link":"https:\/\/www.articulosdeseguridad.com.co\/index.php\/product\/auditivo-peltor-h9a-3m\/","title":{"rendered":"Auditivo Peltor H9A 3M"},"content":{"rendered":"<figure id=\"attachment_7740\" aria-describedby=\"caption-attachment-7740\" style=\"width: 300px\" class=\"wp-caption alignleft\"><img fetchpriority=\"high\" decoding=\"async\" class=\"wp-image-7740 size-medium\" src=\"https:\/\/www.articulosdeseguridad.com.co\/wp-content\/uploads\/2016\/03\/H9A-3MW2-300x275.jpg\" alt=\"Auditivo Peltor H9A 3M\" width=\"300\" height=\"275\" srcset=\"https:\/\/www.articulosdeseguridad.com.co\/wp-content\/uploads\/2016\/03\/H9A-3MW2-300x275.jpg 300w, https:\/\/www.articulosdeseguridad.com.co\/wp-content\/uploads\/2016\/03\/H9A-3MW2-600x550.jpg 600w, https:\/\/www.articulosdeseguridad.com.co\/wp-content\/uploads\/2016\/03\/H9A-3MW2.jpg 720w\" sizes=\"(max-width: 300px) 100vw, 300px\" \/><figcaption id=\"caption-attachment-7740\" class=\"wp-caption-text\">Auditivo Peltor H9A 3M<\/figcaption><\/figure>\n<h2>Auditivo Peltor H9A 3M<\/h2>\n<p>Auditivo Peltor H9A 3M, recomendada para una gran variedad de ambientes de trabajo peligrosos (NRR 25 dB). Las copas gemelas est\u00e1n acopladas ac\u00fasticamente lo que minimiza la resonancia y resulta en un super atenuador que brinda protecci\u00f3n efectiva contra ruido extremo.<\/p>\n","protected":false},"excerpt":{"rendered":"<ul>\n<li>Modelo H9A Marca 3M<\/li>\n<li>Copas fabricadas en pl\u00e1stico ABS<\/li>\n<li>Cubiertas de las almohadilla fabricada en PVC<\/li>\n<li>Medio absorbente fabricado en Poliuretano<\/li>\n<\/ul>\n<p>Ficha T\u00e9cnica<\/p>\n<p><a href=\"http:\/\/www.articulosdeseguridad.com.co\/wp-content\/uploads\/2016\/03\/Peltor-3M-H9A.pdf\" target=\"_blank\" rel=\"noopener noreferrer\">Peltor 3M H9A<\/a><\/p>\n","protected":false},"featured_media":7740,"comment_status":"open","ping_status":"closed","template":"","meta":{"_acf_changed":false},"product_brand":[],"product_cat":[134,103,104],"product_tag":[268,343,360,476,358,356,359],"class_list":{"0":"post-2608","1":"product","2":"type-product","3":"status-publish","4":"has-post-thumbnail","6":"product_cat-auditivo-tipo-copa","7":"product_cat-auditivos-reutilizables","8":"product_cat-proteccion-auditiva","9":"product_tag-3m","10":"product_tag-moldex","11":"product_tag-peltor","12":"product_tag-peltor-h9a-optime-3m","13":"product_tag-protector-auditivo","14":"product_tag-steelpro","15":"product_tag-tipo-diadema","17":"first","18":"instock","19":"featured","20":"downloadable","21":"taxable","22":"shipping-taxable","23":"purchasable","24":"product-type-simple"},"acf":[],"aioseo_notices":[],"_links":{"self":[{"href":"https:\/\/www.articulosdeseguridad.com.co\/index.php\/wp-json\/wp\/v2\/product\/2608","targetHints":{"allow":["GET"]}}],"collection":[{"href":"https:\/\/www.articulosdeseguridad.com.co\/index.php\/wp-json\/wp\/v2\/product"}],"about":[{"href":"https:\/\/www.articulosdeseguridad.com.co\/index.php\/wp-json\/wp\/v2\/types\/product"}],"replies":[{"embeddable":true,"href":"https:\/\/www.articulosdeseguridad.com.co\/index.php\/wp-json\/wp\/v2\/comments?post=2608"}],"wp:featuredmedia":[{"embeddable":true,"href":"https:\/\/www.articulosdeseguridad.com.co\/index.php\/wp-json\/wp\/v2\/media\/7740"}],"wp:attachment":[{"href":"https:\/\/www.articulosdeseguridad.com.co\/index.php\/wp-json\/wp\/v2\/media?parent=2608"}],"wp:term":[{"taxonomy":"product_brand","embeddable":true,"href":"https:\/\/www.articulosdeseguridad.com.co\/index.php\/wp-json\/wp\/v2\/product_brand?post=2608"},{"taxonomy":"product_cat","embeddable":true,"href":"https:\/\/www.articulosdeseguridad.com.co\/index.php\/wp-json\/wp\/v2\/product_cat?post=2608"},{"taxonomy":"product_tag","embeddable":true,"href":"https:\/\/www.articulosdeseguridad.com.co\/index.php\/wp-json\/wp\/v2\/product_tag?post=2608"}],"curies":[{"name":"wp","href":"https:\/\/api.w.org\/{rel}","templated":true}]}}