{"id":2609,"date":"2016-03-17T08:09:52","date_gmt":"2016-03-17T08:09:52","guid":{"rendered":"https:\/\/demo2.chethemes.com\/electro\/?post_type=product&#038;p=2609"},"modified":"2025-04-10T05:42:43","modified_gmt":"2025-04-10T10:42:43","slug":"traje-de-seguridad-a35-kleenguard","status":"publish","type":"product","link":"https:\/\/www.articulosdeseguridad.com.co\/index.php\/product\/traje-de-seguridad-a35-kleenguard\/","title":{"rendered":"Traje de Seguridad A35 Kleenguard"},"content":{"rendered":"<p><img fetchpriority=\"high\" decoding=\"async\" class=\"size-medium wp-image-7803 alignleft\" src=\"http:\/\/www.articulosdeseguridad.com.co\/wp-content\/uploads\/2016\/03\/Kleenguard-A35-W2-300x275.jpg\" alt=\"\" width=\"300\" height=\"275\" srcset=\"https:\/\/www.articulosdeseguridad.com.co\/wp-content\/uploads\/2016\/03\/Kleenguard-A35-W2-300x275.jpg 300w, https:\/\/www.articulosdeseguridad.com.co\/wp-content\/uploads\/2016\/03\/Kleenguard-A35-W2-600x550.jpg 600w, https:\/\/www.articulosdeseguridad.com.co\/wp-content\/uploads\/2016\/03\/Kleenguard-A35-W2.jpg 720w\" sizes=\"(max-width: 300px) 100vw, 300px\" \/><\/p>\n<h1>Traje de Seguridad A35 Kleenguard<\/h1>\n<p>Los trajes de seguridad Kleenguard A35 son de uso limitado y est\u00e1n dise\u00f1ados para brindar protecci\u00f3n contra penetraci\u00f3n de l\u00edquidos no peligrosos y part\u00edculas.\u00a0Los trajes de seguridad Kleenguard* A35 est\u00e1n elaborados con la tecnolog\u00eda SFL* (Film micro poroso Laminado con Spunbond). La capa interna est\u00e1 hecha con fibras no tejidas de polipropileno, la cual est\u00e1 especialmente dise\u00f1ada para proveer una combinaci\u00f3n de suavidad, fortaleza, durabilidad y protecci\u00f3n. La capa externa es un recubrimiento de spunbond con una pel\u00edcula laminada de polietileno, el cual proporciona protecci\u00f3n contra l\u00edquidos y retenci\u00f3n de part\u00edculas de m\u00e1s de 0.3 micras.<\/p>\n<p>&nbsp;<\/p>\n<p>&nbsp;<\/p>\n","protected":false},"excerpt":{"rendered":"<ul>\n<li>Las costuras de los trajes Kleenguard* A35 son fileteadas. Este tipo b\u00e1sico de costura es apropiado<br \/>\npara exposici\u00f3n a sustancias no peligrosas.<\/li>\n<li>Los trajes Kleenguard*A35 tienen capucha, cremallera frontal y el\u00e1sticos en manillas y tobillos.<\/li>\n<\/ul>\n<p>Ficha T\u00e9cnica<\/p>\n<p><a href=\"http:\/\/www.articulosdeseguridad.com.co\/wp-content\/uploads\/2016\/03\/FT-KLEENGUARD-A35.pdf\" target=\"_blank\" rel=\"noopener\">FT-KLEENGUARD-A35<\/a><\/p>\n","protected":false},"featured_media":7803,"comment_status":"open","ping_status":"closed","template":"","meta":{"_acf_changed":false},"product_brand":[],"product_cat":[150,107,154],"product_tag":[362,479,363],"class_list":{"0":"post-2609","1":"product","2":"type-product","3":"status-publish","4":"has-post-thumbnail","6":"product_cat-material-particulado","7":"product_cat-proteccion-corporal","8":"product_cat-resistencia-quimica","9":"product_tag-proteccion-corporal","10":"product_tag-traje-a35","11":"product_tag-traje-tyvek","13":"first","14":"instock","15":"taxable","16":"shipping-taxable","17":"purchasable","18":"product-type-variable"},"acf":[],"aioseo_notices":[],"_links":{"self":[{"href":"https:\/\/www.articulosdeseguridad.com.co\/index.php\/wp-json\/wp\/v2\/product\/2609","targetHints":{"allow":["GET"]}}],"collection":[{"href":"https:\/\/www.articulosdeseguridad.com.co\/index.php\/wp-json\/wp\/v2\/product"}],"about":[{"href":"https:\/\/www.articulosdeseguridad.com.co\/index.php\/wp-json\/wp\/v2\/types\/product"}],"replies":[{"embeddable":true,"href":"https:\/\/www.articulosdeseguridad.com.co\/index.php\/wp-json\/wp\/v2\/comments?post=2609"}],"wp:featuredmedia":[{"embeddable":true,"href":"https:\/\/www.articulosdeseguridad.com.co\/index.php\/wp-json\/wp\/v2\/media\/7803"}],"wp:attachment":[{"href":"https:\/\/www.articulosdeseguridad.com.co\/index.php\/wp-json\/wp\/v2\/media?parent=2609"}],"wp:term":[{"taxonomy":"product_brand","embeddable":true,"href":"https:\/\/www.articulosdeseguridad.com.co\/index.php\/wp-json\/wp\/v2\/product_brand?post=2609"},{"taxonomy":"product_cat","embeddable":true,"href":"https:\/\/www.articulosdeseguridad.com.co\/index.php\/wp-json\/wp\/v2\/product_cat?post=2609"},{"taxonomy":"product_tag","embeddable":true,"href":"https:\/\/www.articulosdeseguridad.com.co\/index.php\/wp-json\/wp\/v2\/product_tag?post=2609"}],"curies":[{"name":"wp","href":"https:\/\/api.w.org\/{rel}","templated":true}]}}