{"id":2611,"date":"2016-03-17T08:10:47","date_gmt":"2016-03-17T08:10:47","guid":{"rendered":"https:\/\/demo2.chethemes.com\/electro\/?post_type=product&#038;p=2611"},"modified":"2025-10-28T10:54:55","modified_gmt":"2025-10-28T15:54:55","slug":"traje-tychem-qc127s-dupont","status":"publish","type":"product","link":"https:\/\/www.articulosdeseguridad.com.co\/index.php\/product\/traje-tychem-qc127s-dupont\/","title":{"rendered":"Traje Tychem QC127S Dupont"},"content":{"rendered":"<p><img fetchpriority=\"high\" decoding=\"async\" class=\"size-medium wp-image-7764 alignleft\" src=\"http:\/\/www.articulosdeseguridad.com.co\/wp-content\/uploads\/2016\/03\/TychemQC-2000-W3-300x275.jpg\" alt=\"\" width=\"300\" height=\"275\" srcset=\"https:\/\/www.articulosdeseguridad.com.co\/wp-content\/uploads\/2016\/03\/TychemQC-2000-W3-300x275.jpg 300w, https:\/\/www.articulosdeseguridad.com.co\/wp-content\/uploads\/2016\/03\/TychemQC-2000-W3-600x550.jpg 600w, https:\/\/www.articulosdeseguridad.com.co\/wp-content\/uploads\/2016\/03\/TychemQC-2000-W3.jpg 720w\" sizes=\"(max-width: 300px) 100vw, 300px\" \/><\/p>\n<h2>Traje Tychem QC127S Dupont<\/h2>\n<p>El Traje Tychem QC127S Dupont, cuenta con un tejido, ligero y durable, DuPont\u00ae Tychem\u00ae QC, utiliza la resistencia del tejido DuPont\u00ae Tyvek\u00ae y recubrimiento de polietileno de calidad, convirti\u00e9ndola en una de las prendas m\u00e1s c\u00f3modas y protectoras disponibles, Tychem\u00ae QC se usa para proteger contra salpicaduras ligera contra una variedad de ambientes industriales que incluyen la refinaci\u00f3n de petr\u00f3leo. la fabricaci\u00f3n de pulpa y papel, el proceso de alimentos, el procesamiento de productos qu\u00edmicos, y la fabricaci\u00f3n de productos farmac\u00e9uticos.<\/p>\n<p>&nbsp;<\/p>\n<p>&nbsp;<\/p>\n","protected":false},"excerpt":{"rendered":"<ul>\n<li>Protecci\u00f3n contra salpicaduras ligeras.<\/li>\n<li>Se utilizan ampliamente en las siguientes industrias: petr\u00f3leo, pulpa y papel, alimentos, procesamiento<br \/>\nqu\u00edmico y farmac\u00e9utica.<\/li>\n<li>DuPont\u2122 Tychem\u00ae QC es una tela DuPont\u2122 Tyvek\u00ae<br \/>\nrecubierta con polietileno.<\/li>\n<li>C\u00f3modos, durables y ligeros<\/li>\n<li>DuPont\u2122 Tychem\u00ae QC es amarilla para tener alta visibilidad.<\/li>\n<li>Tychem\u00ae QC provee protecci\u00f3n contra 42 sustancias qu\u00edmicas.<\/li>\n<li>Costuras Cosidas<\/li>\n<\/ul>\n<p>Ficha T\u00e9cnica<\/p>\n<p><a href=\"http:\/\/www.articulosdeseguridad.com.co\/wp-content\/uploads\/2016\/03\/Ficha-Tychem-QC-2000.pdf\" target=\"_blank\" rel=\"noopener\">Ficha Tychem QC 2000<\/a><\/p>\n<p>&nbsp;<\/p>\n","protected":false},"featured_media":7764,"comment_status":"open","ping_status":"closed","template":"","meta":{"_acf_changed":false},"product_brand":[],"product_cat":[107,154],"product_tag":[279,347,364,362,367,366,774],"class_list":{"0":"post-2611","1":"product","2":"type-product","3":"status-publish","4":"has-post-thumbnail","6":"product_cat-proteccion-corporal","7":"product_cat-resistencia-quimica","8":"product_tag-dupont","9":"product_tag-material-particulado","10":"product_tag-micromax","11":"product_tag-proteccion-corporal","12":"product_tag-proteccion-quimica","13":"product_tag-traje-tychem","14":"product_tag-traje-tychem-qc","16":"first","17":"instock","18":"taxable","19":"shipping-taxable","20":"purchasable","21":"product-type-variable"},"acf":[],"aioseo_notices":[],"_links":{"self":[{"href":"https:\/\/www.articulosdeseguridad.com.co\/index.php\/wp-json\/wp\/v2\/product\/2611","targetHints":{"allow":["GET"]}}],"collection":[{"href":"https:\/\/www.articulosdeseguridad.com.co\/index.php\/wp-json\/wp\/v2\/product"}],"about":[{"href":"https:\/\/www.articulosdeseguridad.com.co\/index.php\/wp-json\/wp\/v2\/types\/product"}],"replies":[{"embeddable":true,"href":"https:\/\/www.articulosdeseguridad.com.co\/index.php\/wp-json\/wp\/v2\/comments?post=2611"}],"wp:featuredmedia":[{"embeddable":true,"href":"https:\/\/www.articulosdeseguridad.com.co\/index.php\/wp-json\/wp\/v2\/media\/7764"}],"wp:attachment":[{"href":"https:\/\/www.articulosdeseguridad.com.co\/index.php\/wp-json\/wp\/v2\/media?parent=2611"}],"wp:term":[{"taxonomy":"product_brand","embeddable":true,"href":"https:\/\/www.articulosdeseguridad.com.co\/index.php\/wp-json\/wp\/v2\/product_brand?post=2611"},{"taxonomy":"product_cat","embeddable":true,"href":"https:\/\/www.articulosdeseguridad.com.co\/index.php\/wp-json\/wp\/v2\/product_cat?post=2611"},{"taxonomy":"product_tag","embeddable":true,"href":"https:\/\/www.articulosdeseguridad.com.co\/index.php\/wp-json\/wp\/v2\/product_tag?post=2611"}],"curies":[{"name":"wp","href":"https:\/\/api.w.org\/{rel}","templated":true}]}}