{"id":2617,"date":"2016-03-17T08:14:00","date_gmt":"2016-03-17T08:14:00","guid":{"rendered":"https:\/\/demo2.chethemes.com\/electro\/?post_type=product&#038;p=2617"},"modified":"2023-04-03T15:18:16","modified_gmt":"2023-04-03T20:18:16","slug":"traje-micromax-ns-ctl428-lakeland","status":"publish","type":"product","link":"https:\/\/www.articulosdeseguridad.com.co\/index.php\/product\/traje-micromax-ns-ctl428-lakeland\/","title":{"rendered":"Traje Micromax NS CTL428 Lakeland"},"content":{"rendered":"<p><img fetchpriority=\"high\" decoding=\"async\" class=\"size-medium wp-image-7754 alignleft\" src=\"http:\/\/www.articulosdeseguridad.com.co\/wp-content\/uploads\/2016\/03\/MicromaxNS-W3-300x275.jpg\" alt=\"\" width=\"300\" height=\"275\" srcset=\"https:\/\/www.articulosdeseguridad.com.co\/wp-content\/uploads\/2016\/03\/MicromaxNS-W3-300x275.jpg 300w, https:\/\/www.articulosdeseguridad.com.co\/wp-content\/uploads\/2016\/03\/MicromaxNS-W3-600x550.jpg 600w, https:\/\/www.articulosdeseguridad.com.co\/wp-content\/uploads\/2016\/03\/MicromaxNS-W3.jpg 720w\" sizes=\"(max-width: 300px) 100vw, 300px\" \/><\/p>\n<p>&nbsp;<\/p>\n<h3><strong>Traje Micromax NS CTL428 Lakeland<\/strong><\/h3>\n<p>MicroMax NS Overol que ofrece la protecci\u00f3n que usted necesita contra suciedad, grasa, mugre y salpicaduras ligeras de sustancias qu\u00edmicas. Capucha integrada con el\u00e1stico en las mu\u00f1ecas y tobillos para ofrecer un nivel de protecci\u00f3n \u00f3ptimo. Esta l\u00ednea de protecci\u00f3n corporal puede ser usada en ambientes donde la suciedad, el mugre, las salpicaduras, o derrames est\u00e1n presentes.<\/p>\n","protected":false},"excerpt":{"rendered":"<p>Econ\u00f3mica protecci\u00f3n contra suciedad, grasas, mugre y salpicaduras leves de agentes qu\u00edmicos.<\/p>\n<ul>\n<li>Capucha integrada<\/li>\n<li>Cierre tipo cremallera<\/li>\n<li>El\u00e1stico en pu\u00f1os y tobillos<\/li>\n<li>Antiest\u00e1tico conforme EN1149-1<\/li>\n<li>Protecci\u00f3n contra l\u00edquidos y part\u00edculas secas<\/li>\n<\/ul>\n<p>Ficha T\u00e9cnica<\/p>\n<p><a href=\"http:\/\/www.articulosdeseguridad.com.co\/wp-content\/uploads\/2016\/03\/MicroMax-NS-DataSheet.pdf\" target=\"_blank\" rel=\"noopener noreferrer\">MicroMax-NS-DataSheet<\/a><\/p>\n","protected":false},"featured_media":7754,"comment_status":"open","ping_status":"closed","template":"","meta":{"_acf_changed":false},"product_brand":[],"product_cat":[150,107,154],"product_tag":[279,365,347,364,362,363],"class_list":{"0":"post-2617","1":"product","2":"type-product","3":"status-publish","4":"has-post-thumbnail","6":"product_cat-material-particulado","7":"product_cat-proteccion-corporal","8":"product_cat-resistencia-quimica","9":"product_tag-dupont","10":"product_tag-lakeland","11":"product_tag-material-particulado","12":"product_tag-micromax","13":"product_tag-proteccion-corporal","14":"product_tag-traje-tyvek","16":"first","17":"instock","18":"taxable","19":"shipping-taxable","20":"purchasable","21":"product-type-variable"},"acf":[],"aioseo_notices":[],"_links":{"self":[{"href":"https:\/\/www.articulosdeseguridad.com.co\/index.php\/wp-json\/wp\/v2\/product\/2617","targetHints":{"allow":["GET"]}}],"collection":[{"href":"https:\/\/www.articulosdeseguridad.com.co\/index.php\/wp-json\/wp\/v2\/product"}],"about":[{"href":"https:\/\/www.articulosdeseguridad.com.co\/index.php\/wp-json\/wp\/v2\/types\/product"}],"replies":[{"embeddable":true,"href":"https:\/\/www.articulosdeseguridad.com.co\/index.php\/wp-json\/wp\/v2\/comments?post=2617"}],"wp:featuredmedia":[{"embeddable":true,"href":"https:\/\/www.articulosdeseguridad.com.co\/index.php\/wp-json\/wp\/v2\/media\/7754"}],"wp:attachment":[{"href":"https:\/\/www.articulosdeseguridad.com.co\/index.php\/wp-json\/wp\/v2\/media?parent=2617"}],"wp:term":[{"taxonomy":"product_brand","embeddable":true,"href":"https:\/\/www.articulosdeseguridad.com.co\/index.php\/wp-json\/wp\/v2\/product_brand?post=2617"},{"taxonomy":"product_cat","embeddable":true,"href":"https:\/\/www.articulosdeseguridad.com.co\/index.php\/wp-json\/wp\/v2\/product_cat?post=2617"},{"taxonomy":"product_tag","embeddable":true,"href":"https:\/\/www.articulosdeseguridad.com.co\/index.php\/wp-json\/wp\/v2\/product_tag?post=2617"}],"curies":[{"name":"wp","href":"https:\/\/api.w.org\/{rel}","templated":true}]}}