{"id":2621,"date":"2016-03-17T08:23:20","date_gmt":"2016-03-17T08:23:20","guid":{"rendered":"https:\/\/demo2.chethemes.com\/electro\/?post_type=product&#038;p=2621"},"modified":"2025-01-15T12:29:43","modified_gmt":"2025-01-15T17:29:43","slug":"bota-pvc-workman-safety-amarillo-croydon","status":"publish","type":"product","link":"https:\/\/www.articulosdeseguridad.com.co\/index.php\/product\/bota-pvc-workman-safety-amarillo-croydon\/","title":{"rendered":"Bota PVC Workman Safety Amarillo Croydon"},"content":{"rendered":"<p><img fetchpriority=\"high\" decoding=\"async\" class=\"size-medium wp-image-6302 alignleft\" src=\"http:\/\/www.articulosdeseguridad.com.co\/wp-content\/uploads\/2016\/03\/WorkmanSafety1-W-300x275.jpg\" alt=\"\" width=\"300\" height=\"275\" srcset=\"https:\/\/www.articulosdeseguridad.com.co\/wp-content\/uploads\/2016\/03\/WorkmanSafety1-W-300x275.jpg 300w, https:\/\/www.articulosdeseguridad.com.co\/wp-content\/uploads\/2016\/03\/WorkmanSafety1-W-600x550.jpg 600w, https:\/\/www.articulosdeseguridad.com.co\/wp-content\/uploads\/2016\/03\/WorkmanSafety1-W.jpg 720w\" sizes=\"(max-width: 300px) 100vw, 300px\" \/><\/p>\n<h2>Bota PVC Workman Safety Amarillo Croydon<\/h2>\n<p>La Bota PVC Workman Safety Amarillo Croydon es 100% impermeable y con suela resistente a los hidrocarburos o derivados del petr\u00f3leo. Suela antideslizante con labrado profundo y mayor agarre cuyo dise\u00f1o permite el f\u00e1cil mantenimiento.<\/p>\n<p>&nbsp;<\/p>\n","protected":false},"excerpt":{"rendered":"<ul>\n<li><span class=\"a-list-item\">Plantilla Antifatiga<\/span><\/li>\n<li><span class=\"a-list-item\">Resistente a choque el\u00e9ctrico.<\/span><\/li>\n<li><span class=\"a-list-item\">Impermeable.<\/span><\/li>\n<li><span class=\"a-list-item\">Antideslizante.<\/span><\/li>\n<li><span class=\"a-list-item\">Doble capa de PVC<\/span><\/li>\n<li>Labrado profundo en la suela<\/li>\n<li>Puntera en acero (EN 12658)<\/li>\n<li>Tratamiento Oil Resistant<\/li>\n<\/ul>\n<p>Ficha t\u00e9cnica<\/p>\n<p>&nbsp;<\/p>\n","protected":false},"featured_media":6302,"comment_status":"open","ping_status":"closed","template":"","meta":{"_acf_changed":false},"product_brand":[],"product_cat":[120,121],"product_tag":[294,291,293,290,296,295],"class_list":{"0":"post-2621","1":"product","2":"type-product","3":"status-publish","4":"has-post-thumbnail","6":"product_cat-calzado-seguridad","7":"product_cat-linea-pvc-botas","8":"product_tag-bota-croydon","9":"product_tag-bota-dielectrica","10":"product_tag-bota-pvc","11":"product_tag-bota-soldador","12":"product_tag-bota-workman","13":"product_tag-bota-workman-safety","14":"pa_talla-botas-531","15":"pa_talla-botas-532","16":"pa_talla-botas-533","17":"pa_talla-botas-534","18":"pa_talla-botas-535","19":"pa_talla-botas-536","20":"pa_talla-botas-537","21":"pa_talla-botas-538","22":"pa_talla-botas-539","23":"pa_talla-botas-540","25":"first","26":"instock","27":"featured","28":"taxable","29":"shipping-taxable","30":"purchasable","31":"product-type-variable"},"acf":[],"aioseo_notices":[],"_links":{"self":[{"href":"https:\/\/www.articulosdeseguridad.com.co\/index.php\/wp-json\/wp\/v2\/product\/2621","targetHints":{"allow":["GET"]}}],"collection":[{"href":"https:\/\/www.articulosdeseguridad.com.co\/index.php\/wp-json\/wp\/v2\/product"}],"about":[{"href":"https:\/\/www.articulosdeseguridad.com.co\/index.php\/wp-json\/wp\/v2\/types\/product"}],"replies":[{"embeddable":true,"href":"https:\/\/www.articulosdeseguridad.com.co\/index.php\/wp-json\/wp\/v2\/comments?post=2621"}],"wp:featuredmedia":[{"embeddable":true,"href":"https:\/\/www.articulosdeseguridad.com.co\/index.php\/wp-json\/wp\/v2\/media\/6302"}],"wp:attachment":[{"href":"https:\/\/www.articulosdeseguridad.com.co\/index.php\/wp-json\/wp\/v2\/media?parent=2621"}],"wp:term":[{"taxonomy":"product_brand","embeddable":true,"href":"https:\/\/www.articulosdeseguridad.com.co\/index.php\/wp-json\/wp\/v2\/product_brand?post=2621"},{"taxonomy":"product_cat","embeddable":true,"href":"https:\/\/www.articulosdeseguridad.com.co\/index.php\/wp-json\/wp\/v2\/product_cat?post=2621"},{"taxonomy":"product_tag","embeddable":true,"href":"https:\/\/www.articulosdeseguridad.com.co\/index.php\/wp-json\/wp\/v2\/product_tag?post=2621"}],"curies":[{"name":"wp","href":"https:\/\/api.w.org\/{rel}","templated":true}]}}