{"id":2643,"date":"2016-03-17T09:03:15","date_gmt":"2016-03-17T09:03:15","guid":{"rendered":"https:\/\/demo2.chethemes.com\/electro\/?post_type=product&#038;p=2643"},"modified":"2025-03-21T20:12:50","modified_gmt":"2025-03-22T01:12:50","slug":"etiquetas-loto-senalizacion-y-bloqueo","status":"publish","type":"product","link":"https:\/\/www.articulosdeseguridad.com.co\/index.php\/product\/etiquetas-loto-senalizacion-y-bloqueo\/","title":{"rendered":"Etiquetas LOTO Se\u00f1alizaci\u00f3n y Bloqueo"},"content":{"rendered":"<p><img fetchpriority=\"high\" decoding=\"async\" class=\"size-medium wp-image-8111 alignleft\" src=\"http:\/\/www.articulosdeseguridad.com.co\/wp-content\/uploads\/2016\/03\/IFAMetiqueta-bloqueo-Loto-W2-1-300x275.jpg\" alt=\"\" width=\"300\" height=\"275\" srcset=\"https:\/\/www.articulosdeseguridad.com.co\/wp-content\/uploads\/2016\/03\/IFAMetiqueta-bloqueo-Loto-W2-1-300x275.jpg 300w, https:\/\/www.articulosdeseguridad.com.co\/wp-content\/uploads\/2016\/03\/IFAMetiqueta-bloqueo-Loto-W2-1-600x550.jpg 600w, https:\/\/www.articulosdeseguridad.com.co\/wp-content\/uploads\/2016\/03\/IFAMetiqueta-bloqueo-Loto-W2-1.jpg 720w\" sizes=\"(max-width: 300px) 100vw, 300px\" \/><\/p>\n<h3><\/h3>\n<h2>Etiquetas LOTO Se\u00f1alizaci\u00f3n y Bloqueo<\/h2>\n<p>Dentro del procedimiento de consignaci\u00f3n, la se\u00f1alizaci\u00f3n es el segundo aspecto clave, tras el bloqueo de los equipos y maquinaria. IFAM pone a su disposici\u00f3n las Etiquetas LOTO Se\u00f1alizaci\u00f3n y Bloqueo indispensables para indicar que el equipo est\u00e1 bloqueado durante las tareas de mantenimiento, reparaci\u00f3n o revisi\u00f3n que se est\u00e1n llevando a cabo. Estas etiquetas tambi\u00e9n indican qu\u00e9 personas est\u00e1n autorizadas a manipular estos dispositivos de consignaci\u00f3n. Un elemento indispensable en las tareas de consignaci\u00f3n industrial<\/p>\n<p>&nbsp;<\/p>\n<p>&nbsp;<\/p>\n","protected":false},"excerpt":{"rendered":"<ul>\n<li>Etiquetas LOTO Se\u00f1alizaci\u00f3n y Bloqueo<\/li>\n<li>Fabricadas en pl\u00e1stico de alta resistencia a las altas temperaturas y los agentes qu\u00edmicos.<\/li>\n<li>Sus vivos colores permiten una perfecta visibilidad a distancia y en condiciones de baja luminosidad.<\/li>\n<li>Disponibles en varios idiomas.<\/li>\n<\/ul>\n","protected":false},"featured_media":8112,"comment_status":"open","ping_status":"closed","template":"","meta":{"_acf_changed":false},"product_brand":[],"product_cat":[127,160],"product_tag":[767],"class_list":{"0":"post-2643","1":"product","2":"type-product","3":"status-publish","4":"has-post-thumbnail","6":"product_cat-bloqueo-etiquetado","7":"product_cat-tarjetas-etiquetas","8":"product_tag-bloqueo-y-etiquetado-loto","10":"first","11":"instock","12":"taxable","13":"shipping-taxable","14":"purchasable","15":"product-type-simple"},"acf":[],"aioseo_notices":[],"_links":{"self":[{"href":"https:\/\/www.articulosdeseguridad.com.co\/index.php\/wp-json\/wp\/v2\/product\/2643","targetHints":{"allow":["GET"]}}],"collection":[{"href":"https:\/\/www.articulosdeseguridad.com.co\/index.php\/wp-json\/wp\/v2\/product"}],"about":[{"href":"https:\/\/www.articulosdeseguridad.com.co\/index.php\/wp-json\/wp\/v2\/types\/product"}],"replies":[{"embeddable":true,"href":"https:\/\/www.articulosdeseguridad.com.co\/index.php\/wp-json\/wp\/v2\/comments?post=2643"}],"wp:featuredmedia":[{"embeddable":true,"href":"https:\/\/www.articulosdeseguridad.com.co\/index.php\/wp-json\/wp\/v2\/media\/8112"}],"wp:attachment":[{"href":"https:\/\/www.articulosdeseguridad.com.co\/index.php\/wp-json\/wp\/v2\/media?parent=2643"}],"wp:term":[{"taxonomy":"product_brand","embeddable":true,"href":"https:\/\/www.articulosdeseguridad.com.co\/index.php\/wp-json\/wp\/v2\/product_brand?post=2643"},{"taxonomy":"product_cat","embeddable":true,"href":"https:\/\/www.articulosdeseguridad.com.co\/index.php\/wp-json\/wp\/v2\/product_cat?post=2643"},{"taxonomy":"product_tag","embeddable":true,"href":"https:\/\/www.articulosdeseguridad.com.co\/index.php\/wp-json\/wp\/v2\/product_tag?post=2643"}],"curies":[{"name":"wp","href":"https:\/\/api.w.org\/{rel}","templated":true}]}}