{"id":2647,"date":"2016-03-17T09:09:06","date_gmt":"2016-03-17T09:09:06","guid":{"rendered":"https:\/\/demo2.chethemes.com\/electro\/?post_type=product&#038;p=2647"},"modified":"2025-03-21T19:57:38","modified_gmt":"2025-03-22T00:57:38","slug":"bloqueo-para-valvulas-de-compuertas-ifam-loto","status":"publish","type":"product","link":"https:\/\/www.articulosdeseguridad.com.co\/index.php\/product\/bloqueo-para-valvulas-de-compuertas-ifam-loto\/","title":{"rendered":"Bloqueo Para V\u00e1lvulas De Compuertas"},"content":{"rendered":"<h2><img fetchpriority=\"high\" decoding=\"async\" class=\"size-medium wp-image-8116 alignleft\" src=\"http:\/\/www.articulosdeseguridad.com.co\/wp-content\/uploads\/2016\/03\/IFAMbloqueo-valvulas-circulares-Loto-W3-300x275.jpg\" alt=\"\" width=\"300\" height=\"275\" srcset=\"https:\/\/www.articulosdeseguridad.com.co\/wp-content\/uploads\/2016\/03\/IFAMbloqueo-valvulas-circulares-Loto-W3-300x275.jpg 300w, https:\/\/www.articulosdeseguridad.com.co\/wp-content\/uploads\/2016\/03\/IFAMbloqueo-valvulas-circulares-Loto-W3-600x550.jpg 600w, https:\/\/www.articulosdeseguridad.com.co\/wp-content\/uploads\/2016\/03\/IFAMbloqueo-valvulas-circulares-Loto-W3.jpg 720w\" sizes=\"(max-width: 300px) 100vw, 300px\" \/><\/h2>\n<h2><\/h2>\n<h2>Bloqueo Para V\u00e1lvulas De Compuertas<\/h2>\n<p>Bloqueo Para V\u00e1lvulas De Compuertas, est\u00e1n fabricados en ABS de alta resistencia. Viene en varias medidas para ajustarse a la gran mayor\u00eda de v\u00e1lvulas presentes en el mercado. Su facilidad de colocaci\u00f3n y bloqueo mediante un candado de consignaci\u00f3n definen a estos bloqueos. Bloqueo para v\u00e1lvulas con medidas entre 25mm hasta 64mm.<\/p>\n<p>Ifam: 090340<\/p>\n<p>&nbsp;<\/p>\n<p>&nbsp;<\/p>\n<p>&nbsp;<\/p>\n<p style=\"text-align: center;\">\n","protected":false},"excerpt":{"rendered":"<ul>\n<li>Bloqueo Para V\u00e1lvulas De Compuertas Ifam: 090340<\/li>\n<li>Bloqueo Para V\u00e1lvulas De Compuertas con medidas entre 25mm hasta 64mm.<\/li>\n<li>Fabricados en pol\u00edmero ABS, altamente resistente a los impactos y al desgaste por abrasi\u00f3n.<\/li>\n<li>Incluyen etiquetas adhesivas de se\u00f1alizaci\u00f3n de la v\u00e1lvula protegida por el sistema de bloqueo.<\/li>\n<\/ul>\n<p>Ficha T\u00e9cnica<\/p>\n<p><a href=\"https:\/\/www.articulosdeseguridad.com.co\/wp-content\/uploads\/2016\/03\/ficha-tecnica-bloqueo-para-valvulas-de-compuerta-IFAM-LOTO.pdf\" target=\"_blank\" rel=\"noopener\">ficha-tecnica-bloqueo-para-valvulas-de-compuerta-IFAM-LOTO<\/a><\/p>\n","protected":false},"featured_media":8118,"comment_status":"open","ping_status":"closed","template":"","meta":{"_acf_changed":false},"product_brand":[],"product_cat":[127,186],"product_tag":[768,767],"class_list":{"0":"post-2647","1":"product","2":"type-product","3":"status-publish","4":"has-post-thumbnail","6":"product_cat-bloqueo-etiquetado","7":"product_cat-equipos-de-bloqueo","8":"product_tag-bloqueo-para-valvulas-de-compuertas","9":"product_tag-bloqueo-y-etiquetado-loto","11":"first","12":"instock","13":"taxable","14":"shipping-taxable","15":"purchasable","16":"product-type-simple"},"acf":[],"aioseo_notices":[],"_links":{"self":[{"href":"https:\/\/www.articulosdeseguridad.com.co\/index.php\/wp-json\/wp\/v2\/product\/2647","targetHints":{"allow":["GET"]}}],"collection":[{"href":"https:\/\/www.articulosdeseguridad.com.co\/index.php\/wp-json\/wp\/v2\/product"}],"about":[{"href":"https:\/\/www.articulosdeseguridad.com.co\/index.php\/wp-json\/wp\/v2\/types\/product"}],"replies":[{"embeddable":true,"href":"https:\/\/www.articulosdeseguridad.com.co\/index.php\/wp-json\/wp\/v2\/comments?post=2647"}],"wp:featuredmedia":[{"embeddable":true,"href":"https:\/\/www.articulosdeseguridad.com.co\/index.php\/wp-json\/wp\/v2\/media\/8118"}],"wp:attachment":[{"href":"https:\/\/www.articulosdeseguridad.com.co\/index.php\/wp-json\/wp\/v2\/media?parent=2647"}],"wp:term":[{"taxonomy":"product_brand","embeddable":true,"href":"https:\/\/www.articulosdeseguridad.com.co\/index.php\/wp-json\/wp\/v2\/product_brand?post=2647"},{"taxonomy":"product_cat","embeddable":true,"href":"https:\/\/www.articulosdeseguridad.com.co\/index.php\/wp-json\/wp\/v2\/product_cat?post=2647"},{"taxonomy":"product_tag","embeddable":true,"href":"https:\/\/www.articulosdeseguridad.com.co\/index.php\/wp-json\/wp\/v2\/product_tag?post=2647"}],"curies":[{"name":"wp","href":"https:\/\/api.w.org\/{rel}","templated":true}]}}