{"id":2651,"date":"2016-03-17T09:12:13","date_gmt":"2016-03-17T09:12:13","guid":{"rendered":"https:\/\/demo2.chethemes.com\/electro\/?post_type=product&#038;p=2651"},"modified":"2025-03-21T20:36:37","modified_gmt":"2025-03-22T01:36:37","slug":"cartucho-vapores-organicos-6001-3m","status":"publish","type":"product","link":"https:\/\/www.articulosdeseguridad.com.co\/index.php\/product\/cartucho-vapores-organicos-6001-3m\/","title":{"rendered":"Cartucho Vapores Org\u00e1nicos 6001 3M"},"content":{"rendered":"<p><img fetchpriority=\"high\" decoding=\"async\" class=\"size-medium wp-image-7142 alignleft\" src=\"http:\/\/www.articulosdeseguridad.com.co\/wp-content\/uploads\/2016\/03\/6001-3MW3-300x275.jpg\" alt=\"\" width=\"300\" height=\"275\" srcset=\"https:\/\/www.articulosdeseguridad.com.co\/wp-content\/uploads\/2016\/03\/6001-3MW3-300x275.jpg 300w, https:\/\/www.articulosdeseguridad.com.co\/wp-content\/uploads\/2016\/03\/6001-3MW3-600x550.jpg 600w, https:\/\/www.articulosdeseguridad.com.co\/wp-content\/uploads\/2016\/03\/6001-3MW3.jpg 720w\" sizes=\"(max-width: 300px) 100vw, 300px\" \/><\/p>\n<h2>Cartucho Vapores Org\u00e1nicos 6001 3M<\/h2>\n<p>Cartucho Vapores Org\u00e1nicos 6001 3M serie 6000 son para uso contra una variedad de gases, vapores y part\u00edculas peligrosas, de acuerdo con las aprobaciones de NIOSH.<\/p>\n<p>Brinda protecci\u00f3n respiratoria contra ciertos vapores org\u00e1nicos y algunos alcoholes (excepto metanol), algunas acetonas, algunos solventes (excepto cloruro de metileno, tetrafluoretileno, propionaldeh\u00eddo y otros), etc. Aprobado por NIOSH contra no m\u00e1s de 1000 p.p.m de ciertos vapores org\u00e1nicos. Se usa con los respiradores de media cara y cara completa 3M con soporte de filtro de bayoneta.<\/p>\n<p>&nbsp;<\/p>\n","protected":false},"excerpt":{"rendered":"<ul>\n<li>Cartucho Vapores Org\u00e1nicos 6001 3M<\/li>\n<li>Estructura de poliestireno con contenido de carb\u00f3n activado<\/li>\n<li>Una mayor eficiencia en la retenci\u00f3n de gases y vapores por el alto desempe\u00f1o absorbente del carb\u00f3n activado<\/li>\n<li>Protecci\u00f3n confiable, cumple con las aprobaciones de NIOSH para retenci\u00f3n de vapores<\/li>\n<li>F\u00e1cil respiraci\u00f3n, mayor comodidad para el usuario<\/li>\n<li>F\u00e1cil y r\u00e1pida instalaci\u00f3n gracias a su conexi\u00f3n tipo bayoneta<\/li>\n<li>Dise\u00f1o trapezoidal de bajo perfil facilitando una mejor visibilidad para el usuario<\/li>\n<\/ul>\n<p>Ficha T\u00e9cnica:<\/p>\n<p><a href=\"http:\/\/www.articulosdeseguridad.com.co\/wp-content\/uploads\/2016\/03\/Cartuchos-linea-6000.pdf\">Cartuchos linea 6000<\/a><\/p>\n","protected":false},"featured_media":7141,"comment_status":"open","ping_status":"closed","template":"","meta":{"_acf_changed":false},"product_brand":[],"product_cat":[99,90,171],"product_tag":[268,341,340],"class_list":{"0":"post-2651","1":"product","2":"type-product","3":"status-publish","4":"has-post-thumbnail","6":"product_cat-filtros-cartuchos","7":"product_cat-proteccion-respiratoria","8":"product_cat-vapores-organicos","9":"product_tag-3m","10":"product_tag-cartuchos-gases-acidos","11":"product_tag-cartuchos-vapores-organicos","13":"first","14":"instock","15":"sold-individually","16":"taxable","17":"shipping-taxable","18":"purchasable","19":"product-type-simple"},"acf":[],"aioseo_notices":[],"_links":{"self":[{"href":"https:\/\/www.articulosdeseguridad.com.co\/index.php\/wp-json\/wp\/v2\/product\/2651","targetHints":{"allow":["GET"]}}],"collection":[{"href":"https:\/\/www.articulosdeseguridad.com.co\/index.php\/wp-json\/wp\/v2\/product"}],"about":[{"href":"https:\/\/www.articulosdeseguridad.com.co\/index.php\/wp-json\/wp\/v2\/types\/product"}],"replies":[{"embeddable":true,"href":"https:\/\/www.articulosdeseguridad.com.co\/index.php\/wp-json\/wp\/v2\/comments?post=2651"}],"wp:featuredmedia":[{"embeddable":true,"href":"https:\/\/www.articulosdeseguridad.com.co\/index.php\/wp-json\/wp\/v2\/media\/7141"}],"wp:attachment":[{"href":"https:\/\/www.articulosdeseguridad.com.co\/index.php\/wp-json\/wp\/v2\/media?parent=2651"}],"wp:term":[{"taxonomy":"product_brand","embeddable":true,"href":"https:\/\/www.articulosdeseguridad.com.co\/index.php\/wp-json\/wp\/v2\/product_brand?post=2651"},{"taxonomy":"product_cat","embeddable":true,"href":"https:\/\/www.articulosdeseguridad.com.co\/index.php\/wp-json\/wp\/v2\/product_cat?post=2651"},{"taxonomy":"product_tag","embeddable":true,"href":"https:\/\/www.articulosdeseguridad.com.co\/index.php\/wp-json\/wp\/v2\/product_tag?post=2651"}],"curies":[{"name":"wp","href":"https:\/\/api.w.org\/{rel}","templated":true}]}}