{"id":2717,"date":"2016-03-19T14:30:08","date_gmt":"2016-03-19T14:30:08","guid":{"rendered":"https:\/\/demo2.chethemes.com\/electro\/?post_type=product&#038;p=2717"},"modified":"2023-03-07T18:26:13","modified_gmt":"2023-03-07T23:26:13","slug":"orejeras-peltor-h10p3e-3m-adaptables-a-casco","status":"publish","type":"product","link":"https:\/\/www.articulosdeseguridad.com.co\/index.php\/product\/orejeras-peltor-h10p3e-3m-adaptables-a-casco\/","title":{"rendered":"Protector Auditivo Peltor H10P3E 3M"},"content":{"rendered":"<p><img fetchpriority=\"high\" decoding=\"async\" class=\"size-medium wp-image-6182 alignleft\" src=\"http:\/\/www.articulosdeseguridad.com.co\/wp-content\/uploads\/2016\/03\/H10P33-3M1-300x275.jpg\" alt=\"\" width=\"300\" height=\"275\" srcset=\"https:\/\/www.articulosdeseguridad.com.co\/wp-content\/uploads\/2016\/03\/H10P33-3M1-300x275.jpg 300w, https:\/\/www.articulosdeseguridad.com.co\/wp-content\/uploads\/2016\/03\/H10P33-3M1-600x550.jpg 600w, https:\/\/www.articulosdeseguridad.com.co\/wp-content\/uploads\/2016\/03\/H10P33-3M1.jpg 720w\" sizes=\"(max-width: 300px) 100vw, 300px\" \/><\/p>\n<h2>Protector Auditivo Peltor H10P3E 3M<\/h2>\n<p>Los protectores auditivos PELTOR tipo Orejeras est\u00e1n dise\u00f1ados para proveer efectiva protecci\u00f3n contra ruido cuando se usan de acuerdo con las instrucciones de colocaci\u00f3n y se aplican los criterios para la selecci\u00f3n de equipos de protecci\u00f3n auditiva.\u00a0Las orejeras PELTOR modelo OPTIME son fabricadas con materiales hipoalerg\u00e9nicos y de muy bajo peso, brindando una efectiva e higi\u00e9nica protecci\u00f3n a los trabajadores que se desempe\u00f1an en \u00e1reas donde los niveles de ruido alcanzan hasta 105dB por jornada de trabajo.<\/p>\n<p>La tasa de reducci\u00f3n de ruido (NRR) de la Orejera Peltor H10P3E (Optime 105 Adaptable a Casco), es de 27dB, por lo que est\u00e1 sugerida para los entornos de ruido m\u00e1s exigentes.<\/p>\n<p>El dise\u00f1o de la copa cubre a satisfacci\u00f3n el o\u00eddo externo del usuario, y en conjunto con sus almohadillas y espuma interior brindan un mejor sellado (a\u00fan con lentes), y brindan mayor comodidad.<\/p>\n","protected":false},"excerpt":{"rendered":"<p>\u2022 Arco de acero inoxidable con conector para la gran mayor\u00eda de cascos de seguridad.<br \/>\n\u2022 Longitud ajustable de los brazos del arco; y copas pivotantes para mayor compatibilidad, seguridad y comodidad.<br \/>\n\u2022 NRR: 27dB. Indicaci\u00f3n del m\u00e1ximo nivel de exposici\u00f3n de ruido (105dB) en las copas.<br \/>\n\u2022 Copas de ABS; cubierta de almohadilla de PVC, y espuma de poliuretano.<br \/>\n\u2022 Disponibles en versi\u00f3n Diel\u00e9ctrica con el c\u00f3digo H10P3E-01.<\/p>\n<p><strong>Aprobaciones<\/strong><\/p>\n<p>Las Orejeras Peltor cumplen con la norma ANSI S3.19-1974 sobre protecci\u00f3n de la audici\u00f3n<\/p>\n<p><strong><a href=\"http:\/\/www.articulosdeseguridad.com.co\/wp-content\/uploads\/woocommerce_uploads\/2016\/03\/3M-Peltor-105_H10P3E.pdf\">Ficha T\u00e9cnica<\/a><\/strong><\/p>\n","protected":false},"featured_media":6182,"comment_status":"open","ping_status":"closed","template":"","meta":{"_acf_changed":false},"product_brand":[],"product_cat":[139,104],"product_tag":[268,265,267,269,266],"class_list":{"0":"post-2717","1":"product","2":"type-product","3":"status-publish","4":"has-post-thumbnail","6":"product_cat-insercion-casco","7":"product_cat-proteccion-auditiva","8":"product_tag-3m","9":"product_tag-auditivo-para-casco","10":"product_tag-peltor-h10p3e","11":"product_tag-proteccion-auditiva","12":"product_tag-protector-auditivo-tipo-copa","14":"first","15":"instock","16":"downloadable","17":"taxable","18":"shipping-taxable","19":"purchasable","20":"product-type-simple"},"acf":[],"aioseo_notices":[],"_links":{"self":[{"href":"https:\/\/www.articulosdeseguridad.com.co\/index.php\/wp-json\/wp\/v2\/product\/2717","targetHints":{"allow":["GET"]}}],"collection":[{"href":"https:\/\/www.articulosdeseguridad.com.co\/index.php\/wp-json\/wp\/v2\/product"}],"about":[{"href":"https:\/\/www.articulosdeseguridad.com.co\/index.php\/wp-json\/wp\/v2\/types\/product"}],"replies":[{"embeddable":true,"href":"https:\/\/www.articulosdeseguridad.com.co\/index.php\/wp-json\/wp\/v2\/comments?post=2717"}],"wp:featuredmedia":[{"embeddable":true,"href":"https:\/\/www.articulosdeseguridad.com.co\/index.php\/wp-json\/wp\/v2\/media\/6182"}],"wp:attachment":[{"href":"https:\/\/www.articulosdeseguridad.com.co\/index.php\/wp-json\/wp\/v2\/media?parent=2717"}],"wp:term":[{"taxonomy":"product_brand","embeddable":true,"href":"https:\/\/www.articulosdeseguridad.com.co\/index.php\/wp-json\/wp\/v2\/product_brand?post=2717"},{"taxonomy":"product_cat","embeddable":true,"href":"https:\/\/www.articulosdeseguridad.com.co\/index.php\/wp-json\/wp\/v2\/product_cat?post=2717"},{"taxonomy":"product_tag","embeddable":true,"href":"https:\/\/www.articulosdeseguridad.com.co\/index.php\/wp-json\/wp\/v2\/product_tag?post=2717"}],"curies":[{"name":"wp","href":"https:\/\/api.w.org\/{rel}","templated":true}]}}