{"id":2719,"date":"2016-03-19T14:32:56","date_gmt":"2016-03-19T14:32:56","guid":{"rendered":"https:\/\/demo2.chethemes.com\/electro\/?post_type=product&#038;p=2719"},"modified":"2021-06-09T19:44:05","modified_gmt":"2021-06-09T19:44:05","slug":"arnes-multiproposito-trabajo-en-alturas-marca-3m-first","status":"publish","type":"product","link":"https:\/\/www.articulosdeseguridad.com.co\/index.php\/product\/arnes-multiproposito-trabajo-en-alturas-marca-3m-first\/","title":{"rendered":"Arn\u00e9s Multiprop\u00f3sito 4 argollas 3M First"},"content":{"rendered":"<p><img fetchpriority=\"high\" decoding=\"async\" class=\"size-medium wp-image-9256 alignleft\" src=\"http:\/\/www.articulosdeseguridad.com.co\/wp-content\/uploads\/2016\/03\/1170193-3mW1-300x275.jpg\" alt=\"\" width=\"300\" height=\"275\" srcset=\"https:\/\/www.articulosdeseguridad.com.co\/wp-content\/uploads\/2016\/03\/1170193-3mW1-300x275.jpg 300w, https:\/\/www.articulosdeseguridad.com.co\/wp-content\/uploads\/2016\/03\/1170193-3mW1-600x550.jpg 600w, https:\/\/www.articulosdeseguridad.com.co\/wp-content\/uploads\/2016\/03\/1170193-3mW1.jpg 720w\" sizes=\"(max-width: 300px) 100vw, 300px\" \/><\/p>\n<p>El arn\u00e9s de cuerpo entero es usado como un componente de un sistema personal de detenci\u00f3n de ca\u00eddas. Para las aplicaciones de detenci\u00f3n de ca\u00eddas, utilice la argolla o el elemento de conexi\u00f3n en la espalda, entre los om\u00f3platos. La argolla debe quedar ubicada dentro del \u00e1rea que se muestra en la figura 1, en caso contrario se debe revisar la talla o los ajustes del arn\u00e9s.<\/p>\n<p>Despu\u00e9s de una ca\u00edda la posici\u00f3n resultante del cuerpo ser\u00e1 vertical con una ligera inclinaci\u00f3n hacia el frente, el usuario sentir\u00e1 una ligera presi\u00f3n sobre la parte inferior del pecho. Esta argolla puede ser utilizada para restricci\u00f3n de desplazamiento o rescate. El sistema debe incluir un arn\u00e9s de cuerpo entero y un subsistema de conexi\u00f3n (eslinga con absorbedor de energ\u00eda).<\/p>\n<p>La fuerza m\u00e1xima de detenci\u00f3n de ca\u00edda no debe exceder. 8 kN (900 lb). No debe permitir que el \u00e1ngulo de reposo despu\u00e9s de una eventual ca\u00edda supere los 30\u00b0 de inclinaci\u00f3n con respecto a la vertical.<\/p>\n<p><strong>Uso:<\/strong>\u00a0Elemento parte de un sistema personal de detenci\u00f3n de ca\u00eddas. Posee argolla dorsal para restricci\u00f3n y detenci\u00f3n de ca\u00eddas, argollas de cadera (laterales) para posicionamiento y argolla esternal para detenci\u00f3n de ca\u00eddas limitada, restricci\u00f3n de desplazamiento o rescate.<\/p>\n<p><strong>Certificaci\u00f3n:<\/strong>\u00a0Todas las partes que componen el arn\u00e9s y el conjunto son evaluadas en nuestro Laboratorio acreditado bajo norma ISO 17025, para ensayos de arneses con ANSI\/ASSE Z359.11 \u2013 2014<\/p>\n<p>Detenci\u00f3n de ca\u00eddas (Argolla dorsal en D)<\/p>\n","protected":false},"excerpt":{"rendered":"<ul>\n<li>Posee 4 argollas en D.<\/li>\n<li>Indicador de impacto integrado<\/li>\n<li>Dise\u00f1o en \u201cV\u201d para mayor comodidad<\/li>\n<li>Elaborado con herrajes met\u00e1licos y hebillas de conexi\u00f3n de atravesado inspeccionados y probados 100% a 3600 lb (16 kN) de alta resistencia a la tensi\u00f3n de rotura y alta resistencia a la corrosi\u00f3n<\/li>\n<li>Costura fabricada en hilo poli\u00e9ster de alta resistencia y de color diferente a la reata para mayor visibilidad, facilitar su identificaci\u00f3n e inspecci\u00f3n.<\/li>\n<li>Dise\u00f1ado para suministrar confort al usuario<\/li>\n<li>Arn\u00e9s avalado de acuerdo con norma elemento por elemento, en conjunto en prueba din\u00e1mica (simulando ca\u00edda cabeza y ca\u00edda de pie) y est\u00e1tica de acuerdo a los requisitos de la norma.<\/li>\n<\/ul>\n<p>Ficha T\u00e9cnica<\/p>\n<p><a href=\"http:\/\/www.articulosdeseguridad.com.co\/wp-content\/uploads\/woocommerce_uploads\/2016\/03\/Arn\u00e9s-Multiprop\u00f3sito-Firts-Partner1170193.pdf\" target=\"_blank\" rel=\"noopener noreferrer\">Arn\u00e9s Multiprop\u00f3sito Firts Partner1170193<\/a><\/p>\n","protected":false},"featured_media":9256,"comment_status":"open","ping_status":"closed","template":"","meta":{"_acf_changed":false},"product_brand":[],"product_cat":[142,226],"product_tag":[289,285,282,286,287,288,283,284,281,235],"class_list":{"0":"post-2719","1":"product","2":"type-product","3":"status-publish","4":"has-post-thumbnail","6":"product_cat-arneses-multproposito","7":"product_cat-proteccion-contra-caidas","8":"product_tag-arnes-4-argollas","9":"product_tag-arnes-armadura","10":"product_tag-arnes-arseg","11":"product_tag-arnes-epi","12":"product_tag-arnes-in-safe","13":"product_tag-arnes-multiproposito","14":"product_tag-arnes-protecta","15":"product_tag-arnes-steelpro","16":"product_tag-proteccion-caidas","17":"product_tag-trabajo-en-alturas","19":"first","20":"outofstock","21":"downloadable","22":"taxable","23":"shipping-taxable","24":"product-type-simple"},"acf":[],"aioseo_notices":[],"_links":{"self":[{"href":"https:\/\/www.articulosdeseguridad.com.co\/index.php\/wp-json\/wp\/v2\/product\/2719","targetHints":{"allow":["GET"]}}],"collection":[{"href":"https:\/\/www.articulosdeseguridad.com.co\/index.php\/wp-json\/wp\/v2\/product"}],"about":[{"href":"https:\/\/www.articulosdeseguridad.com.co\/index.php\/wp-json\/wp\/v2\/types\/product"}],"replies":[{"embeddable":true,"href":"https:\/\/www.articulosdeseguridad.com.co\/index.php\/wp-json\/wp\/v2\/comments?post=2719"}],"wp:featuredmedia":[{"embeddable":true,"href":"https:\/\/www.articulosdeseguridad.com.co\/index.php\/wp-json\/wp\/v2\/media\/9256"}],"wp:attachment":[{"href":"https:\/\/www.articulosdeseguridad.com.co\/index.php\/wp-json\/wp\/v2\/media?parent=2719"}],"wp:term":[{"taxonomy":"product_brand","embeddable":true,"href":"https:\/\/www.articulosdeseguridad.com.co\/index.php\/wp-json\/wp\/v2\/product_brand?post=2719"},{"taxonomy":"product_cat","embeddable":true,"href":"https:\/\/www.articulosdeseguridad.com.co\/index.php\/wp-json\/wp\/v2\/product_cat?post=2719"},{"taxonomy":"product_tag","embeddable":true,"href":"https:\/\/www.articulosdeseguridad.com.co\/index.php\/wp-json\/wp\/v2\/product_tag?post=2719"}],"curies":[{"name":"wp","href":"https:\/\/api.w.org\/{rel}","templated":true}]}}