{"id":2858,"date":"2016-03-25T06:25:48","date_gmt":"2016-03-25T06:25:48","guid":{"rendered":"https:\/\/demo2.chethemes.com\/electro\/product\/external-ssd-usb-3-1-750-gb-copy\/"},"modified":"2026-03-21T12:53:27","modified_gmt":"2026-03-21T17:53:27","slug":"auditivo-h9p3e-optime-3m","status":"publish","type":"product","link":"https:\/\/www.articulosdeseguridad.com.co\/index.php\/product\/auditivo-h9p3e-optime-3m\/","title":{"rendered":"Auditivo H9P3E Optime 3M"},"content":{"rendered":"<figure id=\"attachment_7745\" aria-describedby=\"caption-attachment-7745\" style=\"width: 300px\" class=\"wp-caption alignleft\"><img fetchpriority=\"high\" decoding=\"async\" class=\"wp-image-7745 size-medium\" src=\"http:\/\/www.articulosdeseguridad.com.co\/wp-content\/uploads\/2016\/03\/H9P3E-3MW3-300x275.jpg\" alt=\"Auditivo H9P3E Optime 3M\" width=\"300\" height=\"275\" srcset=\"https:\/\/www.articulosdeseguridad.com.co\/wp-content\/uploads\/2016\/03\/H9P3E-3MW3-300x275.jpg 300w, https:\/\/www.articulosdeseguridad.com.co\/wp-content\/uploads\/2016\/03\/H9P3E-3MW3-600x550.jpg 600w, https:\/\/www.articulosdeseguridad.com.co\/wp-content\/uploads\/2016\/03\/H9P3E-3MW3.jpg 720w\" sizes=\"(max-width: 300px) 100vw, 300px\" \/><figcaption id=\"caption-attachment-7745\" class=\"wp-caption-text\">Auditivo H9P3E Optime 3M<\/figcaption><\/figure>\n<h1>Auditivo H9P3E Optime 3M<\/h1>\n<p>Auditivo H9P3E Optime 3M, ofrece protecci\u00f3n en ambientes de trabajo con niveles de ruido superiores a 85 dB. Las copas para ajuste al casco estan acopladas ac\u00fasticamente lo que minimiza la resonancia y resulta en un super atenuador que brinda protecci\u00f3n efectiva contra ruido extremo.<\/p>\n<p>&nbsp;<\/p>\n","protected":false},"excerpt":{"rendered":"<ul>\n<li>Auditivo H9P3E Optime 3M<\/li>\n<li>Copas fabricadas en pl\u00e1stico ABS<\/li>\n<li>Cubiertas de las almohadilla fabricada en PVC<\/li>\n<li>Medio absorbente fabricado en Poliuretano<\/li>\n<\/ul>\n<p>Ficha T\u00e9cnica<\/p>\n<p><a href=\"http:\/\/www.articulosdeseguridad.com.co\/wp-content\/uploads\/2016\/03\/Peltor-H9P3E.pdf\" target=\"_blank\" rel=\"noopener noreferrer\">Peltor H9P3E<\/a><\/p>\n","protected":false},"featured_media":7745,"comment_status":"open","ping_status":"closed","template":"","meta":{"_acf_changed":false},"product_brand":[],"product_cat":[139,104],"product_tag":[268,474,360,358,359],"class_list":{"0":"post-2858","1":"product","2":"type-product","3":"status-publish","4":"has-post-thumbnail","6":"product_cat-insercion-casco","7":"product_cat-proteccion-auditiva","8":"product_tag-3m","9":"product_tag-optime-h9p3e","10":"product_tag-peltor","11":"product_tag-protector-auditivo","12":"product_tag-tipo-diadema","14":"first","15":"instock","16":"downloadable","17":"taxable","18":"shipping-taxable","19":"purchasable","20":"product-type-simple"},"acf":[],"aioseo_notices":[],"_links":{"self":[{"href":"https:\/\/www.articulosdeseguridad.com.co\/index.php\/wp-json\/wp\/v2\/product\/2858","targetHints":{"allow":["GET"]}}],"collection":[{"href":"https:\/\/www.articulosdeseguridad.com.co\/index.php\/wp-json\/wp\/v2\/product"}],"about":[{"href":"https:\/\/www.articulosdeseguridad.com.co\/index.php\/wp-json\/wp\/v2\/types\/product"}],"replies":[{"embeddable":true,"href":"https:\/\/www.articulosdeseguridad.com.co\/index.php\/wp-json\/wp\/v2\/comments?post=2858"}],"wp:featuredmedia":[{"embeddable":true,"href":"https:\/\/www.articulosdeseguridad.com.co\/index.php\/wp-json\/wp\/v2\/media\/7745"}],"wp:attachment":[{"href":"https:\/\/www.articulosdeseguridad.com.co\/index.php\/wp-json\/wp\/v2\/media?parent=2858"}],"wp:term":[{"taxonomy":"product_brand","embeddable":true,"href":"https:\/\/www.articulosdeseguridad.com.co\/index.php\/wp-json\/wp\/v2\/product_brand?post=2858"},{"taxonomy":"product_cat","embeddable":true,"href":"https:\/\/www.articulosdeseguridad.com.co\/index.php\/wp-json\/wp\/v2\/product_cat?post=2858"},{"taxonomy":"product_tag","embeddable":true,"href":"https:\/\/www.articulosdeseguridad.com.co\/index.php\/wp-json\/wp\/v2\/product_tag?post=2858"}],"curies":[{"name":"wp","href":"https:\/\/api.w.org\/{rel}","templated":true}]}}